{"id":788,"date":"2015-06-05T10:53:39","date_gmt":"2015-06-05T10:53:39","guid":{"rendered":"https:\/\/xerograf.pl\/?post_type=product&#038;p=788"},"modified":"2019-11-17T17:19:34","modified_gmt":"2019-11-17T17:19:34","slug":"develop-ineo-554e-modul-glowny-bez-tonerowdo-instal-przez-serwis","status":"publish","type":"product","link":"https:\/\/xerograf.pl\/?product=develop-ineo-554e-modul-glowny-bez-tonerowdo-instal-przez-serwis","title":{"rendered":"DEVELOP ineo +554e \/Kolor\/"},"content":{"rendered":"<p><script src=\"\/Lib\/Client\/overlib.js\" type=\"text\/javascript\"><\/script><script src=\"\/Lib\/Client\/overlib_ajax.js\" type=\"text\/javascript\"><\/script><script src=\"\/Lib\/Client\/jquery-1.9.1.min.js\" type=\"text\/javascript\"><\/script><script src=\"\/Lib\/Client\/jquery.colorbox.js\" type=\"text\/javascript\"><\/script><script type=\"text\/javascript\">\/\/ <![CDATA[ $(function () { $(\"a[rel='pgal']\").colorbox({photo:true, opacity: 0.75,title: ''}); $(\".PhotoFrame li\").hide().eq(0).show(); } ); function changePhoto(nr) { $(\".PhotoFrame li:visible\").hide(); $(\".PhotoFrame li\").eq(nr).fadeIn(\"fast\"); } \/\/ ]]><\/script><script src=\"\/Lib\/Client\/MathValidate.js\" type=\"text\/javascript\" language=\"javascript\"><\/script><\/p>\n<table width=\"90%\">\n<tbody>\n<tr>\n<td colspan=\"2\" valign=\"top\">\n<table class=\"AttrDTable\" width=\"100%\" cellspacing=\"0\" cellpadding=\"0\">\n<tbody>\n<tr class=\"AttrDAltRow\">\n<td class=\"AttrDTypeName\">Technologia druku<\/td>\n<td class=\"AttrDValue\">Laserowa\u00a0modu\u0142 g\u0142\u00f3wny (do instal. przez serwis)<\/td>\n<\/tr>\n<tr class=\"AttrDRow\">\n<td class=\"AttrDTypeName\">Podstawowe funkcje urz\u0105dzenia<\/td>\n<td class=\"AttrDValue\">\n<ul>\n<li>drukarka<\/li>\n<li>Kopiarka<\/li>\n<li>Skaner<\/li>\n<\/ul>\n<\/td>\n<\/tr>\n<tr class=\"AttrDAltRow\">\n<td class=\"AttrDTypeName\">Opcjonalne funkcje urz\u0105dzenia<\/td>\n<td class=\"AttrDValue\">Faks<\/td>\n<\/tr>\n<tr class=\"AttrDRow\">\n<td class=\"AttrDTypeName\">Maksymalna szybko\u015b\u0107 druku (mono)<\/td>\n<td class=\"AttrDValue\">55 str.\/min.<\/td>\n<\/tr>\n<tr class=\"AttrDAltRow\">\n<td class=\"AttrDTypeName\">Druk w kolorze<\/td>\n<td class=\"AttrDValue\">Tak<\/td>\n<\/tr>\n<tr class=\"AttrDRow\">\n<td class=\"AttrDTypeName\">Maksymalna szybko\u015b\u0107 druku (kolor)<\/td>\n<td class=\"AttrDValue\">55 str.\/min.<\/td>\n<\/tr>\n<tr class=\"AttrDAltRow\">\n<td class=\"AttrDTypeName\">\u015arednia wydajno\u015b\u0107<\/td>\n<td class=\"AttrDValue\">0-30000 stron miesi\u0119cznie<\/td>\n<\/tr>\n<tr class=\"AttrDRow\">\n<td class=\"AttrDTypeName\">Maksymalna wydajno\u015b\u0107<\/td>\n<td class=\"AttrDValue\">200000 stron miesi\u0119cznie<\/td>\n<\/tr>\n<tr class=\"AttrDAltRow\">\n<td class=\"AttrDTypeName\">Czas nagrzewania<\/td>\n<td class=\"AttrDValue\">22 s<\/td>\n<\/tr>\n<tr class=\"AttrDRow\">\n<td class=\"AttrDTypeName\">Wy\u015bwietlacz LCD<\/td>\n<td class=\"AttrDValue\">Tak<\/td>\n<\/tr>\n<tr class=\"AttrDAltRow\">\n<td class=\"AttrDTypeName\">Typ wy\u015bwietlacza LCD<\/td>\n<td class=\"AttrDValue\">\n<ul>\n<li>Kolorowy wy\u015bwietlacz<\/li>\n<li>Ekran dotykowy<\/li>\n<\/ul>\n<\/td>\n<\/tr>\n<tr class=\"AttrDAltRow\">\n<td class=\"AttrDCategory\" colspan=\"2\">Interfejsy \/ Komunikacja<\/td>\n<\/tr>\n<tr class=\"AttrDRow\">\n<td class=\"AttrDTypeName\">Z\u0142\u0105cze zewn\u0119trzne<\/td>\n<td class=\"AttrDValue\">\n<ul>\n<li>1 x USB 2.0<\/li>\n<li>1x RJ-45 (GigabitEthernet 10\/100\/1000)<\/li>\n<\/ul>\n<\/td>\n<\/tr>\n<tr class=\"AttrDAltRow\">\n<td class=\"AttrDTypeName\">Karta sieciowa (LAN)<\/td>\n<td class=\"AttrDValue\">Tak<\/td>\n<\/tr>\n<tr class=\"AttrDRow\">\n<td class=\"AttrDTypeName\">Karta sieciowa (LAN\/GBLAN)<\/td>\n<td class=\"AttrDValue\">10\/100\/1000<\/td>\n<\/tr>\n<tr class=\"AttrDAltRow\">\n<td class=\"AttrDTypeName\">Bezprzewodowa karta sieciowa<\/td>\n<td class=\"AttrDValue\">Nie<\/td>\n<\/tr>\n<tr class=\"AttrDAltRow\">\n<td class=\"AttrDCategory\" colspan=\"2\">Obs\u0142uga papieru \/ no\u015bniki<\/td>\n<\/tr>\n<tr class=\"AttrDRow\">\n<td class=\"AttrDTypeName\">Maksymalny rozmiar papieru<\/td>\n<td class=\"AttrDValue\">\n<ul>\n<li>A3+<\/li>\n<li>A3<\/li>\n<\/ul>\n<\/td>\n<\/tr>\n<tr class=\"AttrDAltRow\">\n<td class=\"AttrDTypeName\">Obs\u0142ugiwane rozmiary papieru<\/td>\n<td class=\"AttrDValue\">\n<ul>\n<li>papier A3+<\/li>\n<li>papier A3<\/li>\n<li>papier A4<\/li>\n<li>papier A5<\/li>\n<li>papier B5<\/li>\n<\/ul>\n<\/td>\n<\/tr>\n<tr class=\"AttrDRow\">\n<td class=\"AttrDTypeName\">Gramatura papieru<\/td>\n<td class=\"AttrDValue\">52-300 g\/m2<\/td>\n<\/tr>\n<tr class=\"AttrDAltRow\">\n<td class=\"AttrDTypeName\">Standardowa pojemno\u015b\u0107 podajnik\u00f3w papieru<\/td>\n<td class=\"AttrDValue\">1150 szt.<\/td>\n<\/tr>\n<tr class=\"AttrDRow\">\n<td class=\"AttrDTypeName\">Maks. pojemno\u015b\u0107 podajnik\u00f3w papieru<\/td>\n<td class=\"AttrDValue\">6650 szt.<\/td>\n<\/tr>\n<tr class=\"AttrDAltRow\">\n<td class=\"AttrDTypeName\">Pojemno\u015b\u0107 tacy odbiorczej<\/td>\n<td class=\"AttrDValue\">250 szt.<\/td>\n<\/tr>\n<tr class=\"AttrDRow\">\n<td class=\"AttrDTypeName\">Automatyczny podajnik dokument\u00f3w<\/td>\n<td class=\"AttrDValue\">Tak DADF<\/td>\n<\/tr>\n<tr class=\"AttrDAltRow\">\n<td class=\"AttrDTypeName\">Pojemno\u015b\u0107 podajnika dokument\u00f3w<\/td>\n<td class=\"AttrDValue\">100 szt.<\/td>\n<\/tr>\n<tr class=\"AttrDRow\">\n<td class=\"AttrDTypeName\">Gramatura papieru obs\u0142ugiwana w ADF<\/td>\n<td class=\"AttrDValue\">35-163 g\/m2<\/td>\n<\/tr>\n<tr class=\"AttrDAltRow\">\n<td class=\"AttrDTypeName\">Dupleks<\/td>\n<td class=\"AttrDValue\">Tak<\/td>\n<\/tr>\n<tr class=\"AttrDRow\">\n<td class=\"AttrDTypeName\">Format papieru obs\u0142ugiwanego w dupleksie<\/td>\n<td class=\"AttrDValue\">\n<ul>\n<li>papier A3<\/li>\n<li>papier A4<\/li>\n<li>papier A5<\/li>\n<\/ul>\n<\/td>\n<\/tr>\n<tr class=\"AttrDAltRow\">\n<td class=\"AttrDTypeName\">Gramatura papieru obs\u0142ugiwanego w dupleksie<\/td>\n<td class=\"AttrDValue\">52-256 g\/m2<\/td>\n<\/tr>\n<tr class=\"AttrDAltRow\">\n<td class=\"AttrDCategory\" colspan=\"2\">Pami\u0119\u0107<\/td>\n<\/tr>\n<tr class=\"AttrDRow\">\n<td class=\"AttrDTypeName\">Zainstalowana pami\u0119\u0107<\/td>\n<td class=\"AttrDValue\">2 GB<\/td>\n<\/tr>\n<tr class=\"AttrDAltRow\">\n<td class=\"AttrDTypeName\">Maksymalna wielko\u015b\u0107 pami\u0119ci<\/td>\n<td class=\"AttrDValue\">4 GB<\/td>\n<\/tr>\n<tr class=\"AttrDRow\">\n<td class=\"AttrDTypeName\">Dysk twardy<\/td>\n<td class=\"AttrDValue\">Tak<\/td>\n<\/tr>\n<tr class=\"AttrDAltRow\">\n<td class=\"AttrDTypeName\">Pojemno\u015b\u0107 dysku &#8211; zainstalowanego<\/td>\n<td class=\"AttrDValue\">250 GB<\/td>\n<\/tr>\n<tr class=\"AttrDRow\">\n<td class=\"AttrDTypeName\">Wbudowany czytnik kart pami\u0119ci<\/td>\n<td class=\"AttrDValue\">Nie<\/td>\n<\/tr>\n<tr class=\"AttrDRow\">\n<td class=\"AttrDCategory\" colspan=\"2\">Specyfikacja drukarki<\/td>\n<\/tr>\n<tr class=\"AttrDAltRow\">\n<td class=\"AttrDTypeName\">Rozdzielczo\u015b\u0107 w poziomie (mono)<\/td>\n<td class=\"AttrDValue\">1800 dpi<\/td>\n<\/tr>\n<tr class=\"AttrDRow\">\n<td class=\"AttrDTypeName\">Rozdzielczo\u015b\u0107 w pionie (mono)<\/td>\n<td class=\"AttrDValue\">600 dpi<\/td>\n<\/tr>\n<tr class=\"AttrDAltRow\">\n<td class=\"AttrDTypeName\">Rozdzielczo\u015b\u0107 w poziomie (kolor)<\/td>\n<td class=\"AttrDValue\">1200 dpi<\/td>\n<\/tr>\n<tr class=\"AttrDRow\">\n<td class=\"AttrDTypeName\">Rozdzielczo\u015b\u0107 w pionie (kolor)<\/td>\n<td class=\"AttrDValue\">1200 dpi<\/td>\n<\/tr>\n<tr class=\"AttrDAltRow\">\n<td class=\"AttrDTypeName\">Pr\u0119dko\u015b\u0107 procesora<\/td>\n<td class=\"AttrDValue\">800 MHz<\/td>\n<\/tr>\n<tr class=\"AttrDRow\">\n<td class=\"AttrDTypeName\">Drukowanie sieciowe<\/td>\n<td class=\"AttrDValue\">Tak<\/td>\n<\/tr>\n<tr class=\"AttrDAltRow\">\n<td class=\"AttrDTypeName\">Emulacje<\/td>\n<td class=\"AttrDValue\">\n<ul>\n<li>PCL 6<\/li>\n<li>PostScript Level 3<\/li>\n<li>XPS<\/li>\n<li>PCL 5e<\/li>\n<\/ul>\n<\/td>\n<\/tr>\n<tr class=\"AttrDRow\">\n<td class=\"AttrDTypeName\">Drukowanie z USB<\/td>\n<td class=\"AttrDValue\">Tak<\/td>\n<\/tr>\n<tr class=\"AttrDRow\">\n<td class=\"AttrDCategory\" colspan=\"2\">Specyfikacja skanera<\/td>\n<\/tr>\n<tr class=\"AttrDAltRow\">\n<td class=\"AttrDTypeName\">Typ skanera<\/td>\n<td class=\"AttrDValue\">\n<ul>\n<li>Automatyczny Podajnik Papieru<\/li>\n<li>Dupleks<\/li>\n<li>kolorowy<\/li>\n<li>stolikowy<\/li>\n<\/ul>\n<\/td>\n<\/tr>\n<tr class=\"AttrDRow\">\n<td class=\"AttrDTypeName\">Maksymalna pr\u0119dko\u015b\u0107 skanowania (mono)<\/td>\n<td class=\"AttrDValue\">160 str.\/min.<\/td>\n<\/tr>\n<tr class=\"AttrDAltRow\">\n<td class=\"AttrDTypeName\">Maksymalna pr\u0119dko\u015b\u0107 skanowania (kolor)<\/td>\n<td class=\"AttrDValue\">160 str.\/min.<\/td>\n<\/tr>\n<tr class=\"AttrDRow\">\n<td class=\"AttrDTypeName\">Optyczna rozdzielczo\u015b\u0107 skanowania<\/td>\n<td class=\"AttrDValue\">600 x 600 dpi<\/td>\n<\/tr>\n<tr class=\"AttrDAltRow\">\n<td class=\"AttrDTypeName\">Maksymalna rozdzielczo\u015b\u0107 skanowania<\/td>\n<td class=\"AttrDValue\">600 x 600 dpi<\/td>\n<\/tr>\n<tr class=\"AttrDRow\">\n<td class=\"AttrDTypeName\">Skanowanie sieciowe<\/td>\n<td class=\"AttrDValue\">Tak<\/td>\n<\/tr>\n<tr class=\"AttrDAltRow\">\n<td class=\"AttrDTypeName\">Tryby skanowania<\/td>\n<td class=\"AttrDValue\">\n<ul>\n<li>Skanowanie do poczty e-mail<\/li>\n<li>Skanowanie do FTP<\/li>\n<li>standardowy<\/li>\n<li>Skanowanie do pami\u0119ci USB<\/li>\n<li>Skanowanie do folderu sieciowego<\/li>\n<\/ul>\n<\/td>\n<\/tr>\n<tr class=\"AttrDRow\">\n<td class=\"AttrDTypeName\">Format plik\u00f3w<\/td>\n<td class=\"AttrDValue\">\n<ul>\n<li>JPEG<\/li>\n<li>PDF<\/li>\n<li>TIFF<\/li>\n<li>TXT<\/li>\n<li>PDF\/A<\/li>\n<\/ul>\n<\/td>\n<\/tr>\n<tr class=\"AttrDRow\">\n<td class=\"AttrDCategory\" colspan=\"2\">Specyfikacja kopiarki<\/td>\n<\/tr>\n<tr class=\"AttrDAltRow\">\n<td class=\"AttrDTypeName\">Czas wykonania pierwszej kopii &#8211; cz\/b<\/td>\n<td class=\"AttrDValue\">4,1 s<\/td>\n<\/tr>\n<tr class=\"AttrDRow\">\n<td class=\"AttrDTypeName\">Czas wykonania pierwszej kopii &#8211; kolor<\/td>\n<td class=\"AttrDValue\">4,6 s<\/td>\n<\/tr>\n<tr class=\"AttrDAltRow\">\n<td class=\"AttrDTypeName\">Maks. liczba kopii<\/td>\n<td class=\"AttrDValue\">9999 szt.<\/td>\n<\/tr>\n<tr class=\"AttrDRow\">\n<td class=\"AttrDTypeName\">Skalowanie<\/td>\n<td class=\"AttrDValue\">25-400 %<\/td>\n<\/tr>\n<tr class=\"AttrDAltRow\">\n<td class=\"AttrDTypeName\">Format orygina\u0142u<\/td>\n<td class=\"AttrDValue\">\n<ul>\n<li>papier A3<\/li>\n<li>papier A4<\/li>\n<li>papier A5<\/li>\n<\/ul>\n<\/td>\n<\/tr>\n<tr class=\"AttrDRow\">\n<td class=\"AttrDTypeName\">Skala szaro\u015bci<\/td>\n<td class=\"AttrDValue\">256 poziom\u00f3w<\/td>\n<\/tr>\n<tr class=\"AttrDRow\">\n<td class=\"AttrDCategory\" colspan=\"2\">Specyfikacja faksu<\/td>\n<\/tr>\n<tr class=\"AttrDAltRow\">\n<td class=\"AttrDTypeName\">Typ modemu<\/td>\n<td class=\"AttrDValue\">\n<ul>\n<li>G3<\/li>\n<li>Super 3G<\/li>\n<\/ul>\n<\/td>\n<\/tr>\n<tr class=\"AttrDRow\">\n<td class=\"AttrDTypeName\">Szybko\u015b\u0107 wysy\u0142ania danych (Upstream)<\/td>\n<td class=\"AttrDValue\">33,6 kB\/s<\/td>\n<\/tr>\n<tr class=\"AttrDAltRow\">\n<td class=\"AttrDTypeName\">Maksymalna rozdzielczo\u015b\u0107 faksu<\/td>\n<td class=\"AttrDValue\">600 dpi<\/td>\n<\/tr>\n<tr class=\"AttrDRow\">\n<td class=\"AttrDTypeName\">Tryby korekcji b\u0142\u0119d\u00f3w<\/td>\n<td class=\"AttrDValue\">\n<ul>\n<li>JBIG<\/li>\n<li>MH<\/li>\n<li>MMR<\/li>\n<li>MR<\/li>\n<\/ul>\n<\/td>\n<\/tr>\n<tr class=\"AttrDRow\">\n<td class=\"AttrDCategory\" colspan=\"2\">Pozosta\u0142e informacje<\/td>\n<\/tr>\n<tr class=\"AttrDAltRow\">\n<td class=\"AttrDTypeName\">Zainstalowane wyposa\u017cenie<\/td>\n<td class=\"AttrDValue\">\n<ul>\n<li>Podajnik na 500 arkuszy<\/li>\n<li>Podajnik na 500 arkuszy<\/li>\n<li>DADF (automatyczny podajnik dokument\u00f3w z duplexem) pojemno\u015b\u0107: 100 arkuszy<\/li>\n<li>Dupleks<\/li>\n<li>Dysk twardy 250 GB<\/li>\n<li>panel dotykowy<\/li>\n<\/ul>\n<\/td>\n<\/tr>\n<tr class=\"AttrDRow\">\n<td class=\"AttrDTypeName\">Dost\u0119pne wyposa\u017cenie opcjonalne<\/td>\n<td class=\"AttrDValue\">\n<ul>\n<li>Faks<\/li>\n<li>Zszywacz<\/li>\n<\/ul>\n<\/td>\n<\/tr>\n<tr class=\"AttrDAltRow\">\n<td class=\"AttrDTypeName\">Toner startowy<\/td>\n<td class=\"AttrDValue\">Nie<\/td>\n<\/tr>\n<tr class=\"AttrDRow\">\n<td class=\"AttrDTypeName\">Wydajno\u015b\u0107 toneru startowego &#8211; czarny<\/td>\n<td class=\"AttrDValue\">0 stron<\/td>\n<\/tr>\n<tr class=\"AttrDAltRow\">\n<td class=\"AttrDTypeName\">Wydajno\u015b\u0107 toneru startowego &#8211; kolor<\/td>\n<td class=\"AttrDValue\">0 stron<\/td>\n<\/tr>\n<tr class=\"AttrDRow\">\n<td class=\"AttrDTypeName\">Wydajno\u015b\u0107 toneru standardowego &#8211; czarny<\/td>\n<td class=\"AttrDValue\">27500 stron<\/td>\n<\/tr>\n<tr class=\"AttrDAltRow\">\n<td class=\"AttrDTypeName\">Wydajno\u015b\u0107 toneru standardowego &#8211; kolor<\/td>\n<td class=\"AttrDValue\">26000 stron<\/td>\n<\/tr>\n<tr class=\"AttrDRow\">\n<td class=\"AttrDTypeName\">\u017bywotno\u015b\u0107 b\u0119bna &#8211; czarny<\/td>\n<td class=\"AttrDValue\">135000 stron<\/td>\n<\/tr>\n<tr class=\"AttrDAltRow\">\n<td class=\"AttrDTypeName\">\u017bywotno\u015b\u0107 b\u0119bna &#8211; kolor<\/td>\n<td class=\"AttrDValue\">120000 stron<\/td>\n<\/tr>\n<tr class=\"AttrDRow\">\n<td class=\"AttrDTypeName\">Konta u\u017cytkownik\u00f3w<\/td>\n<td class=\"AttrDValue\">1000<\/td>\n<\/tr>\n<tr class=\"AttrDAltRow\">\n<td class=\"AttrDTypeName\">Obs\u0142ugiwane systemy operacyjne<\/td>\n<td class=\"AttrDValue\">\n<ul>\n<li>Linux<\/li>\n<li>Microsoft Windows 7 (32-bit)<\/li>\n<li>Microsoft Windows 7 (64-bit)<\/li>\n<li>Microsoft Windows Vista (32-bit)<\/li>\n<li>Microsoft Windows Vista (64 bit)<\/li>\n<li>Microsoft Windows 8 32-bit<\/li>\n<li>Microsoft Windows 8 64-bit<\/li>\n<li>Microsoft Windows XP (32-bit)<\/li>\n<li>Microsoft Windows XP (64-bit)<\/li>\n<li>Microsoft Windows Server 2003<\/li>\n<li>Microsoft Windows Server 2008<\/li>\n<li>Microsoft Windows Server 2012<\/li>\n<li>UNIX<\/li>\n<li>Citrix<\/li>\n<\/ul>\n<\/td>\n<\/tr>\n<tr class=\"AttrDRow\">\n<td class=\"AttrDTypeName\">Do\u0142\u0105czone oprogramowanie<\/td>\n<td class=\"AttrDValue\">Driver and Utility CD<\/td>\n<\/tr>\n<tr class=\"AttrDAltRow\">\n<td class=\"AttrDTypeName\">Zawarto\u015b\u0107 zestawu<\/td>\n<td class=\"AttrDValue\">\n<ul>\n<li>Instrukcja obs\u0142ugi<\/li>\n<li>przew\u00f3d zasilaj\u0105cy<\/li>\n<\/ul>\n<\/td>\n<\/tr>\n<tr class=\"AttrDRow\">\n<td class=\"AttrDTypeName\">Pob\u00f3r mocy (praca\/spoczynek)<\/td>\n<td class=\"AttrDValue\">1580\/- Wat<\/td>\n<\/tr>\n<tr class=\"AttrDAltRow\">\n<td class=\"AttrDTypeName\">Szeroko\u015b\u0107<\/td>\n<td class=\"AttrDValue\">1167 mm<\/td>\n<\/tr>\n<tr class=\"AttrDRow\">\n<td class=\"AttrDTypeName\">G\u0142\u0119boko\u015b\u0107<\/td>\n<td class=\"AttrDValue\">615 mm<\/td>\n<\/tr>\n<tr class=\"AttrDAltRow\">\n<td class=\"AttrDTypeName\">Wysoko\u015b\u0107<\/td>\n<td class=\"AttrDValue\">685 mm<\/td>\n<\/tr>\n<tr class=\"AttrDRow\">\n<td class=\"AttrDTypeName\">Masa netto<\/td>\n<td class=\"AttrDValue\">108 kg<\/td>\n<\/tr>\n<tr class=\"AttrDAltRow\">\n<td class=\"AttrDTypeName\">Dodatkowe informacje o gwarancji<\/td>\n<td class=\"AttrDValue\">24 miesi\u0105ce<\/td>\n<\/tr>\n<\/tbody>\n<\/table>\n<\/td>\n<\/tr>\n<\/tbody>\n<\/table>\n","protected":false},"excerpt":{"rendered":"<p>Technologia druku Laserowa\u00a0modu\u0142 g\u0142\u00f3wny (do instal. przez serwis) Podstawowe funkcje urz\u0105dzenia drukarka Kopiarka Skaner Opcjonalne funkcje urz\u0105dzenia Faks Maksymalna szybko\u015b\u0107 druku (mono) 55 str.\/min. Druk w kolorze Tak Maksymalna szybko\u015b\u0107 druku (kolor) 55 str.\/min. \u015arednia wydajno\u015b\u0107 0-30000 stron miesi\u0119cznie Maksymalna &hellip; <a href=\"https:\/\/xerograf.pl\/?product=develop-ineo-554e-modul-glowny-bez-tonerowdo-instal-przez-serwis\">Continued<\/a><\/p>\n","protected":false},"featured_media":802,"comment_status":"closed","ping_status":"closed","template":"","meta":[],"product_cat":[32],"product_tag":[],"class_list":{"0":"post-788","1":"product","2":"type-product","3":"status-publish","4":"has-post-thumbnail","6":"product_cat-develop","8":"first","9":"instock","10":"shipping-taxable","11":"product-type-simple"},"acf":[],"_links":{"self":[{"href":"https:\/\/xerograf.pl\/index.php?rest_route=\/wp\/v2\/product\/788","targetHints":{"allow":["GET"]}}],"collection":[{"href":"https:\/\/xerograf.pl\/index.php?rest_route=\/wp\/v2\/product"}],"about":[{"href":"https:\/\/xerograf.pl\/index.php?rest_route=\/wp\/v2\/types\/product"}],"replies":[{"embeddable":true,"href":"https:\/\/xerograf.pl\/index.php?rest_route=%2Fwp%2Fv2%2Fcomments&post=788"}],"wp:featuredmedia":[{"embeddable":true,"href":"https:\/\/xerograf.pl\/index.php?rest_route=\/wp\/v2\/media\/802"}],"wp:attachment":[{"href":"https:\/\/xerograf.pl\/index.php?rest_route=%2Fwp%2Fv2%2Fmedia&parent=788"}],"wp:term":[{"taxonomy":"product_cat","embeddable":true,"href":"https:\/\/xerograf.pl\/index.php?rest_route=%2Fwp%2Fv2%2Fproduct_cat&post=788"},{"taxonomy":"product_tag","embeddable":true,"href":"https:\/\/xerograf.pl\/index.php?rest_route=%2Fwp%2Fv2%2Fproduct_tag&post=788"}],"curies":[{"name":"wp","href":"https:\/\/api.w.org\/{rel}","templated":true}]}}