{"id":773,"date":"2015-06-03T16:05:16","date_gmt":"2015-06-03T16:05:16","guid":{"rendered":"https:\/\/xerograf.pl\/?post_type=product&#038;p=773"},"modified":"2019-11-17T17:20:07","modified_gmt":"2019-11-17T17:20:07","slug":"develop-ineo-3110","status":"publish","type":"product","link":"https:\/\/xerograf.pl\/?product=develop-ineo-3110","title":{"rendered":"Develop ineo +3110 \/Kolor\/"},"content":{"rendered":"<p><script src=\"\/Lib\/Client\/overlib.js\" type=\"text\/javascript\"><\/script><script src=\"\/Lib\/Client\/overlib_ajax.js\" type=\"text\/javascript\"><\/script><script src=\"\/Lib\/Client\/jquery-1.9.1.min.js\" type=\"text\/javascript\"><\/script><script src=\"\/Lib\/Client\/jquery.colorbox.js\" type=\"text\/javascript\"><\/script><script type=\"text\/javascript\">\/\/ <![CDATA[ $(function () { $(\"a[rel='pgal']\").colorbox({photo:true, opacity: 0.75,title: ''}); $(\".PhotoFrame li\").hide().eq(0).show(); } ); function changePhoto(nr) { $(\".PhotoFrame li:visible\").hide(); $(\".PhotoFrame li\").eq(nr).fadeIn(\"fast\"); } \/\/ ]]><\/script><script src=\"\/Lib\/Client\/MathValidate.js\" type=\"text\/javascript\" language=\"javascript\"><\/script><\/p>\n<table width=\"90%\">\n<tbody>\n<tr>\n<td colspan=\"2\" valign=\"top\">\n<table class=\"AttrDTable\" width=\"100%\" cellspacing=\"0\" cellpadding=\"0\">\n<tbody>\n<tr class=\"AttrDAltRow\">\n<td class=\"AttrDTypeName\">Technologia druku<\/td>\n<td class=\"AttrDValue\">Laserowa<\/td>\n<\/tr>\n<tr class=\"AttrDRow\">\n<td class=\"AttrDTypeName\">Podstawowe funkcje urz\u0105dzenia<\/td>\n<td class=\"AttrDValue\">\n<ul>\n<li>drukarka<\/li>\n<li>Kopiarka<\/li>\n<li>Skaner<\/li>\n<\/ul>\n<\/td>\n<\/tr>\n<tr class=\"AttrDAltRow\">\n<td class=\"AttrDTypeName\">Opcjonalne funkcje urz\u0105dzenia<\/td>\n<td class=\"AttrDValue\">Faks<\/td>\n<\/tr>\n<tr class=\"AttrDRow\">\n<td class=\"AttrDTypeName\">Maksymalna szybko\u015b\u0107 druku (mono)<\/td>\n<td class=\"AttrDValue\">31 str.\/min.<\/td>\n<\/tr>\n<tr class=\"AttrDAltRow\">\n<td class=\"AttrDTypeName\">Druk w kolorze<\/td>\n<td class=\"AttrDValue\">Tak<\/td>\n<\/tr>\n<tr class=\"AttrDRow\">\n<td class=\"AttrDTypeName\">Maksymalna szybko\u015b\u0107 druku (kolor)<\/td>\n<td class=\"AttrDValue\">31 str.\/min.<\/td>\n<\/tr>\n<tr class=\"AttrDAltRow\">\n<td class=\"AttrDTypeName\">\u015arednia wydajno\u015b\u0107<\/td>\n<td class=\"AttrDValue\">-6500 stron miesi\u0119cznie<\/td>\n<\/tr>\n<tr class=\"AttrDRow\">\n<td class=\"AttrDTypeName\">Maksymalna wydajno\u015b\u0107<\/td>\n<td class=\"AttrDValue\">12000 stron miesi\u0119cznie<\/td>\n<\/tr>\n<tr class=\"AttrDAltRow\">\n<td class=\"AttrDTypeName\">Czas nagrzewania<\/td>\n<td class=\"AttrDValue\">38 s<\/td>\n<\/tr>\n<tr class=\"AttrDRow\">\n<td class=\"AttrDTypeName\">Wy\u015bwietlacz LCD<\/td>\n<td class=\"AttrDValue\">Tak<\/td>\n<\/tr>\n<tr class=\"AttrDRow\">\n<td class=\"AttrDCategory\" colspan=\"2\">Interfejsy \/ Komunikacja<\/td>\n<\/tr>\n<tr class=\"AttrDAltRow\">\n<td class=\"AttrDTypeName\">Z\u0142\u0105cze zewn\u0119trzne<\/td>\n<td class=\"AttrDValue\">\n<ul>\n<li>1 x USB 2.0<\/li>\n<li>1x RJ-45 (GigabitEthernet 10\/100\/1000)<\/li>\n<\/ul>\n<\/td>\n<\/tr>\n<tr class=\"AttrDRow\">\n<td class=\"AttrDTypeName\">Karta sieciowa (LAN)<\/td>\n<td class=\"AttrDValue\">Nie<\/td>\n<\/tr>\n<tr class=\"AttrDAltRow\">\n<td class=\"AttrDTypeName\">Bezprzewodowa karta sieciowa<\/td>\n<td class=\"AttrDValue\">Nie<\/td>\n<\/tr>\n<tr class=\"AttrDAltRow\">\n<td class=\"AttrDCategory\" colspan=\"2\">Obs\u0142uga papieru \/ no\u015bniki<\/td>\n<\/tr>\n<tr class=\"AttrDRow\">\n<td class=\"AttrDTypeName\">Maksymalny rozmiar papieru<\/td>\n<td class=\"AttrDValue\">A4<\/td>\n<\/tr>\n<tr class=\"AttrDAltRow\">\n<td class=\"AttrDTypeName\">Obs\u0142ugiwane rozmiary papieru<\/td>\n<td class=\"AttrDValue\">\n<ul>\n<li>papier A4<\/li>\n<li>papier A5<\/li>\n<li>papier A6<\/li>\n<li>koperty<\/li>\n<\/ul>\n<\/td>\n<\/tr>\n<tr class=\"AttrDRow\">\n<td class=\"AttrDTypeName\">Gramatura papieru<\/td>\n<td class=\"AttrDValue\">60-210 g\/m2<\/td>\n<\/tr>\n<tr class=\"AttrDAltRow\">\n<td class=\"AttrDTypeName\">Standardowa pojemno\u015b\u0107 podajnik\u00f3w papieru<\/td>\n<td class=\"AttrDValue\">250 szt.<\/td>\n<\/tr>\n<tr class=\"AttrDRow\">\n<td class=\"AttrDTypeName\">Maks. pojemno\u015b\u0107 podajnik\u00f3w papieru<\/td>\n<td class=\"AttrDValue\">850 szt.<\/td>\n<\/tr>\n<tr class=\"AttrDAltRow\">\n<td class=\"AttrDTypeName\">Pojemno\u015b\u0107 tacy odbiorczej<\/td>\n<td class=\"AttrDValue\">250 szt.<\/td>\n<\/tr>\n<tr class=\"AttrDRow\">\n<td class=\"AttrDTypeName\">Automatyczny podajnik dokument\u00f3w<\/td>\n<td class=\"AttrDValue\">Tak ADF<\/td>\n<\/tr>\n<tr class=\"AttrDAltRow\">\n<td class=\"AttrDTypeName\">Pojemno\u015b\u0107 podajnika dokument\u00f3w<\/td>\n<td class=\"AttrDValue\">50 szt.<\/td>\n<\/tr>\n<tr class=\"AttrDRow\">\n<td class=\"AttrDTypeName\">Gramatura papieru obs\u0142ugiwana w ADF<\/td>\n<td class=\"AttrDValue\">50-110 g\/m2<\/td>\n<\/tr>\n<tr class=\"AttrDAltRow\">\n<td class=\"AttrDTypeName\">Dupleks<\/td>\n<td class=\"AttrDValue\">Tak<\/td>\n<\/tr>\n<tr class=\"AttrDRow\">\n<td class=\"AttrDTypeName\">Format papieru obs\u0142ugiwanego w dupleksie<\/td>\n<td class=\"AttrDValue\">papier A4<\/td>\n<\/tr>\n<tr class=\"AttrDRow\">\n<td class=\"AttrDCategory\" colspan=\"2\">Pami\u0119\u0107<\/td>\n<\/tr>\n<tr class=\"AttrDAltRow\">\n<td class=\"AttrDTypeName\">Zainstalowana pami\u0119\u0107<\/td>\n<td class=\"AttrDValue\">1 GB<\/td>\n<\/tr>\n<tr class=\"AttrDRow\">\n<td class=\"AttrDTypeName\">Maksymalna wielko\u015b\u0107 pami\u0119ci<\/td>\n<td class=\"AttrDValue\">2 GB<\/td>\n<\/tr>\n<tr class=\"AttrDAltRow\">\n<td class=\"AttrDTypeName\">Dysk twardy<\/td>\n<td class=\"AttrDValue\">Tak<\/td>\n<\/tr>\n<tr class=\"AttrDRow\">\n<td class=\"AttrDTypeName\">Wbudowany czytnik kart pami\u0119ci<\/td>\n<td class=\"AttrDValue\">Nie<\/td>\n<\/tr>\n<tr class=\"AttrDRow\">\n<td class=\"AttrDCategory\" colspan=\"2\">Specyfikacja drukarki<\/td>\n<\/tr>\n<tr class=\"AttrDAltRow\">\n<td class=\"AttrDTypeName\">Rozdzielczo\u015b\u0107 w poziomie (mono)<\/td>\n<td class=\"AttrDValue\">1200 dpi<\/td>\n<\/tr>\n<tr class=\"AttrDRow\">\n<td class=\"AttrDTypeName\">Rozdzielczo\u015b\u0107 w pionie (mono)<\/td>\n<td class=\"AttrDValue\">1200 dpi<\/td>\n<\/tr>\n<tr class=\"AttrDAltRow\">\n<td class=\"AttrDTypeName\">Rozdzielczo\u015b\u0107 w poziomie (kolor)<\/td>\n<td class=\"AttrDValue\">1200 dpi<\/td>\n<\/tr>\n<tr class=\"AttrDRow\">\n<td class=\"AttrDTypeName\">Rozdzielczo\u015b\u0107 w pionie (kolor)<\/td>\n<td class=\"AttrDValue\">1200 dpi<\/td>\n<\/tr>\n<tr class=\"AttrDAltRow\">\n<td class=\"AttrDTypeName\">Pr\u0119dko\u015b\u0107 procesora<\/td>\n<td class=\"AttrDValue\">1,066 GHz<\/td>\n<\/tr>\n<tr class=\"AttrDRow\">\n<td class=\"AttrDTypeName\">Drukowanie sieciowe<\/td>\n<td class=\"AttrDValue\">Tak<\/td>\n<\/tr>\n<tr class=\"AttrDAltRow\">\n<td class=\"AttrDTypeName\">Emulacje<\/td>\n<td class=\"AttrDValue\">\n<ul>\n<li>PCL 5e<\/li>\n<li>PCL 5c<\/li>\n<li>PostScript Level 3<\/li>\n<\/ul>\n<\/td>\n<\/tr>\n<tr class=\"AttrDAltRow\">\n<td class=\"AttrDCategory\" colspan=\"2\">Specyfikacja skanera<\/td>\n<\/tr>\n<tr class=\"AttrDRow\">\n<td class=\"AttrDTypeName\">Typ skanera<\/td>\n<td class=\"AttrDValue\">kolorowy<\/td>\n<\/tr>\n<tr class=\"AttrDAltRow\">\n<td class=\"AttrDTypeName\">Maksymalna pr\u0119dko\u015b\u0107 skanowania (mono)<\/td>\n<td class=\"AttrDValue\">30 str.\/min.<\/td>\n<\/tr>\n<tr class=\"AttrDRow\">\n<td class=\"AttrDTypeName\">Maksymalna pr\u0119dko\u015b\u0107 skanowania (kolor)<\/td>\n<td class=\"AttrDValue\">30 str.\/min.<\/td>\n<\/tr>\n<tr class=\"AttrDAltRow\">\n<td class=\"AttrDTypeName\">Optyczna rozdzielczo\u015b\u0107 skanowania<\/td>\n<td class=\"AttrDValue\">600 x 600 dpi<\/td>\n<\/tr>\n<tr class=\"AttrDRow\">\n<td class=\"AttrDTypeName\">Maksymalna rozdzielczo\u015b\u0107 skanowania<\/td>\n<td class=\"AttrDValue\">600 x 600 dpi<\/td>\n<\/tr>\n<tr class=\"AttrDAltRow\">\n<td class=\"AttrDTypeName\">Tryby skanowania<\/td>\n<td class=\"AttrDValue\">\n<ul>\n<li>standardowy<\/li>\n<li>Skanowanie do poczty e-mail<\/li>\n<li>Skanowanie do pami\u0119ci urz\u0105dzenia<\/li>\n<li>Skanowanie do pami\u0119ci USB<\/li>\n<\/ul>\n<\/td>\n<\/tr>\n<tr class=\"AttrDRow\">\n<td class=\"AttrDTypeName\">Format plik\u00f3w<\/td>\n<td class=\"AttrDValue\">\n<ul>\n<li>TIFF<\/li>\n<li>PDF<\/li>\n<li>JPEG<\/li>\n<\/ul>\n<\/td>\n<\/tr>\n<tr class=\"AttrDRow\">\n<td class=\"AttrDCategory\" colspan=\"2\">Specyfikacja kopiarki<\/td>\n<\/tr>\n<tr class=\"AttrDAltRow\">\n<td class=\"AttrDTypeName\">Czas wykonania pierwszej kopii &#8211; cz\/b<\/td>\n<td class=\"AttrDValue\">13 s<\/td>\n<\/tr>\n<tr class=\"AttrDRow\">\n<td class=\"AttrDTypeName\">Czas wykonania pierwszej kopii &#8211; kolor<\/td>\n<td class=\"AttrDValue\">13 s<\/td>\n<\/tr>\n<tr class=\"AttrDAltRow\">\n<td class=\"AttrDTypeName\">Maks. liczba kopii<\/td>\n<td class=\"AttrDValue\">999 szt.<\/td>\n<\/tr>\n<tr class=\"AttrDRow\">\n<td class=\"AttrDTypeName\">Skalowanie<\/td>\n<td class=\"AttrDValue\">25-400 %<\/td>\n<\/tr>\n<tr class=\"AttrDAltRow\">\n<td class=\"AttrDTypeName\">Format orygina\u0142u<\/td>\n<td class=\"AttrDValue\">papier A4<\/td>\n<\/tr>\n<tr class=\"AttrDRow\">\n<td class=\"AttrDTypeName\">Skala szaro\u015bci<\/td>\n<td class=\"AttrDValue\">256 poziom\u00f3w<\/td>\n<\/tr>\n<tr class=\"AttrDRow\">\n<td class=\"AttrDCategory\" colspan=\"2\">Specyfikacja faksu<\/td>\n<\/tr>\n<tr class=\"AttrDAltRow\">\n<td class=\"AttrDTypeName\">Typ modemu<\/td>\n<td class=\"AttrDValue\">ITU-T G3<\/td>\n<\/tr>\n<tr class=\"AttrDRow\">\n<td class=\"AttrDTypeName\">Szybko\u015b\u0107 wysy\u0142ania danych (Upstream)<\/td>\n<td class=\"AttrDValue\">33,6 kB\/s<\/td>\n<\/tr>\n<tr class=\"AttrDAltRow\">\n<td class=\"AttrDTypeName\">Maksymalna rozdzielczo\u015b\u0107 faksu<\/td>\n<td class=\"AttrDValue\">600 dpi<\/td>\n<\/tr>\n<tr class=\"AttrDRow\">\n<td class=\"AttrDTypeName\">Tryby korekcji b\u0142\u0119d\u00f3w<\/td>\n<td class=\"AttrDValue\">\n<ul>\n<li>MR<\/li>\n<li>MH<\/li>\n<li>MMR<\/li>\n<li>JBIG<\/li>\n<\/ul>\n<\/td>\n<\/tr>\n<tr class=\"AttrDRow\">\n<td class=\"AttrDCategory\" colspan=\"2\">Pozosta\u0142e informacje<\/td>\n<\/tr>\n<tr class=\"AttrDAltRow\">\n<td class=\"AttrDTypeName\">Zainstalowane wyposa\u017cenie<\/td>\n<td class=\"AttrDValue\">\n<ul>\n<li>ADF (automatyczny podajnik dokument\u00f3w) pojemno\u015b\u0107: 50 arkuszy<\/li>\n<li>Podajnik na 250 arkuszy<\/li>\n<\/ul>\n<\/td>\n<\/tr>\n<tr class=\"AttrDRow\">\n<td class=\"AttrDTypeName\">Dost\u0119pne wyposa\u017cenie opcjonalne<\/td>\n<td class=\"AttrDValue\">\n<ul>\n<li>Faks<\/li>\n<li>Zszywacz<\/li>\n<\/ul>\n<\/td>\n<\/tr>\n<tr class=\"AttrDAltRow\">\n<td class=\"AttrDTypeName\">Toner startowy<\/td>\n<td class=\"AttrDValue\">Tak<\/td>\n<\/tr>\n<tr class=\"AttrDRow\">\n<td class=\"AttrDTypeName\">Wydajno\u015b\u0107 toneru startowego &#8211; czarny<\/td>\n<td class=\"AttrDValue\">5000 stron<\/td>\n<\/tr>\n<tr class=\"AttrDAltRow\">\n<td class=\"AttrDTypeName\">Wydajno\u015b\u0107 toneru startowego &#8211; kolor<\/td>\n<td class=\"AttrDValue\">5000 stron<\/td>\n<\/tr>\n<tr class=\"AttrDRow\">\n<td class=\"AttrDTypeName\">Wydajno\u015b\u0107 toneru standardowego &#8211; czarny<\/td>\n<td class=\"AttrDValue\">5000 stron<\/td>\n<\/tr>\n<tr class=\"AttrDAltRow\">\n<td class=\"AttrDTypeName\">Wydajno\u015b\u0107 toneru standardowego &#8211; kolor<\/td>\n<td class=\"AttrDValue\">5000 stron<\/td>\n<\/tr>\n<tr class=\"AttrDRow\">\n<td class=\"AttrDTypeName\">\u017bywotno\u015b\u0107 b\u0119bna &#8211; czarny<\/td>\n<td class=\"AttrDValue\">25000 stron<\/td>\n<\/tr>\n<tr class=\"AttrDAltRow\">\n<td class=\"AttrDTypeName\">\u017bywotno\u015b\u0107 b\u0119bna &#8211; kolor<\/td>\n<td class=\"AttrDValue\">25000 stron<\/td>\n<\/tr>\n<tr class=\"AttrDRow\">\n<td class=\"AttrDTypeName\">Obs\u0142ugiwane systemy operacyjne<\/td>\n<td class=\"AttrDValue\">\n<ul>\n<li>Microsoft Windows XP (32-bit)<\/li>\n<li>Microsoft Windows XP (64-bit)<\/li>\n<li>Microsoft Windows Vista (32-bit)<\/li>\n<li>Microsoft Windows Vista (64 bit)<\/li>\n<li>Microsoft Windows 7 (32-bit)<\/li>\n<li>Microsoft Windows 7 (64-bit)<\/li>\n<li>Microsoft Windows 8 32-bit<\/li>\n<li>Microsoft Windows 8 64-bit<\/li>\n<li>Microsoft Windows Server 2003<\/li>\n<li>Microsoft Windows Server 2003 R2<\/li>\n<li>Microsoft Windows Server 2008<\/li>\n<li>Microsoft Windows Server 2008 R2<\/li>\n<li>Microsoft Windows Server 2012<\/li>\n<li>Linux<\/li>\n<li>Mac OS 10.3.x lub nowszy<\/li>\n<\/ul>\n<\/td>\n<\/tr>\n<tr class=\"AttrDAltRow\">\n<td class=\"AttrDTypeName\">Do\u0142\u0105czone oprogramowanie<\/td>\n<td class=\"AttrDValue\">Driver and Utility CD<\/td>\n<\/tr>\n<tr class=\"AttrDRow\">\n<td class=\"AttrDTypeName\">Cechy dodatkowe<\/td>\n<td class=\"AttrDValue\">\n<ul>\n<li>Fax jest opcjonalny<\/li>\n<li>Opcjonalny dysk 320 GB<\/li>\n<\/ul>\n<\/td>\n<\/tr>\n<tr class=\"AttrDAltRow\">\n<td class=\"AttrDTypeName\">Zawarto\u015b\u0107 zestawu<\/td>\n<td class=\"AttrDValue\">\n<ul>\n<li>przew\u00f3d zasilaj\u0105cy<\/li>\n<li>Instrukcja obs\u0142ugi<\/li>\n<\/ul>\n<\/td>\n<\/tr>\n<tr class=\"AttrDRow\">\n<td class=\"AttrDTypeName\">Szeroko\u015b\u0107<\/td>\n<td class=\"AttrDValue\">447 mm<\/td>\n<\/tr>\n<tr class=\"AttrDAltRow\">\n<td class=\"AttrDTypeName\">G\u0142\u0119boko\u015b\u0107<\/td>\n<td class=\"AttrDValue\">544 mm<\/td>\n<\/tr>\n<tr class=\"AttrDRow\">\n<td class=\"AttrDTypeName\">Wysoko\u015b\u0107<\/td>\n<td class=\"AttrDValue\">500 mm<\/td>\n<\/tr>\n<tr class=\"AttrDAltRow\">\n<td class=\"AttrDTypeName\">Masa netto<\/td>\n<td class=\"AttrDValue\">30 kg<\/td>\n<\/tr>\n<tr class=\"AttrDRow\">\n<td class=\"AttrDTypeName\">Dodatkowe informacje o gwarancji<\/td>\n<td class=\"AttrDValue\">12 miesi\u0119cy<\/td>\n<\/tr>\n<\/tbody>\n<\/table>\n<\/td>\n<\/tr>\n<\/tbody>\n<\/table>\n","protected":false},"excerpt":{"rendered":"<p>Technologia druku Laserowa Podstawowe funkcje urz\u0105dzenia drukarka Kopiarka Skaner Opcjonalne funkcje urz\u0105dzenia Faks Maksymalna szybko\u015b\u0107 druku (mono) 31 str.\/min. Druk w kolorze Tak Maksymalna szybko\u015b\u0107 druku (kolor) 31 str.\/min. \u015arednia wydajno\u015b\u0107 -6500 stron miesi\u0119cznie Maksymalna wydajno\u015b\u0107 12000 stron miesi\u0119cznie Czas &hellip; <a href=\"https:\/\/xerograf.pl\/?product=develop-ineo-3110\">Continued<\/a><\/p>\n","protected":false},"featured_media":776,"comment_status":"closed","ping_status":"closed","template":"","meta":[],"product_cat":[32],"product_tag":[],"class_list":{"0":"post-773","1":"product","2":"type-product","3":"status-publish","4":"has-post-thumbnail","6":"product_cat-develop","8":"first","9":"instock","10":"shipping-taxable","11":"product-type-simple"},"acf":[],"_links":{"self":[{"href":"https:\/\/xerograf.pl\/index.php?rest_route=\/wp\/v2\/product\/773","targetHints":{"allow":["GET"]}}],"collection":[{"href":"https:\/\/xerograf.pl\/index.php?rest_route=\/wp\/v2\/product"}],"about":[{"href":"https:\/\/xerograf.pl\/index.php?rest_route=\/wp\/v2\/types\/product"}],"replies":[{"embeddable":true,"href":"https:\/\/xerograf.pl\/index.php?rest_route=%2Fwp%2Fv2%2Fcomments&post=773"}],"wp:featuredmedia":[{"embeddable":true,"href":"https:\/\/xerograf.pl\/index.php?rest_route=\/wp\/v2\/media\/776"}],"wp:attachment":[{"href":"https:\/\/xerograf.pl\/index.php?rest_route=%2Fwp%2Fv2%2Fmedia&parent=773"}],"wp:term":[{"taxonomy":"product_cat","embeddable":true,"href":"https:\/\/xerograf.pl\/index.php?rest_route=%2Fwp%2Fv2%2Fproduct_cat&post=773"},{"taxonomy":"product_tag","embeddable":true,"href":"https:\/\/xerograf.pl\/index.php?rest_route=%2Fwp%2Fv2%2Fproduct_tag&post=773"}],"curies":[{"name":"wp","href":"https:\/\/api.w.org\/{rel}","templated":true}]}}