{"id":761,"date":"2015-05-27T14:53:21","date_gmt":"2015-05-27T14:53:21","guid":{"rendered":"https:\/\/xerograf.pl\/?post_type=product&#038;p=761"},"modified":"2015-05-27T14:56:29","modified_gmt":"2015-05-27T14:56:29","slug":"develop-ineo-3320","status":"publish","type":"product","link":"https:\/\/xerograf.pl\/?product=develop-ineo-3320","title":{"rendered":"Develop ineo 3320"},"content":{"rendered":"<p><script src=\"\/Lib\/Client\/overlib.js\" type=\"text\/javascript\"><\/script><script src=\"\/Lib\/Client\/overlib_ajax.js\" type=\"text\/javascript\"><\/script><script src=\"\/Lib\/Client\/jquery-1.9.1.min.js\" type=\"text\/javascript\"><\/script><script src=\"\/Lib\/Client\/jquery.colorbox.js\" type=\"text\/javascript\"><\/script><script type=\"text\/javascript\">\/\/ <![CDATA[\n\n\n            $(function () {\n                $(\"a[rel='pgal']\").colorbox({photo:true, opacity: 0.75,title: ''});\n                $(\".PhotoFrame li\").hide().eq(0).show();\n             }\n            );\n\n                function changePhoto(nr)\n                {   \n                    $(\".PhotoFrame li:visible\").hide(); \n                    $(\".PhotoFrame li\").eq(nr).fadeIn(\"fast\");\t\n                }\n\n\/\/ ]]><\/script><script src=\"\/Lib\/Client\/MathValidate.js\" type=\"text\/javascript\" language=\"javascript\"><\/script><\/p>\n<table width=\"90%\">\n<tbody>\n<tr>\n<td colspan=\"2\" valign=\"top\">\n<table class=\"AttrDTable\" width=\"100%\" cellspacing=\"0\" cellpadding=\"0\">\n<tbody>\n<tr class=\"AttrDAltRow\">\n<td class=\"AttrDTypeName\">Technologia druku<\/td>\n<td class=\"AttrDValue\">Laserowa<\/td>\n<\/tr>\n<tr class=\"AttrDRow\">\n<td class=\"AttrDTypeName\">Podstawowe funkcje urz\u0105dzenia<\/td>\n<td class=\"AttrDValue\">\n<ul>\n<li>drukarka<\/li>\n<li>Kopiarka<\/li>\n<li>Skaner<\/li>\n<li>Faks<\/li>\n<\/ul>\n<\/td>\n<\/tr>\n<tr class=\"AttrDAltRow\">\n<td class=\"AttrDTypeName\">Maksymalna szybko\u015b\u0107 druku (mono)<\/td>\n<td class=\"AttrDValue\">33 str.\/min.<\/td>\n<\/tr>\n<tr class=\"AttrDRow\">\n<td class=\"AttrDTypeName\">Druk w kolorze<\/td>\n<td class=\"AttrDValue\">Nie<\/td>\n<\/tr>\n<tr class=\"AttrDAltRow\">\n<td class=\"AttrDTypeName\">\u015arednia wydajno\u015b\u0107<\/td>\n<td class=\"AttrDValue\">0-3600 stron miesi\u0119cznie<\/td>\n<\/tr>\n<tr class=\"AttrDRow\">\n<td class=\"AttrDTypeName\">Maksymalna wydajno\u015b\u0107<\/td>\n<td class=\"AttrDValue\">50000 stron miesi\u0119cznie<\/td>\n<\/tr>\n<tr class=\"AttrDAltRow\">\n<td class=\"AttrDTypeName\">Czas nagrzewania<\/td>\n<td class=\"AttrDValue\">75 s<\/td>\n<\/tr>\n<tr class=\"AttrDRow\">\n<td class=\"AttrDTypeName\">Wy\u015bwietlacz LCD<\/td>\n<td class=\"AttrDValue\">Tak<\/td>\n<\/tr>\n<tr class=\"AttrDAltRow\">\n<td class=\"AttrDTypeName\">Typ wy\u015bwietlacza LCD<\/td>\n<td class=\"AttrDValue\">Kolorowy wy\u015bwietlacz<\/td>\n<\/tr>\n<tr class=\"AttrDAltRow\">\n<td class=\"AttrDCategory\" colspan=\"2\">Interfejsy \/ Komunikacja<\/td>\n<\/tr>\n<tr class=\"AttrDRow\">\n<td class=\"AttrDTypeName\">Z\u0142\u0105cze zewn\u0119trzne<\/td>\n<td class=\"AttrDValue\">\n<ul>\n<li>1 x USB 2.0<\/li>\n<li>1x RJ-45 (FastEthernet 10\/100)<\/li>\n<\/ul>\n<\/td>\n<\/tr>\n<tr class=\"AttrDAltRow\">\n<td class=\"AttrDTypeName\">Karta sieciowa (LAN)<\/td>\n<td class=\"AttrDValue\">Tak<\/td>\n<\/tr>\n<tr class=\"AttrDRow\">\n<td class=\"AttrDTypeName\">Karta sieciowa (LAN\/GBLAN)<\/td>\n<td class=\"AttrDValue\">10\/100\/1000<\/td>\n<\/tr>\n<tr class=\"AttrDAltRow\">\n<td class=\"AttrDTypeName\">Bezprzewodowa karta sieciowa<\/td>\n<td class=\"AttrDValue\">Nie<\/td>\n<\/tr>\n<tr class=\"AttrDAltRow\">\n<td class=\"AttrDCategory\" colspan=\"2\">Obs\u0142uga papieru \/ no\u015bniki<\/td>\n<\/tr>\n<tr class=\"AttrDRow\">\n<td class=\"AttrDTypeName\">Maksymalny rozmiar papieru<\/td>\n<td class=\"AttrDValue\">A4<\/td>\n<\/tr>\n<tr class=\"AttrDAltRow\">\n<td class=\"AttrDTypeName\">Obs\u0142ugiwane rozmiary papieru<\/td>\n<td class=\"AttrDValue\">\n<ul>\n<li>papier A4<\/li>\n<li>papier A5<\/li>\n<li>papier A6<\/li>\n<li>koperty<\/li>\n<\/ul>\n<\/td>\n<\/tr>\n<tr class=\"AttrDRow\">\n<td class=\"AttrDTypeName\">Gramatura papieru<\/td>\n<td class=\"AttrDValue\">60-163 g\/m2<\/td>\n<\/tr>\n<tr class=\"AttrDAltRow\">\n<td class=\"AttrDTypeName\">Standardowa pojemno\u015b\u0107 podajnik\u00f3w papieru<\/td>\n<td class=\"AttrDValue\">300 szt.<\/td>\n<\/tr>\n<tr class=\"AttrDRow\">\n<td class=\"AttrDTypeName\">Maks. pojemno\u015b\u0107 podajnik\u00f3w papieru<\/td>\n<td class=\"AttrDValue\">850 szt.<\/td>\n<\/tr>\n<tr class=\"AttrDAltRow\">\n<td class=\"AttrDTypeName\">Pojemno\u015b\u0107 tacy odbiorczej<\/td>\n<td class=\"AttrDValue\">150 szt.<\/td>\n<\/tr>\n<tr class=\"AttrDRow\">\n<td class=\"AttrDTypeName\">Automatyczny podajnik dokument\u00f3w<\/td>\n<td class=\"AttrDValue\">Tak DADF<\/td>\n<\/tr>\n<tr class=\"AttrDAltRow\">\n<td class=\"AttrDTypeName\">Pojemno\u015b\u0107 podajnika dokument\u00f3w<\/td>\n<td class=\"AttrDValue\">50 szt.<\/td>\n<\/tr>\n<tr class=\"AttrDRow\">\n<td class=\"AttrDTypeName\">Gramatura papieru obs\u0142ugiwana w ADF<\/td>\n<td class=\"AttrDValue\">52-120 g\/m2<\/td>\n<\/tr>\n<tr class=\"AttrDAltRow\">\n<td class=\"AttrDTypeName\">Pojemno\u015b\u0107 podajnika r\u0119cznego<\/td>\n<td class=\"AttrDValue\">50 stron<\/td>\n<\/tr>\n<tr class=\"AttrDRow\">\n<td class=\"AttrDTypeName\">Dupleks<\/td>\n<td class=\"AttrDValue\">Tak<\/td>\n<\/tr>\n<tr class=\"AttrDAltRow\">\n<td class=\"AttrDTypeName\">Format papieru obs\u0142ugiwanego w dupleksie<\/td>\n<td class=\"AttrDValue\">\n<ul>\n<li>papier A4<\/li>\n<li>papier A5<\/li>\n<li>koperty<\/li>\n<\/ul>\n<\/td>\n<\/tr>\n<tr class=\"AttrDRow\">\n<td class=\"AttrDTypeName\">Gramatura papieru obs\u0142ugiwanego w dupleksie<\/td>\n<td class=\"AttrDValue\">60-90 g\/m2<\/td>\n<\/tr>\n<tr class=\"AttrDRow\">\n<td class=\"AttrDCategory\" colspan=\"2\">Pami\u0119\u0107<\/td>\n<\/tr>\n<tr class=\"AttrDAltRow\">\n<td class=\"AttrDTypeName\">Zainstalowana pami\u0119\u0107<\/td>\n<td class=\"AttrDValue\">256,000 MB<\/td>\n<\/tr>\n<tr class=\"AttrDRow\">\n<td class=\"AttrDTypeName\">Maksymalna wielko\u015b\u0107 pami\u0119ci<\/td>\n<td class=\"AttrDValue\">256 MB<\/td>\n<\/tr>\n<tr class=\"AttrDAltRow\">\n<td class=\"AttrDTypeName\">Dysk twardy<\/td>\n<td class=\"AttrDValue\">Nie<\/td>\n<\/tr>\n<tr class=\"AttrDRow\">\n<td class=\"AttrDTypeName\">Wbudowany czytnik kart pami\u0119ci<\/td>\n<td class=\"AttrDValue\">Nie<\/td>\n<\/tr>\n<tr class=\"AttrDRow\">\n<td class=\"AttrDCategory\" colspan=\"2\">Specyfikacja drukarki<\/td>\n<\/tr>\n<tr class=\"AttrDAltRow\">\n<td class=\"AttrDTypeName\">Rozdzielczo\u015b\u0107 w poziomie (mono)<\/td>\n<td class=\"AttrDValue\">1200 dpi<\/td>\n<\/tr>\n<tr class=\"AttrDRow\">\n<td class=\"AttrDTypeName\">Rozdzielczo\u015b\u0107 w pionie (mono)<\/td>\n<td class=\"AttrDValue\">1200 dpi<\/td>\n<\/tr>\n<tr class=\"AttrDAltRow\">\n<td class=\"AttrDTypeName\">Pr\u0119dko\u015b\u0107 procesora<\/td>\n<td class=\"AttrDValue\">800 MHz<\/td>\n<\/tr>\n<tr class=\"AttrDRow\">\n<td class=\"AttrDTypeName\">Drukowanie sieciowe<\/td>\n<td class=\"AttrDValue\">Tak<\/td>\n<\/tr>\n<tr class=\"AttrDAltRow\">\n<td class=\"AttrDTypeName\">Emulacje<\/td>\n<td class=\"AttrDValue\">\n<ul>\n<li>PCL6<\/li>\n<li>PCL 5e<\/li>\n<li>XPS<\/li>\n<li>PostScript Level 3<\/li>\n<li>PPDS<\/li>\n<li>PDF 1.7<\/li>\n<li>Direct Image<\/li>\n<\/ul>\n<\/td>\n<\/tr>\n<tr class=\"AttrDAltRow\">\n<td class=\"AttrDCategory\" colspan=\"2\">Specyfikacja skanera<\/td>\n<\/tr>\n<tr class=\"AttrDRow\">\n<td class=\"AttrDTypeName\">Typ skanera<\/td>\n<td class=\"AttrDValue\">\n<ul>\n<li>Automatyczny Podajnik Papieru<\/li>\n<li>kolorowy<\/li>\n<li>stolikowy<\/li>\n<\/ul>\n<\/td>\n<\/tr>\n<tr class=\"AttrDAltRow\">\n<td class=\"AttrDTypeName\">Maksymalna pr\u0119dko\u015b\u0107 skanowania (mono)<\/td>\n<td class=\"AttrDValue\">42 str.\/min.<\/td>\n<\/tr>\n<tr class=\"AttrDRow\">\n<td class=\"AttrDTypeName\">Maksymalna pr\u0119dko\u015b\u0107 skanowania (kolor)<\/td>\n<td class=\"AttrDValue\">19 str.\/min.<\/td>\n<\/tr>\n<tr class=\"AttrDAltRow\">\n<td class=\"AttrDTypeName\">Optyczna rozdzielczo\u015b\u0107 skanowania<\/td>\n<td class=\"AttrDValue\">600 x 600 dpi<\/td>\n<\/tr>\n<tr class=\"AttrDRow\">\n<td class=\"AttrDTypeName\">Maksymalna rozdzielczo\u015b\u0107 skanowania<\/td>\n<td class=\"AttrDValue\">600 x 600 dpi<\/td>\n<\/tr>\n<tr class=\"AttrDAltRow\">\n<td class=\"AttrDTypeName\">Poziomy wymiar obszaru skanowania<\/td>\n<td class=\"AttrDValue\">216 mm<\/td>\n<\/tr>\n<tr class=\"AttrDRow\">\n<td class=\"AttrDTypeName\">Pionowy wymiar obszaru skanowania<\/td>\n<td class=\"AttrDValue\">356 mm<\/td>\n<\/tr>\n<tr class=\"AttrDAltRow\">\n<td class=\"AttrDTypeName\">Skanowanie sieciowe<\/td>\n<td class=\"AttrDValue\">Tak<\/td>\n<\/tr>\n<tr class=\"AttrDRow\">\n<td class=\"AttrDTypeName\">Tryby skanowania<\/td>\n<td class=\"AttrDValue\">\n<ul>\n<li>Skanowanie do poczty e-mail<\/li>\n<li>standardowy<\/li>\n<li>Skanowanie do FTP<\/li>\n<li>Skanowanie do pami\u0119ci USB<\/li>\n<\/ul>\n<\/td>\n<\/tr>\n<tr class=\"AttrDAltRow\">\n<td class=\"AttrDTypeName\">Format plik\u00f3w<\/td>\n<td class=\"AttrDValue\">\n<ul>\n<li>PDF<\/li>\n<li>TIFF<\/li>\n<li>JPEG<\/li>\n<li>XPS<\/li>\n<\/ul>\n<\/td>\n<\/tr>\n<tr class=\"AttrDAltRow\">\n<td class=\"AttrDCategory\" colspan=\"2\">Specyfikacja kopiarki<\/td>\n<\/tr>\n<tr class=\"AttrDRow\">\n<td class=\"AttrDTypeName\">Czas wykonania pierwszej kopii &#8211; cz\/b<\/td>\n<td class=\"AttrDValue\">6,5 s<\/td>\n<\/tr>\n<tr class=\"AttrDAltRow\">\n<td class=\"AttrDTypeName\">Maks. liczba kopii<\/td>\n<td class=\"AttrDValue\">999 szt.<\/td>\n<\/tr>\n<tr class=\"AttrDRow\">\n<td class=\"AttrDTypeName\">Skalowanie<\/td>\n<td class=\"AttrDValue\">25-400 %<\/td>\n<\/tr>\n<tr class=\"AttrDAltRow\">\n<td class=\"AttrDTypeName\">Format orygina\u0142u<\/td>\n<td class=\"AttrDValue\">\n<ul>\n<li>papier A4<\/li>\n<li>papier A5<\/li>\n<li>papier A6<\/li>\n<\/ul>\n<\/td>\n<\/tr>\n<tr class=\"AttrDRow\">\n<td class=\"AttrDTypeName\">Skala szaro\u015bci<\/td>\n<td class=\"AttrDValue\">256 poziom\u00f3w<\/td>\n<\/tr>\n<tr class=\"AttrDRow\">\n<td class=\"AttrDCategory\" colspan=\"2\">Specyfikacja faksu<\/td>\n<\/tr>\n<tr class=\"AttrDAltRow\">\n<td class=\"AttrDTypeName\">Typ modemu<\/td>\n<td class=\"AttrDValue\">Super 3G<\/td>\n<\/tr>\n<tr class=\"AttrDRow\">\n<td class=\"AttrDTypeName\">Szybko\u015b\u0107 wysy\u0142ania danych (Upstream)<\/td>\n<td class=\"AttrDValue\">33,6 kB\/s<\/td>\n<\/tr>\n<tr class=\"AttrDAltRow\">\n<td class=\"AttrDTypeName\">Maksymalna rozdzielczo\u015b\u0107 faksu<\/td>\n<td class=\"AttrDValue\">600 dpi<\/td>\n<\/tr>\n<tr class=\"AttrDRow\">\n<td class=\"AttrDTypeName\">Tryby korekcji b\u0142\u0119d\u00f3w<\/td>\n<td class=\"AttrDValue\">\n<ul>\n<li>JBIG<\/li>\n<li>MH<\/li>\n<li>MMR<\/li>\n<li>MR<\/li>\n<\/ul>\n<\/td>\n<\/tr>\n<tr class=\"AttrDRow\">\n<td class=\"AttrDCategory\" colspan=\"2\">Pozosta\u0142e informacje<\/td>\n<\/tr>\n<tr class=\"AttrDAltRow\">\n<td class=\"AttrDTypeName\">Zainstalowane wyposa\u017cenie<\/td>\n<td class=\"AttrDValue\">\n<ul>\n<li>ADF (automatyczny podajnik dokument\u00f3w) pojemno\u015b\u0107: 50 arkuszy<\/li>\n<li>Podajnik na 250 arkuszy<\/li>\n<li>Podajnik r\u0119czny na 150 arkuszy<\/li>\n<li>Dupleks<\/li>\n<\/ul>\n<\/td>\n<\/tr>\n<tr class=\"AttrDRow\">\n<td class=\"AttrDTypeName\">Dost\u0119pne wyposa\u017cenie opcjonalne<\/td>\n<td class=\"AttrDValue\">\n<ul>\n<li>Podajnik na 550 arkuszy<\/li>\n<li>Wireless LAN<\/li>\n<\/ul>\n<\/td>\n<\/tr>\n<tr class=\"AttrDAltRow\">\n<td class=\"AttrDTypeName\">Toner startowy<\/td>\n<td class=\"AttrDValue\">Tak<\/td>\n<\/tr>\n<tr class=\"AttrDRow\">\n<td class=\"AttrDTypeName\">Wydajno\u015b\u0107 toneru startowego &#8211; czarny<\/td>\n<td class=\"AttrDValue\">2500 stron<\/td>\n<\/tr>\n<tr class=\"AttrDAltRow\">\n<td class=\"AttrDTypeName\">Wydajno\u015b\u0107 toneru standardowego &#8211; czarny<\/td>\n<td class=\"AttrDValue\">10000 stron<\/td>\n<\/tr>\n<tr class=\"AttrDRow\">\n<td class=\"AttrDTypeName\">\u017bywotno\u015b\u0107 b\u0119bna &#8211; czarny<\/td>\n<td class=\"AttrDValue\">60000 stron<\/td>\n<\/tr>\n<tr class=\"AttrDAltRow\">\n<td class=\"AttrDTypeName\">Obs\u0142ugiwane systemy operacyjne<\/td>\n<td class=\"AttrDValue\">\n<ul>\n<li>Linux<\/li>\n<li>Microsoft Windows Server 2008 R2<\/li>\n<li>Microsoft Windows Server 2012<\/li>\n<li>Mac OS 10.X<\/li>\n<li>Microsoft Windows XP (64-bit)<\/li>\n<li>Microsoft Windows 2003 Server<\/li>\n<li>Microsoft Windows 2003 Server x64<\/li>\n<li>Microsoft Windows 2008 Server<\/li>\n<li>Microsoft Windows Vista (32-bit)<\/li>\n<li>Microsoft Windows Vista (64 bit)<\/li>\n<li>Microsoft Windows XP<\/li>\n<li>Microsoft Windows 7 (32-bit)<\/li>\n<li>Microsoft Windows 7 (64-bit)<\/li>\n<li>Linux<\/li>\n<li>Citrix<\/li>\n<\/ul>\n<\/td>\n<\/tr>\n<tr class=\"AttrDRow\">\n<td class=\"AttrDTypeName\">Do\u0142\u0105czone oprogramowanie<\/td>\n<td class=\"AttrDValue\">Driver and Utility CD<\/td>\n<\/tr>\n<tr class=\"AttrDAltRow\">\n<td class=\"AttrDTypeName\">Zawarto\u015b\u0107 zestawu<\/td>\n<td class=\"AttrDValue\">\n<ul>\n<li>Instrukcja obs\u0142ugi<\/li>\n<li>przew\u00f3d zasilaj\u0105cy<\/li>\n<\/ul>\n<\/td>\n<\/tr>\n<tr class=\"AttrDRow\">\n<td class=\"AttrDTypeName\">Szeroko\u015b\u0107<\/td>\n<td class=\"AttrDValue\">389 mm<\/td>\n<\/tr>\n<tr class=\"AttrDAltRow\">\n<td class=\"AttrDTypeName\">G\u0142\u0119boko\u015b\u0107<\/td>\n<td class=\"AttrDValue\">472 mm<\/td>\n<\/tr>\n<tr class=\"AttrDRow\">\n<td class=\"AttrDTypeName\">Wysoko\u015b\u0107<\/td>\n<td class=\"AttrDValue\">468 mm<\/td>\n<\/tr>\n<tr class=\"AttrDAltRow\">\n<td class=\"AttrDTypeName\">Masa netto<\/td>\n<td class=\"AttrDValue\">20 kg<\/td>\n<\/tr>\n<tr class=\"AttrDRow\">\n<td class=\"AttrDTypeName\">Dodatkowe informacje o gwarancji<\/td>\n<td class=\"AttrDValue\">12 miesi\u0119cy<\/td>\n<\/tr>\n<\/tbody>\n<\/table>\n<\/td>\n<\/tr>\n<\/tbody>\n<\/table>\n","protected":false},"excerpt":{"rendered":"<p>Technologia druku Laserowa Podstawowe funkcje urz\u0105dzenia drukarka Kopiarka Skaner Faks Maksymalna szybko\u015b\u0107 druku (mono) 33 str.\/min. Druk w kolorze Nie \u015arednia wydajno\u015b\u0107 0-3600 stron miesi\u0119cznie Maksymalna wydajno\u015b\u0107 50000 stron miesi\u0119cznie Czas nagrzewania 75 s Wy\u015bwietlacz LCD Tak Typ wy\u015bwietlacza LCD &hellip; <a href=\"https:\/\/xerograf.pl\/?product=develop-ineo-3320\">Continued<\/a><\/p>\n","protected":false},"featured_media":762,"comment_status":"closed","ping_status":"closed","template":"","meta":[],"product_cat":[32],"product_tag":[],"class_list":{"0":"post-761","1":"product","2":"type-product","3":"status-publish","4":"has-post-thumbnail","6":"product_cat-develop","8":"first","9":"instock","10":"shipping-taxable","11":"product-type-simple"},"acf":[],"_links":{"self":[{"href":"https:\/\/xerograf.pl\/index.php?rest_route=\/wp\/v2\/product\/761","targetHints":{"allow":["GET"]}}],"collection":[{"href":"https:\/\/xerograf.pl\/index.php?rest_route=\/wp\/v2\/product"}],"about":[{"href":"https:\/\/xerograf.pl\/index.php?rest_route=\/wp\/v2\/types\/product"}],"replies":[{"embeddable":true,"href":"https:\/\/xerograf.pl\/index.php?rest_route=%2Fwp%2Fv2%2Fcomments&post=761"}],"wp:featuredmedia":[{"embeddable":true,"href":"https:\/\/xerograf.pl\/index.php?rest_route=\/wp\/v2\/media\/762"}],"wp:attachment":[{"href":"https:\/\/xerograf.pl\/index.php?rest_route=%2Fwp%2Fv2%2Fmedia&parent=761"}],"wp:term":[{"taxonomy":"product_cat","embeddable":true,"href":"https:\/\/xerograf.pl\/index.php?rest_route=%2Fwp%2Fv2%2Fproduct_cat&post=761"},{"taxonomy":"product_tag","embeddable":true,"href":"https:\/\/xerograf.pl\/index.php?rest_route=%2Fwp%2Fv2%2Fproduct_tag&post=761"}],"curies":[{"name":"wp","href":"https:\/\/api.w.org\/{rel}","templated":true}]}}