{"id":703,"date":"2015-03-31T19:58:52","date_gmt":"2015-03-31T19:58:52","guid":{"rendered":"https:\/\/xerograf.pl\/?post_type=product&#038;p=703"},"modified":"2025-05-29T17:58:41","modified_gmt":"2025-05-29T17:58:41","slug":"develop-ineo-364ekolor","status":"publish","type":"product","link":"https:\/\/xerograf.pl\/?product=develop-ineo-364ekolor","title":{"rendered":"Develop ineo +364e\/Kolor\/"},"content":{"rendered":"<p>Nazwa produktu Zestaw ineo+ 364e (Szafka DK-510,ADF DF-624,Toner) (do instalacji przez serwis)<br \/>\nProducent Develop<br \/>\nKlasa produktu Biurowe urz\u0105dzenia wielofunkcyjne<\/p>\n<p>Informacje podstawowe<br \/>\nTechnologia druku Laserowa<br \/>\nPodstawowe funkcje urz\u0105dzenia \u2022 drukarka<br \/>\n\u2022 Kopiarka<br \/>\n\u2022 Skaner<br \/>\nOpcjonalne funkcje urz\u0105dzenia Faks<br \/>\nMaksymalna szybko\u015b\u0107 druku (mono) 36 str.\/min.<br \/>\nDruk w kolorze Tak<br \/>\nMaksymalna szybko\u015b\u0107 druku (kolor) 36 str.\/min.<br \/>\n\u015arednia wydajno\u015b\u0107 0-25000 stron miesi\u0119cznie<br \/>\nMaksymalna wydajno\u015b\u0107 125000 stron miesi\u0119cznie<br \/>\nCzas nagrzewania 20 s<br \/>\nWy\u015bwietlacz LCD Tak<br \/>\nTyp wy\u015bwietlacza LCD \u2022 Kolorowy wy\u015bwietlacz<br \/>\n\u2022 Ekran dotykowy<br \/>\nInterfejsy \/ Komunikacja<br \/>\nZ\u0142\u0105cze zewn\u0119trzne \u2022 1 x USB 2.0<br \/>\n\u2022 1x RJ-45 (GigabitEthernet 10\/100\/1000)<br \/>\nKarta sieciowa (LAN) Nie<br \/>\nBezprzewodowa karta sieciowa Nie<br \/>\nObs\u0142uga papieru \/ no\u015bniki<br \/>\nMaksymalny rozmiar papieru \u2022 A3+<br \/>\n\u2022 A3<br \/>\nObs\u0142ugiwane rozmiary papieru \u2022 papier A3+<br \/>\n\u2022 papier A3<br \/>\n\u2022 papier A4<br \/>\n\u2022 papier A5<br \/>\n\u2022 papier B5<br \/>\nGramatura papieru 52-300 g\/m2<br \/>\nStandardowa pojemno\u015b\u0107 podajnik\u00f3w papieru 1150 szt.<br \/>\nMaks. pojemno\u015b\u0107 podajnik\u00f3w papieru 3650 szt.<br \/>\nPojemno\u015b\u0107 tacy odbiorczej 250 szt.<br \/>\nAutomatyczny podajnik dokument\u00f3w Tak DADF<br \/>\nPojemno\u015b\u0107 podajnika dokument\u00f3w 100 szt.<br \/>\nGramatura papieru obs\u0142ugiwana w ADF 35-163 g\/m2<br \/>\nDupleks Tak<br \/>\nFormat papieru obs\u0142ugiwanego w dupleksie \u2022 papier A3<br \/>\n\u2022 papier A4<br \/>\n\u2022 papier A5<br \/>\nGramatura papieru obs\u0142ugiwanego w dupleksie 52-256 g\/m2<br \/>\nPami\u0119\u0107<br \/>\nZainstalowana pami\u0119\u0107 2 GB<br \/>\nMaksymalna wielko\u015b\u0107 pami\u0119ci 4 GB<br \/>\nDysk twardy Tak<br \/>\nPojemno\u015b\u0107 dysku &#8211; zainstalowanego 250 GB<br \/>\nWbudowany czytnik kart pami\u0119ci Nie<br \/>\nSpecyfikacja drukarki<br \/>\nRozdzielczo\u015b\u0107 w poziomie (mono) 1800 dpi<br \/>\nRozdzielczo\u015b\u0107 w pionie (mono) 600 dpi<br \/>\nRozdzielczo\u015b\u0107 w poziomie (kolor) 1200 dpi<br \/>\nRozdzielczo\u015b\u0107 w pionie (kolor) 1200 dpi<br \/>\nPr\u0119dko\u015b\u0107 procesora 800 MHz<br \/>\nDrukowanie sieciowe Tak<br \/>\nEmulacje \u2022 PCL 6<br \/>\n\u2022 PostScript Level 3<br \/>\n\u2022 XPS<br \/>\n\u2022 PCL 5e<br \/>\nDrukowanie z USB Tak<br \/>\nSpecyfikacja skanera<br \/>\nTyp skanera \u2022 Automatyczny Podajnik Papieru<br \/>\n\u2022 Dupleks<br \/>\n\u2022 kolorowy<br \/>\n\u2022 stolikowy<br \/>\nMaksymalna pr\u0119dko\u015b\u0107 skanowania (mono) 80 str.\/min.<br \/>\nMaksymalna pr\u0119dko\u015b\u0107 skanowania (kolor) 80 str.\/min.<br \/>\nOptyczna rozdzielczo\u015b\u0107 skanowania 600 x 600 dpi<br \/>\nMaksymalna rozdzielczo\u015b\u0107 skanowania 600 x 600 dpi<br \/>\nSkanowanie sieciowe Tak<br \/>\nTryby skanowania \u2022 Skanowanie do poczty e-mail<br \/>\n\u2022 Skanowanie do FTP<br \/>\n\u2022 standardowy<br \/>\n\u2022 Skanowanie do pami\u0119ci USB<br \/>\n\u2022 Skanowanie do folderu sieciowego<br \/>\nFormat plik\u00f3w \u2022 JPEG<br \/>\n\u2022 PDF<br \/>\n\u2022 TIFF<br \/>\n\u2022 TXT<br \/>\n\u2022 PDF\/A<br \/>\nSpecyfikacja kopiarki<br \/>\nCzas wykonania pierwszej kopii &#8211; cz\/b 5,3 s<br \/>\nCzas wykonania pierwszej kopii &#8211; kolor 6,9 s<br \/>\nMaks. liczba kopii 9999 szt.<br \/>\nSkalowanie 25-400 %<br \/>\nFormat orygina\u0142u \u2022 papier A3<br \/>\n\u2022 papier A4<br \/>\n\u2022 papier A5<br \/>\nSkala szaro\u015bci 256 poziom\u00f3w<br \/>\nSpecyfikacja faksu<br \/>\nTyp modemu \u2022 G3<br \/>\n\u2022 Super 3G<br \/>\nSzybko\u015b\u0107 wysy\u0142ania danych (Upstream) 33,6 kB\/s<br \/>\nMaksymalna rozdzielczo\u015b\u0107 faksu 600 dpi<br \/>\nTryby korekcji b\u0142\u0119d\u00f3w \u2022 JBIG<br \/>\n\u2022 MH<br \/>\n\u2022 MMR<br \/>\n\u2022 MR<br \/>\nPozosta\u0142e informacje<br \/>\nZainstalowane wyposa\u017cenie \u2022 DADF (automatyczny podajnik dokument\u00f3w z duplexem) pojemno\u015b\u0107: 100 arkuszy<br \/>\n\u2022 podajnik 2&#215;500 ark.<br \/>\n\u2022 Dupleks<br \/>\n\u2022 Tacka odbiorcza na 250 arkuszy<br \/>\n\u2022 Dysk twardy 250 GB<br \/>\n\u2022 panel dotykowy<br \/>\nDost\u0119pne wyposa\u017cenie opcjonalne \u2022 Faks<br \/>\n\u2022 Zszywacz<br \/>\nToner startowy Tak<br \/>\nWydajno\u015b\u0107 toneru startowego &#8211; czarny 27000 stron<br \/>\nWydajno\u015b\u0107 toneru startowego &#8211; kolor 25000 stron<br \/>\nWydajno\u015b\u0107 toneru standardowego &#8211; czarny 27000 stron<br \/>\nWydajno\u015b\u0107 toneru standardowego &#8211; kolor 25000 stron<br \/>\n\u017bywotno\u015b\u0107 b\u0119bna &#8211; czarny 120000 stron<br \/>\n\u017bywotno\u015b\u0107 b\u0119bna &#8211; kolor 90000 stron<br \/>\nKonta u\u017cytkownik\u00f3w 1000<br \/>\nObs\u0142ugiwane systemy operacyjne \u2022 Linux<br \/>\n\u2022 Microsoft Windows 7 (32-bit)<br \/>\n\u2022 Microsoft Windows 7 (64-bit)<br \/>\n\u2022 Microsoft Windows Vista (32-bit)<br \/>\n\u2022 Microsoft Windows Vista (64 bit)<br \/>\n\u2022 Microsoft Windows 8 32-bit<br \/>\n\u2022 Microsoft Windows 8 64-bit<br \/>\n\u2022 Microsoft Windows XP (32-bit)<br \/>\n\u2022 Microsoft Windows XP (64-bit)<br \/>\n\u2022 Microsoft Windows Server 2003<br \/>\n\u2022 Microsoft Windows Server 2008<br \/>\n\u2022 Microsoft Windows Server 2012<br \/>\n\u2022 UNIX<br \/>\n\u2022 Citrix<br \/>\nDo\u0142\u0105czone oprogramowanie Driver and Utility CD<br \/>\nZawarto\u015b\u0107 zestawu \u2022 Instrukcja obs\u0142ugi<br \/>\n\u2022 przew\u00f3d zasilaj\u0105cy<br \/>\nPob\u00f3r mocy (praca\/spoczynek) 1580\/- Wat<br \/>\nSzeroko\u015b\u0107 1167 mm<br \/>\nG\u0142\u0119boko\u015b\u0107 615 mm<br \/>\nWysoko\u015b\u0107 685 mm<br \/>\nMasa netto 108 kg<br \/>\nDodatkowe informacje o gwarancji 24 miesi\u0105ce<\/p>\n","protected":false},"excerpt":{"rendered":"<p>Nazwa produktu Zestaw ineo+ 364e (Szafka DK-510,ADF DF-624,Toner) (do instalacji przez serwis) Producent Develop Klasa produktu Biurowe urz\u0105dzenia wielofunkcyjne Informacje podstawowe Technologia druku Laserowa Podstawowe funkcje urz\u0105dzenia \u2022 drukarka \u2022 Kopiarka \u2022 Skaner Opcjonalne funkcje urz\u0105dzenia Faks Maksymalna szybko\u015b\u0107 druku &hellip; <a href=\"https:\/\/xerograf.pl\/?product=develop-ineo-364ekolor\">Continued<\/a><\/p>\n","protected":false},"featured_media":704,"comment_status":"open","ping_status":"closed","template":"","meta":[],"product_cat":[32],"product_tag":[],"class_list":{"0":"post-703","1":"product","2":"type-product","3":"status-publish","4":"has-post-thumbnail","6":"product_cat-develop","8":"first","9":"instock","10":"shipping-taxable","11":"product-type-simple"},"acf":[],"_links":{"self":[{"href":"https:\/\/xerograf.pl\/index.php?rest_route=\/wp\/v2\/product\/703","targetHints":{"allow":["GET"]}}],"collection":[{"href":"https:\/\/xerograf.pl\/index.php?rest_route=\/wp\/v2\/product"}],"about":[{"href":"https:\/\/xerograf.pl\/index.php?rest_route=\/wp\/v2\/types\/product"}],"replies":[{"embeddable":true,"href":"https:\/\/xerograf.pl\/index.php?rest_route=%2Fwp%2Fv2%2Fcomments&post=703"}],"wp:featuredmedia":[{"embeddable":true,"href":"https:\/\/xerograf.pl\/index.php?rest_route=\/wp\/v2\/media\/704"}],"wp:attachment":[{"href":"https:\/\/xerograf.pl\/index.php?rest_route=%2Fwp%2Fv2%2Fmedia&parent=703"}],"wp:term":[{"taxonomy":"product_cat","embeddable":true,"href":"https:\/\/xerograf.pl\/index.php?rest_route=%2Fwp%2Fv2%2Fproduct_cat&post=703"},{"taxonomy":"product_tag","embeddable":true,"href":"https:\/\/xerograf.pl\/index.php?rest_route=%2Fwp%2Fv2%2Fproduct_tag&post=703"}],"curies":[{"name":"wp","href":"https:\/\/api.w.org\/{rel}","templated":true}]}}