{"id":542,"date":"2015-03-20T17:38:40","date_gmt":"2015-03-20T17:38:40","guid":{"rendered":"https:\/\/xerograf.pl\/?post_type=product&#038;p=542"},"modified":"2025-05-29T14:30:10","modified_gmt":"2025-05-29T14:30:10","slug":"konica-minolta-bizhub-420500","status":"publish","type":"product","link":"https:\/\/xerograf.pl\/?product=konica-minolta-bizhub-420500","title":{"rendered":"Konica Minolta Bizhub 250-350"},"content":{"rendered":"<p><strong><em>Bizhub350<\/em><\/strong> jest elastycznym monochromatycznym urz\u0105dzeniem wielofunkcyjnym z nowej, odmienionej serii bizhub. Wyr\u00f3\u017cnia si\u0119 bardzo niskimi kosztami eksploatacji zachowuj\u0105c jednocze\u015bnie bardzo wysok\u0105 jako\u015b\u0107 wydruku. Wraz z szerokim zakresem funkcji wyka\u0144czania bizhub 350 jest bezkonkurencyjnym rozwi\u0105zaniem dla firm biznesowych, biur, urz\u0119d\u00f3w, agencji reklamowych oraz punkt\u00f3w specjalizuj\u0105cych w powielaniu wydruk\u00f3w.<\/p>\n<p>Wielofunkcyjne urz\u0105dzenie Bizhub 250\/350 przystosowane jest do pracy w sieci komputerowej, co czyni je:<\/p>\n<p>&#8211; drukark\u0105 sieciow\u0105 pracuj\u0105ca z szybko\u015bci\u0105 25\/35 stron \/ minut\u0119,<\/p>\n<p>&#8211; kopiark\u0105 laserow\u0105 pracuj\u0105ca z szybko\u015bci\u0105 25\/35 stron \/ minut\u0119,<\/p>\n<p>&#8211; skanerem sieciowym pracuj\u0105cym z szybko\u015bci\u0105 70 stron \/ minut\u0119,<\/p>\n<p>&#8211; serwerem dokument\u00f3w.<\/p>\n<p>&nbsp;<\/p>\n<p><strong>Bizhub 250-350<\/strong><br \/>\nZasobniki papieru mog\u0105 pomie\u015bci\u0107 do 3650 arkuszy papieru.<br \/>\nWyposa\u017cenie urz\u0105dzenia w 40 GB twardy dysk oraz w pami\u0119\u0107 urz\u0105dzenia do 320MB zapewnia wystarczaj\u0105c\u0105 ilo\u015b\u0107 pami\u0119ci dla pracy w sieci komputerowej. U\u017cytkownicy sieci maj\u0105 mo\u017cliwo\u015b\u0107 dost\u0119pu do funkcji i ustawie\u0144 parametr\u00f3w urz\u0105dzenia BIZHUB 350 z pozycji w\u0142asnego stanowiska komputerowego. Ustawienia program\u00f3w skanowania oraz tworzenie grup u\u017cytkownik\u00f3w usprawnia przep\u0142yw dokument\u00f3w w firmie oraz obni\u017ca koszy zwi\u0105zane z archiwizacj\u0105 dokument\u00f3w.<br \/>\nDodatkowe szerokie mo\u017cliwo\u015bci sortowania oraz wyka\u0144czania takie, jak zszywanie, dziurkowanie czy broszurowanie dokument\u00f3w kopiowanych, drukowanych oraz faks\u00f3w, sprawia, \u017ce BIZHUB 350 jest niezast\u0105pionym wszechstronnym urz\u0105dzeniem usprawniaj\u0105cym prac\u0119 w firmie.<\/p>\n<p><strong>Najwy\u017csza jako\u015b\u0107<\/strong><br \/>\nGwarancja najwy\u017cszej jako\u015bci druku dla BIZHUB 350 dzi\u0119ki zastosowaniu tonera polimeryzowanego. Drukarka wyposa\u017cona jest r\u00f3wnie\u017c w nowy kontroler Emperon wsp\u00f3\u0142pracuj\u0105cy z systemami Windows, Mac OS oraz Unix. Dzi\u0119ki temu czas wydruku jest maksymalnie kr\u00f3tki a jako\u015b\u0107 wydruku doskona\u0142a. Zastosowanie zaawansowanego kontrolera wydruku PS oraz PCL pozwala na uzyskanie najwy\u017cszej jako\u015bci druku, nawet w odwzorowaniu linii i tabel oraz wszelkich najmniejszych szczeg\u00f3\u0142\u00f3w orygina\u0142u.<\/p>\n<p><strong>Bezpiecze\u0144stwo<\/strong><br \/>\nBIZHUB 350 oferuje funkcj\u0119 skanowania dokument\u00f3w na adresy e-mail, serwery FTP, SMB , skanowanie na dysk twardy urz\u0105dzenia (opcja). Dost\u0119pne oprogramowanie umo\u017cliwia administrowanie urz\u0105dzeniem, dokumentami, adresami oraz zapewnia bezpiecze\u0144stwo danych. Funkcja zak\u0142adania Box\u00f3w na dysku twardym BIZHUB 250 oraz mo\u017cliwo\u015b\u0107 za\u0142o\u017cenia has\u0142a dost\u0119pu do przetrzymywanych na nim dokument\u00f3w, pozwala na zapewnienie bezpiecze\u0144stwa przed utrat\u0105 danych oraz dostania si\u0119 dokument\u00f3w w niepowo\u0142ane r\u0119ce.<\/p>\n<table width=\"98%\">\n<tbody>\n<tr>\n<td><\/td>\n<\/tr>\n<\/tbody>\n<\/table>\n<p>&nbsp;<\/p>\n","protected":false},"excerpt":{"rendered":"<p>Bizhub350 jest elastycznym monochromatycznym urz\u0105dzeniem wielofunkcyjnym z nowej, odmienionej serii bizhub. Wyr\u00f3\u017cnia si\u0119 bardzo niskimi kosztami eksploatacji zachowuj\u0105c jednocze\u015bnie bardzo wysok\u0105 jako\u015b\u0107 wydruku. Wraz z szerokim zakresem funkcji wyka\u0144czania bizhub 350 jest bezkonkurencyjnym rozwi\u0105zaniem dla firm biznesowych, biur, urz\u0119d\u00f3w, agencji &hellip; <a href=\"https:\/\/xerograf.pl\/?product=konica-minolta-bizhub-420500\">Continued<\/a><\/p>\n","protected":false},"featured_media":609,"comment_status":"open","ping_status":"closed","template":"","meta":[],"product_cat":[35,34],"product_tag":[],"class_list":{"0":"post-542","1":"product","2":"type-product","3":"status-publish","4":"has-post-thumbnail","6":"product_cat-konica-minolta","7":"product_cat-kserokopiarki-uzywane","9":"first","10":"instock","11":"shipping-taxable","12":"product-type-simple"},"acf":[],"_links":{"self":[{"href":"https:\/\/xerograf.pl\/index.php?rest_route=\/wp\/v2\/product\/542","targetHints":{"allow":["GET"]}}],"collection":[{"href":"https:\/\/xerograf.pl\/index.php?rest_route=\/wp\/v2\/product"}],"about":[{"href":"https:\/\/xerograf.pl\/index.php?rest_route=\/wp\/v2\/types\/product"}],"replies":[{"embeddable":true,"href":"https:\/\/xerograf.pl\/index.php?rest_route=%2Fwp%2Fv2%2Fcomments&post=542"}],"wp:featuredmedia":[{"embeddable":true,"href":"https:\/\/xerograf.pl\/index.php?rest_route=\/wp\/v2\/media\/609"}],"wp:attachment":[{"href":"https:\/\/xerograf.pl\/index.php?rest_route=%2Fwp%2Fv2%2Fmedia&parent=542"}],"wp:term":[{"taxonomy":"product_cat","embeddable":true,"href":"https:\/\/xerograf.pl\/index.php?rest_route=%2Fwp%2Fv2%2Fproduct_cat&post=542"},{"taxonomy":"product_tag","embeddable":true,"href":"https:\/\/xerograf.pl\/index.php?rest_route=%2Fwp%2Fv2%2Fproduct_tag&post=542"}],"curies":[{"name":"wp","href":"https:\/\/api.w.org\/{rel}","templated":true}]}}