{"id":540,"date":"2015-03-20T17:32:21","date_gmt":"2015-03-20T17:32:21","guid":{"rendered":"https:\/\/xerograf.pl\/?post_type=product&#038;p=540"},"modified":"2025-06-03T21:47:30","modified_gmt":"2025-06-03T21:47:30","slug":"konica-minolta-di-3510","status":"publish","type":"product","link":"https:\/\/xerograf.pl\/?product=konica-minolta-di-3510","title":{"rendered":"Konica Minolta\u00a0Bizhub 222"},"content":{"rendered":"<p>Podstawowe parametry:<br \/>\n-Urz\u0105dzenie: cyfrowe, laserowe, 600 dpi<br \/>\n-Funkcje: kopiarki, skanera, drukarki sieciowej<br \/>\n-Max. format: A3<br \/>\n-Zoom: 25-400%<br \/>\n-Szybko\u015b\u0107: 22 kopii\/min.<\/p>\n<p>Zestaw urz\u0105dzenia zawiera:<\/p>\n<p>&#8211; automatyczny podajnik dokument\u00f3w<br \/>\n&#8211; 2 kasety na 500 arkuszy,<br \/>\n&#8211; podajnik r\u0119czny na 150 arkuszy,<br \/>\n&#8211; duplex,<br \/>\n&#8211; drukarka PCL\/PS3,<br \/>\n&#8211; karta sieciowa,<br \/>\n&#8211; skaner,<br \/>\n&#8211; b\u0119ben,<br \/>\n&#8211; deweloper<\/p>\n<p><strong>Funkcjonalno\u015b\u0107<\/strong><\/p>\n<ul>\n<li>Kopiowanie i drukowanie 22 strony A4 \/ minut\u0119 i 15 stron A3 \/ minut\u0119 w czerni<\/li>\n<li>Skanowanie max. 70 stron \/ minut\u0119 (200 dpi)<\/li>\n<li>Fax z Super-G3 &#8211; opcja,\u00a0 time shift, przekierowanie faxu, wysy\u0142anie do pami\u0119ci \/ na E-mail, PC-Fax<\/li>\n<li>Wbudowany kontroler 300 MHz (standard);<\/li>\n<\/ul>\n<table width=\"98%\">\n<tbody>\n<tr>\n<td colspan=\"2\"><strong>Specyfikacja Urz\u0105dzenia<\/strong><\/td>\n<\/tr>\n<tr>\n<td width=\"50%\">\u00b7\u00a0 Budowa<\/td>\n<td width=\"50%\">konsolowa<\/td>\n<\/tr>\n<tr>\n<td width=\"50%\">\u00b7\u00a0 Szybko\u015b\u0107 kopiowania<\/td>\n<td width=\"50%\">max. 22 A4 \/ minut\u0119<br \/>\nmax. 15 A3 \/ minut\u0119<\/td>\n<\/tr>\n<tr>\n<td width=\"50%\">\u00b7\u00a0 Szybko\u015b\u0107 drukowania<\/td>\n<td width=\"50%\">max. 22 A4 \/ minut\u0119<br \/>\nmax. 15 A3 \/ minut\u0119<\/td>\n<\/tr>\n<tr>\n<td width=\"50%\">\u00b7\u00a0 System kopiowania<\/td>\n<td width=\"50%\">laser<\/td>\n<\/tr>\n<tr>\n<td width=\"50%\">\u00b7\u00a0 Rodzaj b\u0119bna<\/td>\n<td width=\"50%\">organiczny<\/td>\n<\/tr>\n<tr>\n<td width=\"50%\">\u00b7\u00a0 Skala szaro\u015bci<\/td>\n<td width=\"50%\">256<\/td>\n<\/tr>\n<tr>\n<td width=\"50%\">\u00b7\u00a0 Zasobniki papieru<\/td>\n<td width=\"50%\">standard: 1150 arkuszy, max. 3650 arkuszy<br \/>\nkaseta na 2&#215;500 arkuszy A5 &#8211; A3 (56-90 g\/m<sup>2<\/sup>)<br \/>\npodajnik r\u0119czny na 150 arkuszy A6-A3 (50-210 g\/m<sup>2<\/sup>) dla papieru zwyk\u0142ego, kopert, folii, grubego papieru<\/td>\n<\/tr>\n<tr>\n<td width=\"50%\">\u00b7\u00a0 Modu\u0142 duplexu<\/td>\n<td width=\"50%\">A5-A3<br \/>\ngramatura papieru: 60-90 g\/m<sup>2<\/sup><\/td>\n<\/tr>\n<tr>\n<td width=\"50%\">\u00b7\u00a0 Format papieru<\/td>\n<td width=\"50%\">max. 297 x 432 mm<\/td>\n<\/tr>\n<tr>\n<td width=\"50%\">\u00b7\u00a0 Gramatura papieru<\/td>\n<td width=\"50%\">50 &#8211; 210 g\/m<sup>2<\/sup><\/td>\n<\/tr>\n<tr>\n<td width=\"50%\">\u00b7\u00a0 Obszar wydruku<\/td>\n<td width=\"50%\">max. 289 x 412 mm<\/td>\n<\/tr>\n<tr>\n<td width=\"50%\">\u00b7\u00a0 Czas nagrzewania<\/td>\n<td width=\"50%\">poni\u017cej 24 s<\/td>\n<\/tr>\n<tr>\n<td width=\"50%\">\u00b7\u00a0 Wymiary<\/td>\n<td width=\"50%\">677 x 718 x 710 (szer. x wys. x g\u0142.)<\/td>\n<\/tr>\n<tr>\n<td width=\"50%\">\u00b7\u00a0 Waga<\/td>\n<td width=\"50%\">ok. 74 kg (bez opcji)<\/td>\n<\/tr>\n<tr>\n<td width=\"50%\">\u00b7\u00a0 Zasilanie<\/td>\n<td width=\"50%\">230 V, 50 Hz<\/td>\n<\/tr>\n<tr>\n<td><\/td>\n<td><\/td>\n<\/tr>\n<tr>\n<td colspan=\"2\"><strong>Specyfikacja kopiarki<\/strong><\/td>\n<\/tr>\n<tr>\n<td width=\"50%\">\u00b7\u00a0 Podajnik dokument\u00f3w<\/td>\n<td width=\"50%\">duplex (60-90 g\/m<sup>2<\/sup>)<\/td>\n<\/tr>\n<tr>\n<td width=\"50%\">\u00b7\u00a0 Wielokrotno\u015b\u0107 kopiowania<\/td>\n<td width=\"50%\">1 &#8211; 999<\/td>\n<\/tr>\n<tr>\n<td width=\"50%\">\u00b7\u00a0 Pomniejszenie\/powi\u0119kszenie<\/td>\n<td width=\"50%\">25% &#8211; 400%, krokowo co 0,1%<\/td>\n<\/tr>\n<tr>\n<td width=\"50%\">\u00b7\u00a0 Czas uzyskania pierwszej kopii A4<\/td>\n<td width=\"50%\">5.3 s<\/td>\n<\/tr>\n<tr>\n<td width=\"50%\">\u00b7\u00a0 Pami\u0119\u0107 urz\u0105dzenia<\/td>\n<td width=\"50%\">192 MB \/max. 320 MB RAM<\/td>\n<\/tr>\n<tr>\n<td width=\"50%\">\u00b7\u00a0 Dysk Twardy<\/td>\n<td width=\"50%\">40 GB (opcja HD-504)<\/td>\n<\/tr>\n<tr>\n<td width=\"50%\">\u00b7\u00a0 Rozdzielczo\u015b\u0107<\/td>\n<td width=\"50%\">max. 600 x 600 dpi<\/td>\n<\/tr>\n<tr>\n<td width=\"50%\">\u00b7\u00a0 Funkcje zaawansowane<\/td>\n<td width=\"50%\">2 w 1 \/ 4 w 1 \/ 8 w 1<br \/>\nBook Copy<br \/>\nWstawianie stron<br \/>\nKopia pr\u00f3bna<br \/>\nOk\u0142adki<br \/>\nWymazywanie kraw\u0119dzi\/ramek<br \/>\nPozytyw \/ negatyw<br \/>\nZnak wodny<\/td>\n<\/tr>\n<tr>\n<td><\/td>\n<td><\/td>\n<\/tr>\n<tr>\n<td colspan=\"2\"><strong>Specyfikacja drukarki<\/strong><\/td>\n<\/tr>\n<tr>\n<td width=\"50%\">\u00b7\u00a0 Kontroler<\/td>\n<td width=\"50%\">wbudowany (standard)<\/td>\n<\/tr>\n<tr>\n<td width=\"50%\">\u00b7\u00a0 Dysk Twardy<\/td>\n<td width=\"50%\">40 GB (opcja HD-504)<\/td>\n<\/tr>\n<tr>\n<td width=\"50%\">\u00b7\u00a0 Pami\u0119\u0107<\/td>\n<td width=\"50%\">192 MB \/max. 320 MB<\/td>\n<\/tr>\n<\/tbody>\n<\/table>\n<p><strong>Media<\/strong><\/p>\n<ul>\n<li>Standard: 1150 arkuszy, max. 3650 arkuszy<\/li>\n<li>Kaseta 2 x 500 arkuszy dla standardowego papieru (A5-A3, 56-90 g\/m<sup>2<\/sup>)<\/li>\n<li>Podajnik r\u0119czny na 150 arkuszy (A6-A3, 50\u2013210 g\/m<sup>2<\/sup>) dla papieru standardowego, folii, kopert, grubego papieru<\/li>\n<li>Modu\u0142 duplexu max. 90 g\/m<sup><sup>2<\/sup><\/sup><br \/>\n<table width=\"98%\">\n<tbody>\n<tr>\n<td width=\"50%\">\u00b7\u00a0 Rozdzielczo\u015b\u0107<\/td>\n<td width=\"50%\">600 x 600 dpi<\/td>\n<\/tr>\n<tr>\n<td width=\"50%\">\u00b7\u00a0 Protoko\u0142y sieciowe<\/td>\n<td width=\"50%\">IPX\/SPX, TCP\/IP, EtherTalk, IPP, SNMP, SNMTP\/POP3, HTTP, Netware, NDPS, Ipd, IPP, Apple Talk, Nibble\/ECP<\/td>\n<\/tr>\n<tr>\n<td width=\"50%\">\u00b7\u00a0 J\u0119zyk opisu strony<\/td>\n<td width=\"50%\">PCL 6, PS 3<\/td>\n<\/tr>\n<tr>\n<td width=\"50%\">\u00b7\u00a0 Interfejs<\/td>\n<td width=\"50%\">Ethernet 10\/100 BaseT, USB 2.0, Parallel (opcja)<\/td>\n<\/tr>\n<tr>\n<td width=\"50%\">\u00b7\u00a0 Sterowniki<\/td>\n<td width=\"50%\">Windows 2000\/XP\/XP64\/Vista, Server 2003\/2003&#215;64, Server 2008, Mac OS 9.x\/10.x<\/td>\n<\/tr>\n<tr>\n<td width=\"50%\">\u00b7\u00a0 Funkcje zaawansowane<\/td>\n<td width=\"50%\">Drukowanie dwustronne<br \/>\nN-Up<br \/>\nOk\u0142adki<br \/>\nPrzek\u0142adki<br \/>\nZnak wodny<br \/>\nTryb oszcz\u0119dno\u015bci tonera<br \/>\nWydruk pr\u00f3bny<br \/>\nBezpieczny wydruk<\/td>\n<\/tr>\n<tr>\n<td><\/td>\n<td><\/td>\n<\/tr>\n<tr>\n<td colspan=\"2\"><strong>Specyfikacja skanera<\/strong><\/td>\n<\/tr>\n<tr>\n<td width=\"50%\">\u00b7\u00a0 Rodzaj skanowania<\/td>\n<td width=\"50%\">Skanowanie do e-mail\/iFax\/SMB\/URL\/FTP<br \/>\nOpcjonalnie: TWAIN-SCAN, skanowanie po IP, skanowanie do folderu (Box)<\/td>\n<\/tr>\n<tr>\n<td width=\"50%\">\u00b7\u00a0 Rozdzielczo\u015b\u0107<\/td>\n<td width=\"50%\">max. 600 x 600 dpi<\/td>\n<\/tr>\n<tr>\n<td width=\"50%\">\u00b7\u00a0 Szybko\u015b\u0107 skanowania<\/td>\n<td width=\"50%\">max. 70 stron \/ minut\u0119<\/td>\n<\/tr>\n<tr>\n<td width=\"50%\">\u00b7\u00a0 Rozmiar oryginal\u00f3w<\/td>\n<td width=\"50%\">A5 &#8211; A3<\/td>\n<\/tr>\n<tr>\n<td width=\"50%\">\u00b7\u00a0 Format skanowania<\/td>\n<td width=\"50%\">PDF, TIFF<\/td>\n<\/tr>\n<tr>\n<td><\/td>\n<td><\/td>\n<\/tr>\n<tr>\n<td colspan=\"2\"><strong>Specyfikacja faksu<\/strong><\/td>\n<\/tr>\n<tr>\n<td width=\"50%\">\u00b7\u00a0 Kompatybilno\u015b\u0107<\/td>\n<td width=\"50%\">G3\/Super G3, MH, MR, MMR, JBIG\/ECM, iFax<br \/>\nOpcjonalnie: IPFax<\/td>\n<\/tr>\n<tr>\n<td width=\"50%\">\u00b7\u00a0 Wielko\u015b\u0107 i szybko\u015b\u0107 transferu<\/td>\n<td width=\"50%\">33,6 kBit\/s, &lt; 3 s ITU-TI<\/td>\n<\/tr>\n<tr>\n<td width=\"50%\">\u00b7\u00a0 Pami\u0119\u0107<\/td>\n<td width=\"50%\">32 MB<\/td>\n<\/tr>\n<tr>\n<td width=\"50%\">\u00b7\u00a0 Uwagi<\/td>\n<td width=\"50%\">Funkcja faxu w opcji<\/td>\n<\/tr>\n<\/tbody>\n<\/table>\n<\/li>\n<\/ul>\n","protected":false},"excerpt":{"rendered":"<p>Podstawowe parametry: -Urz\u0105dzenie: cyfrowe, laserowe, 600 dpi -Funkcje: kopiarki, skanera, drukarki sieciowej -Max. format: A3 -Zoom: 25-400% -Szybko\u015b\u0107: 22 kopii\/min. Zestaw urz\u0105dzenia zawiera: &#8211; automatyczny podajnik dokument\u00f3w &#8211; 2 kasety na 500 arkuszy, &#8211; podajnik r\u0119czny na 150 arkuszy, &#8211; &hellip; <a href=\"https:\/\/xerograf.pl\/?product=konica-minolta-di-3510\">Continued<\/a><\/p>\n","protected":false},"featured_media":614,"comment_status":"open","ping_status":"closed","template":"","meta":[],"product_cat":[35,34],"product_tag":[],"class_list":{"0":"post-540","1":"product","2":"type-product","3":"status-publish","4":"has-post-thumbnail","6":"product_cat-konica-minolta","7":"product_cat-kserokopiarki-uzywane","9":"first","10":"instock","11":"shipping-taxable","12":"product-type-simple"},"acf":[],"_links":{"self":[{"href":"https:\/\/xerograf.pl\/index.php?rest_route=\/wp\/v2\/product\/540","targetHints":{"allow":["GET"]}}],"collection":[{"href":"https:\/\/xerograf.pl\/index.php?rest_route=\/wp\/v2\/product"}],"about":[{"href":"https:\/\/xerograf.pl\/index.php?rest_route=\/wp\/v2\/types\/product"}],"replies":[{"embeddable":true,"href":"https:\/\/xerograf.pl\/index.php?rest_route=%2Fwp%2Fv2%2Fcomments&post=540"}],"wp:featuredmedia":[{"embeddable":true,"href":"https:\/\/xerograf.pl\/index.php?rest_route=\/wp\/v2\/media\/614"}],"wp:attachment":[{"href":"https:\/\/xerograf.pl\/index.php?rest_route=%2Fwp%2Fv2%2Fmedia&parent=540"}],"wp:term":[{"taxonomy":"product_cat","embeddable":true,"href":"https:\/\/xerograf.pl\/index.php?rest_route=%2Fwp%2Fv2%2Fproduct_cat&post=540"},{"taxonomy":"product_tag","embeddable":true,"href":"https:\/\/xerograf.pl\/index.php?rest_route=%2Fwp%2Fv2%2Fproduct_tag&post=540"}],"curies":[{"name":"wp","href":"https:\/\/api.w.org\/{rel}","templated":true}]}}