{"id":1836,"date":"2023-01-08T17:34:20","date_gmt":"2023-01-08T17:34:20","guid":{"rendered":"https:\/\/xerograf.pl\/?post_type=product&#038;p=1836"},"modified":"2023-01-08T17:39:23","modified_gmt":"2023-01-08T17:39:23","slug":"konica-minolta-4052","status":"publish","type":"product","link":"https:\/\/xerograf.pl\/?product=konica-minolta-4052","title":{"rendered":"Konica Minolta 4052"},"content":{"rendered":"<p>Czarno bia\u0142e urz\u0105dzenie wielofunkcyjne z kolorowym skanerem A4<strong> KONICA MINOLTA 4052<\/strong><\/p>\n<p>Urz\u0105dzenie poleasingowe stan idealny, gwarancja, niskie przebiegi .<\/p>\n<p>&nbsp;<\/p>\n<p><strong>Specyfikacja systemu:<\/strong><\/p>\n<table width=\"733\">\n<tbody>\n<tr>\n<td width=\"280\"><strong>Pami\u0119\u0107 systemowa (standardowa\/maks.)<\/strong><\/td>\n<td>2 GB\/4 GB<\/td>\n<\/tr>\n<tr>\n<td width=\"280\"><strong>Twardy dysk<\/strong><\/td>\n<td>250 GB (standardowo)<\/td>\n<\/tr>\n<tr>\n<td width=\"280\"><strong>Interfejsy<\/strong><\/td>\n<td>10\/100\/1,000-Base-T Ethernet;<br \/>\nUSB 2.0;<br \/>\nWi-Fi 802.11b\/g\/n (opcja)<\/td>\n<\/tr>\n<tr>\n<td width=\"280\"><strong>Protoko\u0142y sieciowe<\/strong><\/td>\n<td>TCP\/IP (IPv4\/IPv6); SMB; LPD; IPP; SNMP; HTTP; HTTPS<\/td>\n<\/tr>\n<tr>\n<td width=\"280\"><strong>Automatyczny podajnik dokument\u00f3w<\/strong><\/td>\n<td>Do 50 orygina\u0142\u00f3w;<br \/>\nA6 &#8211; A4; 52-120 g\/m\u00b2;<br \/>\ndualscan ADF<\/td>\n<\/tr>\n<tr>\n<td width=\"280\"><strong>Format papieru<\/strong><\/td>\n<td>A6 &#8211; A4; w\u0142asne formaty papieru<\/td>\n<\/tr>\n<tr>\n<td width=\"280\"><strong>Gramatura papieru<\/strong><\/td>\n<td>60 &#8211; 216 g\/m\u00b2<\/td>\n<\/tr>\n<tr>\n<td width=\"280\"><strong>Pojemno\u015b\u0107 wej\u015bciowa papieru (standardowa\/maks.)<\/strong><\/td>\n<td>650 arkuszy\/2300 arkuszy<\/td>\n<\/tr>\n<\/tbody>\n<\/table>\n<p>Specyfikacja skanera<\/p>\n<table width=\"733\">\n<tbody>\n<tr>\n<td width=\"280\"><strong>Szybko\u015b\u0107 skanowania (mono\/kolor)<\/strong><\/td>\n<td>Do 47\/30 obraz\u00f3w\/min w trybie jednostronnym<br \/>\nDo 94\/60 obraz\u00f3w\/min w trybie dwustronnym<\/td>\n<\/tr>\n<tr>\n<td width=\"280\"><strong>Rozdzielczo\u015b\u0107 skanowania<\/strong><\/td>\n<td>Do 600 x 600 dpi<\/td>\n<\/tr>\n<tr>\n<td width=\"280\"><strong>Tryby skanowania<\/strong><\/td>\n<td>Skanowanie do e-mail (Scan-to-Me)<br \/>\nSkanowanie do SMB (Scan-to-Home)<br \/>\nSkanowanie do FTP<br \/>\nSkanowanie do HDD<br \/>\nSkanowanie do USB<br \/>\nSkanowanie do WebDAV<br \/>\nSkanowanie do URL<br \/>\nSkanowanie sieciowe TWAIN<\/td>\n<\/tr>\n<tr>\n<td width=\"280\"><strong>Formaty plik\u00f3w<\/strong><\/td>\n<td>TIFF<br \/>\nPDF; Kompaktowy PDF; zlinearyzowany PDF; szyfrowany PDF<br \/>\nJPEG<br \/>\nXPS; kompaktowy XPSPDF\/A (opcja)PPTX<\/td>\n<\/tr>\n<tr>\n<td width=\"280\"><strong>Miejsca przeznaczenia skanowanych dokument\u00f3w<\/strong><\/td>\n<td>2100 (pojedynczo i grupami);<br \/>\nobs\u0142uga LDAP<\/td>\n<\/tr>\n<tr>\n<td width=\"280\"><strong>Funkcje skanowania<\/strong><\/td>\n<td>do 400 program\u00f3w prac<\/td>\n<\/tr>\n<\/tbody>\n<\/table>\n<p><strong>\u00a0<\/strong><\/p>\n<p>Specyfikacja kopiarki<\/p>\n<table width=\"733\">\n<tbody>\n<tr>\n<td width=\"280\"><strong>Technologia tonera<\/strong><\/td>\n<td>Elektrostatyczny laser<\/td>\n<\/tr>\n<tr>\n<td width=\"280\"><strong>Szybko\u015b\u0107 kopiowania\/druku A4 (mono\/kolor)<\/strong><\/td>\n<td>Do 40 str.\/min.<\/td>\n<\/tr>\n<tr>\n<td width=\"280\"><strong>Autoduplex speed A4 (mono)<\/strong><\/td>\n<td>Do 30 str.\/min.<\/td>\n<\/tr>\n<\/tbody>\n<\/table>\n<p><strong>\u00a0<\/strong><\/p>\n<table width=\"733\">\n<tbody>\n<tr>\n<td width=\"280\"><strong>Podajniki papieru (standardowe)<\/strong><\/td>\n<td>550 arkuszy; A6 &#8211; A4, 60 &#8211; 120 g\/m\u00b2<\/td>\n<\/tr>\n<tr>\n<td width=\"280\"><strong>Podajniki papieru (opcjonalny)<\/strong><\/td>\n<td>3x 250\/550 arkuszy; A5-A4; 60-120 g\/m\u00b2<\/td>\n<\/tr>\n<tr>\n<td width=\"280\"><strong>Podajnik boczny<\/strong><\/td>\n<td>100 arkuszy; A6 &#8211; A4; w\u0142asne formaty papieru; 60 &#8211; 216 g\/m\u00b2<\/td>\n<\/tr>\n<tr>\n<td width=\"280\"><strong>Automatyczny druk dwustronny<\/strong><\/td>\n<td>A4; 60 &#8211; 90 g\/m\u00b2<\/td>\n<\/tr>\n<tr>\n<td width=\"280\"><strong>Tryby wyka\u0144czania<\/strong><\/td>\n<td>grupowanie\/sortowanie;<br \/>\nstemplowanie (opcjonalnie)<\/td>\n<\/tr>\n<tr>\n<td width=\"280\"><strong>Pojemno\u015b\u0107 wyj\u015bciowa papieru (standardowa)<\/strong><\/td>\n<td>maks.: 250 arkuszy<\/td>\n<\/tr>\n<tr>\n<td width=\"280\"><strong>Zszywanie<\/strong><\/td>\n<td>maks.: 20 arkuszy<\/td>\n<\/tr>\n<tr>\n<td width=\"280\"><strong>Wolumen kopiowania\/druku (miesi\u0119czny)<\/strong><\/td>\n<td>zalecany: 7000 stron<br \/>\nmaksymalnie: 100 000 stronW przypadku osi\u0105gni\u0119cia maksymalnego nak\u0142adu w ci\u0105gu okresu jednego roku nale\u017cy przeprowadzi\u0107 cykl konserwacji<\/td>\n<\/tr>\n<tr>\n<td width=\"280\"><strong>Wydajno\u015b\u0107 tonera<\/strong><\/td>\n<td>25 000 stron<\/td>\n<\/tr>\n<tr>\n<td width=\"280\"><strong>Wydajno\u015b\u0107 sekcji obrazowania<\/strong><\/td>\n<td>60 000 stron<\/td>\n<\/tr>\n<tr>\n<td width=\"280\"><strong>Pob\u00f3r mocy<\/strong><\/td>\n<td>220 &#8211; 240 V\/50\/60 Hz; poni\u017cej 600 W<\/td>\n<\/tr>\n<tr>\n<td width=\"280\"><strong>Wymiary urz\u0105dzenia (S x G x W)<\/strong><\/td>\n<td>490 x 521 x 546 mm<\/td>\n<\/tr>\n<tr>\n<td width=\"280\"><strong>Waga urz\u0105dzenia<\/strong><\/td>\n<td>oko\u0142o 24 kg (samo urz\u0105dzenie)<\/td>\n<\/tr>\n<\/tbody>\n<\/table>\n<p><strong>\u00a0<\/strong><\/p>\n<p>Specyfikacja drukarki<\/p>\n<table width=\"733\">\n<tbody>\n<tr>\n<td width=\"280\"><strong>Rozdzielczo\u015b\u0107 drukowania<\/strong><\/td>\n<td>600 x 600 dpi;<br \/>\n1200 x 1200 dpi<\/td>\n<\/tr>\n<tr>\n<td width=\"280\"><strong>J\u0119zyk opisu strony<\/strong><\/td>\n<td>PCL 6 (XL 3.0); PCL 5; PostScript 3 (CPSI 3016); XPS<\/td>\n<\/tr>\n<tr>\n<td width=\"280\"><strong>Systemy operacyjne<\/strong><\/td>\n<td>Windows 7 (32\/64); Windows 8 \/8.1 (32\/64); Windows 10 (32\/64);<br \/>\nWindows Server 2008 (32\/64); Windows Server 2008 R2;<br \/>\nWindows Server 2012; Windows Server 2012 R2;<br \/>\nWindows Server 2016; Macintosh OS X 10.9 lub nowszy;<br \/>\nLinux; Unix; Citrix<\/td>\n<\/tr>\n<tr>\n<td width=\"280\"><strong>Czcionki drukarki<\/strong><\/td>\n<td>80 PCL Latin; 137 PostScript 3 Emulation Latin<\/td>\n<\/tr>\n<\/tbody>\n<\/table>\n<p><strong>\u00a0 \u00a0 \u00a0 \u00a0 \u00a0<\/strong><\/p>\n<table width=\"733\">\n<tbody>\n<tr>\n<td width=\"280\"><strong>1st copy out time A4 (mono)<\/strong><\/td>\n<td>6.5 sek.<\/td>\n<\/tr>\n<tr>\n<td width=\"280\"><strong>Rozdzielczo\u015b\u0107 kopiowania<\/strong><\/td>\n<td>600 x 600 dpi<\/td>\n<\/tr>\n<tr>\n<td width=\"280\"><strong>P\u00f3\u0142tony<\/strong><\/td>\n<td>256 odcieni<\/td>\n<\/tr>\n<tr>\n<td width=\"280\"><strong>Ilo\u015b\u0107 kopii<\/strong><\/td>\n<td>1-9999<\/td>\n<\/tr>\n<tr>\n<td width=\"280\"><strong>Format orygina\u0142u<\/strong><\/td>\n<td>Maks. A4<\/td>\n<\/tr>\n<tr>\n<td width=\"280\"><strong>Powi\u0119kszenie<\/strong><\/td>\n<td>25\u00ad-400% w odst\u0119pach 0,1%<br \/>\nautomatyczny zoom<\/td>\n<\/tr>\n<tr>\n<td width=\"280\"><strong>Funkcje kopiowania<\/strong><\/td>\n<td>Sortowanie elektroniczne;<br \/>\nobs\u0142uga wielu zada\u0144;<br \/>\nustawienia (kontrast, ostro\u015b\u0107, g\u0119sto\u015b\u0107 obrazu);<br \/>\nkopia pr\u00f3bna;<br \/>\ntryb przerywania;<br \/>\nosobne skanowanie;<br \/>\nsortowanie\/grupowanie;<br \/>\n\u0142\u0105czenie;<br \/>\nwyb\u00f3r orygina\u0142u;<br \/>\nkopiowanie dokument\u00f3w;<br \/>\n2 na 1;<br \/>\n4 na 1;<br \/>\n8 na 1<\/td>\n<\/tr>\n<\/tbody>\n<\/table>\n<p>Specyfikacja faksu<\/p>\n<table width=\"733\">\n<tbody>\n<tr>\n<td width=\"280\"><strong>Standard faksu<\/strong><\/td>\n<td>Super G3 (opcja)<\/td>\n<\/tr>\n<tr>\n<td width=\"280\"><strong>Transmisja faksu<\/strong><\/td>\n<td>analogowa; i-Fax<\/td>\n<\/tr>\n<tr>\n<td width=\"280\"><strong>Rozdzielczo\u015b\u0107 faksu<\/strong><\/td>\n<td>Do 600 x 600 dpi (ultra-fi ne)<\/td>\n<\/tr>\n<tr>\n<td width=\"280\"><strong>Kompresja faksu<\/strong><\/td>\n<td>MH; MR; MMR; JBIG<\/td>\n<\/tr>\n<tr>\n<td width=\"280\"><strong>Modem faksu<\/strong><\/td>\n<td>Do 33,6 kb\/s<\/td>\n<\/tr>\n<tr>\n<td width=\"280\"><strong>Miejsca przeznaczenia dokument\u00f3w przesy\u0142anych faksem<\/strong><\/td>\n<td>2100 (pojedynczo i grupami)<\/td>\n<\/tr>\n<tr>\n<td width=\"280\"><strong>Funkcje faksu<\/strong><\/td>\n<td>przesuni\u0119cie czasowe;<br \/>\nPC-Faks;<br \/>\nprzekazywanie faks\u00f3w;<br \/>\ndo 400 program\u00f3w zada\u0144<\/td>\n<\/tr>\n<\/tbody>\n<\/table>\n","protected":false},"excerpt":{"rendered":"<p>Czarno bia\u0142e urz\u0105dzenie wielofunkcyjne z kolorowym skanerem A4 KONICA MINOLTA 4052 Urz\u0105dzenie poleasingowe stan idealny, gwarancja, niskie przebiegi . &nbsp; Specyfikacja systemu: Pami\u0119\u0107 systemowa (standardowa\/maks.) 2 GB\/4 GB Twardy dysk 250 GB (standardowo) Interfejsy 10\/100\/1,000-Base-T Ethernet; USB 2.0; Wi-Fi 802.11b\/g\/n &hellip; <a href=\"https:\/\/xerograf.pl\/?product=konica-minolta-4052\">Continued<\/a><\/p>\n","protected":false},"featured_media":1833,"comment_status":"closed","ping_status":"closed","template":"","meta":[],"product_cat":[35,34],"product_tag":[],"class_list":{"0":"post-1836","1":"product","2":"type-product","3":"status-publish","4":"has-post-thumbnail","6":"product_cat-konica-minolta","7":"product_cat-kserokopiarki-uzywane","9":"first","10":"instock","11":"shipping-taxable","12":"product-type-simple"},"acf":[],"_links":{"self":[{"href":"https:\/\/xerograf.pl\/index.php?rest_route=\/wp\/v2\/product\/1836","targetHints":{"allow":["GET"]}}],"collection":[{"href":"https:\/\/xerograf.pl\/index.php?rest_route=\/wp\/v2\/product"}],"about":[{"href":"https:\/\/xerograf.pl\/index.php?rest_route=\/wp\/v2\/types\/product"}],"replies":[{"embeddable":true,"href":"https:\/\/xerograf.pl\/index.php?rest_route=%2Fwp%2Fv2%2Fcomments&post=1836"}],"wp:featuredmedia":[{"embeddable":true,"href":"https:\/\/xerograf.pl\/index.php?rest_route=\/wp\/v2\/media\/1833"}],"wp:attachment":[{"href":"https:\/\/xerograf.pl\/index.php?rest_route=%2Fwp%2Fv2%2Fmedia&parent=1836"}],"wp:term":[{"taxonomy":"product_cat","embeddable":true,"href":"https:\/\/xerograf.pl\/index.php?rest_route=%2Fwp%2Fv2%2Fproduct_cat&post=1836"},{"taxonomy":"product_tag","embeddable":true,"href":"https:\/\/xerograf.pl\/index.php?rest_route=%2Fwp%2Fv2%2Fproduct_tag&post=1836"}],"curies":[{"name":"wp","href":"https:\/\/api.w.org\/{rel}","templated":true}]}}