{"id":1789,"date":"2022-12-11T18:44:50","date_gmt":"2022-12-11T18:44:50","guid":{"rendered":"https:\/\/xerograf.pl\/?post_type=product&#038;p=1789"},"modified":"2022-12-11T18:44:50","modified_gmt":"2022-12-11T18:44:50","slug":"develop-ineo-3120i","status":"publish","type":"product","link":"https:\/\/xerograf.pl\/?product=develop-ineo-3120i","title":{"rendered":"Develop ineo +3120i"},"content":{"rendered":"<p>Kolorowe urz\u0105dzenie wielofunkcyjne A4<strong>\u00a0Develop ineo+ 3120i<\/strong><\/p>\n<p><u>Opis:<\/u><\/p>\n<ul>\n<li>Ma\u0142e, wielofunkcyjne urz\u0105dzenie nabiurkowe<\/li>\n<li>Idealne do pracy zdalnej oraz ma\u0142ych firm<\/li>\n<li>Do samodzielnej instalacji<\/li>\n<li>Umo\u017cliwia wykonywanie wszystkich codziennych zada\u0144 biurowych: drukowania, kopiowania i skanowanie w jednym urz\u0105dzeniu<\/li>\n<li>Szybkie przetwarzanie prac<\/li>\n<\/ul>\n<p><u>Funkcjonalno\u015b\u0107:<\/u><\/p>\n<ul>\n<li>Kopiowanie i drukowanie z pr\u0119dko\u015bci\u0105 do 31 str. A4\/minut\u0119<\/li>\n<li>Skanowanie z pr\u0119dko\u015bci\u0105 do 22 str.\/min. w kolorze i 45 str. A4\/min. czerni z dualscan<\/li>\n<li>Opcjonalny Fax z Super-G3 oferuj\u0105cy szybk\u0105 transmisj\u0119<\/li>\n<li>Wbudowany kontroler 1.066 Ghz (standard)<\/li>\n<li>Automatyczne kopiowanie i drukowanie dwustronne<\/li>\n<li>Jednoprzebiegowy podajnik dokument\u00f3w na 50 arkuszy z dualscan<\/li>\n<li>Karta sieciowa<\/li>\n<li>512MB pami\u0119ci RAM<\/li>\n<li>Dupleks<\/li>\n<li>Dualscan<\/li>\n<\/ul>\n<p><u>Media:<\/u><\/p>\n<ul>\n<li>Standard: 250 arkuszy (A6-A4, , 60-176 g\/m2)<\/li>\n<li>Kaseta na 250 arkuszy (A5-A4, 60-176 g\/m2)<\/li>\n<li>Podajnik r\u0119czny z dualscan o pojemno\u015bci do 50 arkuszy (A5-A4, 60-105 g\/m2)<\/li>\n<\/ul>\n<p>&nbsp;<\/p>\n<p><u>Urz\u0105dzenie zawiera tonery startowe wydajno\u015bci K: 2.500 stron | CMY: 1.500 stron.<\/u><\/p>\n","protected":false},"excerpt":{"rendered":"<p>Kolorowe urz\u0105dzenie wielofunkcyjne A4\u00a0Develop ineo+ 3120i Opis: Ma\u0142e, wielofunkcyjne urz\u0105dzenie nabiurkowe Idealne do pracy zdalnej oraz ma\u0142ych firm Do samodzielnej instalacji Umo\u017cliwia wykonywanie wszystkich codziennych zada\u0144 biurowych: drukowania, kopiowania i skanowanie w jednym urz\u0105dzeniu Szybkie przetwarzanie prac Funkcjonalno\u015b\u0107: Kopiowanie i &hellip; <a href=\"https:\/\/xerograf.pl\/?product=develop-ineo-3120i\">Continued<\/a><\/p>\n","protected":false},"featured_media":1787,"comment_status":"closed","ping_status":"closed","template":"","meta":[],"product_cat":[32],"product_tag":[],"class_list":{"0":"post-1789","1":"product","2":"type-product","3":"status-publish","4":"has-post-thumbnail","6":"product_cat-develop","8":"first","9":"instock","10":"shipping-taxable","11":"product-type-simple"},"acf":[],"_links":{"self":[{"href":"https:\/\/xerograf.pl\/index.php?rest_route=\/wp\/v2\/product\/1789","targetHints":{"allow":["GET"]}}],"collection":[{"href":"https:\/\/xerograf.pl\/index.php?rest_route=\/wp\/v2\/product"}],"about":[{"href":"https:\/\/xerograf.pl\/index.php?rest_route=\/wp\/v2\/types\/product"}],"replies":[{"embeddable":true,"href":"https:\/\/xerograf.pl\/index.php?rest_route=%2Fwp%2Fv2%2Fcomments&post=1789"}],"wp:featuredmedia":[{"embeddable":true,"href":"https:\/\/xerograf.pl\/index.php?rest_route=\/wp\/v2\/media\/1787"}],"wp:attachment":[{"href":"https:\/\/xerograf.pl\/index.php?rest_route=%2Fwp%2Fv2%2Fmedia&parent=1789"}],"wp:term":[{"taxonomy":"product_cat","embeddable":true,"href":"https:\/\/xerograf.pl\/index.php?rest_route=%2Fwp%2Fv2%2Fproduct_cat&post=1789"},{"taxonomy":"product_tag","embeddable":true,"href":"https:\/\/xerograf.pl\/index.php?rest_route=%2Fwp%2Fv2%2Fproduct_tag&post=1789"}],"curies":[{"name":"wp","href":"https:\/\/api.w.org\/{rel}","templated":true}]}}