{"id":1699,"date":"2021-11-08T19:25:24","date_gmt":"2021-11-08T19:25:24","guid":{"rendered":"https:\/\/xerograf.pl\/?post_type=product&#038;p=1699"},"modified":"2021-11-08T19:25:57","modified_gmt":"2021-11-08T19:25:57","slug":"urzadzenie-develop-ineo-4000i-mono-printer","status":"publish","type":"product","link":"https:\/\/xerograf.pl\/?product=urzadzenie-develop-ineo-4000i-mono-printer","title":{"rendered":"Develop ineo 4000i \/Mono\/(printer)"},"content":{"rendered":"<p>Monochromatyczna drukarka sieciowa<strong>\u00a0<\/strong>A4\u00a0<strong>Develop ineo\u00a04000i<\/strong><\/p>\n<p><u>Opis:<\/u><\/p>\n<ul>\n<li>Doskona\u0142a jako\u015b\u0107 wydruku<\/li>\n<li>Wysoka elastyczno\u015b\u0107<\/li>\n<li>Kompaktowa budowa<\/li>\n<li>Automatyczny druk dwustronny<\/li>\n<\/ul>\n<p><u>Funkcjonalno\u015b\u0107:<\/u><\/p>\n<ul>\n<li>Druk z pr\u0119dko\u015bci\u0105 do 40 str. A4\/min<\/li>\n<li>Wbudowany kontroler 1.066 GHz<\/li>\n<li>Karta sieciowa<\/li>\n<li>Karta pami\u0119ci 256 MB<\/li>\n<li>Dupleks<\/li>\n<\/ul>\n<p><u>Media:<\/u><\/p>\n<ul>\n<li>Standard: 570 arkuszy, max. 1610 arkuszy<\/li>\n<li>Kaseta na 520 arkuszy (A5-A4, 60-120 g\/m2) &#8211; standard<\/li>\n<li>Podajnik dokument\u00f3w na 50 arkuszy (A6-A4, 60-200 g\/m2) &#8211; standard<\/li>\n<li>Kaseta na 520 akruszy (A5-A4, 60-120 g\/m2) &#8211; opcja<\/li>\n<li>Kaseta na 250 akruszy (A5-A4, 60-120 g\/m2) &#8211; opcja<\/li>\n<\/ul>\n<p><u>Urz\u0105dzenie zawiera startowy toner o wydajno\u015bci 8000 kopii.<\/u><\/p>\n","protected":false},"excerpt":{"rendered":"<p>Monochromatyczna drukarka sieciowa\u00a0A4\u00a0Develop ineo\u00a04000i Opis: Doskona\u0142a jako\u015b\u0107 wydruku Wysoka elastyczno\u015b\u0107 Kompaktowa budowa Automatyczny druk dwustronny Funkcjonalno\u015b\u0107: Druk z pr\u0119dko\u015bci\u0105 do 40 str. A4\/min Wbudowany kontroler 1.066 GHz Karta sieciowa Karta pami\u0119ci 256 MB Dupleks Media: Standard: 570 arkuszy, max. 1610 &hellip; <a href=\"https:\/\/xerograf.pl\/?product=urzadzenie-develop-ineo-4000i-mono-printer\">Continued<\/a><\/p>\n","protected":false},"featured_media":1700,"comment_status":"closed","ping_status":"closed","template":"","meta":[],"product_cat":[32],"product_tag":[],"class_list":{"0":"post-1699","1":"product","2":"type-product","3":"status-publish","4":"has-post-thumbnail","6":"product_cat-develop","8":"first","9":"instock","10":"shipping-taxable","11":"product-type-simple"},"acf":[],"_links":{"self":[{"href":"https:\/\/xerograf.pl\/index.php?rest_route=\/wp\/v2\/product\/1699","targetHints":{"allow":["GET"]}}],"collection":[{"href":"https:\/\/xerograf.pl\/index.php?rest_route=\/wp\/v2\/product"}],"about":[{"href":"https:\/\/xerograf.pl\/index.php?rest_route=\/wp\/v2\/types\/product"}],"replies":[{"embeddable":true,"href":"https:\/\/xerograf.pl\/index.php?rest_route=%2Fwp%2Fv2%2Fcomments&post=1699"}],"wp:featuredmedia":[{"embeddable":true,"href":"https:\/\/xerograf.pl\/index.php?rest_route=\/wp\/v2\/media\/1700"}],"wp:attachment":[{"href":"https:\/\/xerograf.pl\/index.php?rest_route=%2Fwp%2Fv2%2Fmedia&parent=1699"}],"wp:term":[{"taxonomy":"product_cat","embeddable":true,"href":"https:\/\/xerograf.pl\/index.php?rest_route=%2Fwp%2Fv2%2Fproduct_cat&post=1699"},{"taxonomy":"product_tag","embeddable":true,"href":"https:\/\/xerograf.pl\/index.php?rest_route=%2Fwp%2Fv2%2Fproduct_tag&post=1699"}],"curies":[{"name":"wp","href":"https:\/\/api.w.org\/{rel}","templated":true}]}}