{"id":1678,"date":"2021-11-08T18:38:45","date_gmt":"2021-11-08T18:38:45","guid":{"rendered":"https:\/\/xerograf.pl\/?post_type=product&#038;p=1678"},"modified":"2021-11-08T18:38:45","modified_gmt":"2021-11-08T18:38:45","slug":"develop-ineo-3300i-printer","status":"publish","type":"product","link":"https:\/\/xerograf.pl\/?product=develop-ineo-3300i-printer","title":{"rendered":"Develop ineo+ 3300i (printer)"},"content":{"rendered":"<p>Kolorowa drukarka sieciowa A4<strong>\u00a0Develop ineo+ 3300i<\/strong><\/p>\n<p><u>Opis:<\/u><\/p>\n<ul>\n<li>Doskona\u0142a jako\u015b\u0107 wydruku<\/li>\n<li>Wysoka elastyczno\u015b\u0107<\/li>\n<li>Kompaktowa budowa<\/li>\n<li>Automatyczny druk dwustronny<\/li>\n<\/ul>\n<p><u>Funkcjonalno\u015b\u0107:<\/u><\/p>\n<ul>\n<li>Druk z pr\u0119dko\u015bci\u0105 do 33\u00a0str. A4\/min<\/li>\n<li>Wbudowany kontroler 1.066 GHz<\/li>\n<li>Karta sieciowa<\/li>\n<li><span style=\"font-family: Georgia, serif;\">Pami\u0119\u0107 3GB, 8GB HDD<\/span><\/li>\n<li><span style=\"font-family: Georgia, serif;\">Dysk twardy 8GB<\/span><\/li>\n<\/ul>\n<p><u>Media:<\/u><\/p>\n<ul>\n<li>Standard: 600 arkuszy, max. 1100 arkuszy<\/li>\n<li>Kaseta na 500 arkuszy (A6-A4+, 60-210 g\/m2) &#8211; standard<\/li>\n<li>Podajnik r\u0119czny o pojemno\u015bci do 100 arkuszy (A6-A4+, 60-210 g\/m2) &#8211; standard<\/li>\n<li>Kaseta na 500 arkuszy (A4, 50-90 g\/m2) &#8211; opcja<\/li>\n<\/ul>\n<p><strong><u>Urz\u0105dzenie zawiera toner o wydajno\u015bci do 5000 stron<\/u><\/strong><\/p>\n","protected":false},"excerpt":{"rendered":"<p>Kolorowa drukarka sieciowa A4\u00a0Develop ineo+ 3300i Opis: Doskona\u0142a jako\u015b\u0107 wydruku Wysoka elastyczno\u015b\u0107 Kompaktowa budowa Automatyczny druk dwustronny Funkcjonalno\u015b\u0107: Druk z pr\u0119dko\u015bci\u0105 do 33\u00a0str. A4\/min Wbudowany kontroler 1.066 GHz Karta sieciowa Pami\u0119\u0107 3GB, 8GB HDD Dysk twardy 8GB Media: Standard: 600 &hellip; <a href=\"https:\/\/xerograf.pl\/?product=develop-ineo-3300i-printer\">Continued<\/a><\/p>\n","protected":false},"featured_media":1679,"comment_status":"closed","ping_status":"closed","template":"","meta":[],"product_cat":[32],"product_tag":[],"class_list":{"0":"post-1678","1":"product","2":"type-product","3":"status-publish","4":"has-post-thumbnail","6":"product_cat-develop","8":"first","9":"instock","10":"shipping-taxable","11":"product-type-simple"},"acf":[],"_links":{"self":[{"href":"https:\/\/xerograf.pl\/index.php?rest_route=\/wp\/v2\/product\/1678","targetHints":{"allow":["GET"]}}],"collection":[{"href":"https:\/\/xerograf.pl\/index.php?rest_route=\/wp\/v2\/product"}],"about":[{"href":"https:\/\/xerograf.pl\/index.php?rest_route=\/wp\/v2\/types\/product"}],"replies":[{"embeddable":true,"href":"https:\/\/xerograf.pl\/index.php?rest_route=%2Fwp%2Fv2%2Fcomments&post=1678"}],"wp:featuredmedia":[{"embeddable":true,"href":"https:\/\/xerograf.pl\/index.php?rest_route=\/wp\/v2\/media\/1679"}],"wp:attachment":[{"href":"https:\/\/xerograf.pl\/index.php?rest_route=%2Fwp%2Fv2%2Fmedia&parent=1678"}],"wp:term":[{"taxonomy":"product_cat","embeddable":true,"href":"https:\/\/xerograf.pl\/index.php?rest_route=%2Fwp%2Fv2%2Fproduct_cat&post=1678"},{"taxonomy":"product_tag","embeddable":true,"href":"https:\/\/xerograf.pl\/index.php?rest_route=%2Fwp%2Fv2%2Fproduct_tag&post=1678"}],"curies":[{"name":"wp","href":"https:\/\/api.w.org\/{rel}","templated":true}]}}