{"id":1537,"date":"2021-06-01T19:20:46","date_gmt":"2021-06-01T19:20:46","guid":{"rendered":"https:\/\/xerograf.pl\/?post_type=product&#038;p=1537"},"modified":"2021-06-01T20:12:01","modified_gmt":"2021-06-01T20:12:01","slug":"drukarka-laserowa-mono-hewlett-packard-laserjet-pro-400-m402dn","status":"publish","type":"product","link":"https:\/\/xerograf.pl\/?product=drukarka-laserowa-mono-hewlett-packard-laserjet-pro-400-m402dn","title":{"rendered":"Drukarka laserowa Mono Hewlett-Packard Laserjet Pro 400 M402dn"},"content":{"rendered":"<p><strong>Najwa\u017cniejsze cechy:<\/strong><br \/>\n&#8211; technologia druku laserowa<br \/>\n&#8211; format A4<br \/>\n&#8211; pr\u0119dko\u015b\u0107 druku 38 str.\/min. (mono)<br \/>\n&#8211; rozdzielczo\u015b\u0107 druku do 1200&#215;1200 dpi<br \/>\n&#8211; automatyczny druk dwustronny<br \/>\n&#8211; z\u0142\u0105cza: USB, LAN<\/p>\n<p><strong>Dane techniczne:<\/strong><\/p>\n<table style=\"width: 48.1545%;\">\n<tbody>\n<tr>\n<td style=\"width: 59.0659%;\">Producent<\/td>\n<td style=\"width: 49.5334%;\">HP<\/td>\n<\/tr>\n<tr>\n<td style=\"width: 59.0659%;\">Maksymalny format druku<\/td>\n<td style=\"width: 49.5334%;\">A4<\/td>\n<\/tr>\n<tr>\n<td style=\"width: 59.0659%;\">Technologia druku<\/td>\n<td style=\"width: 49.5334%;\">Laserowa &#8211; mono<\/td>\n<\/tr>\n<tr>\n<td style=\"width: 59.0659%;\">Wy\u015bwietlacz drukarki<\/td>\n<td style=\"width: 49.5334%;\">Monochromatyczny<\/td>\n<\/tr>\n<tr>\n<td style=\"width: 59.0659%;\">Interfejsy<\/td>\n<td style=\"width: 49.5334%;\">Ethernet (LAN), USB 2.0<\/td>\n<\/tr>\n<tr>\n<td style=\"width: 59.0659%;\">Komunikacja<\/td>\n<td style=\"width: 49.5334%;\">LAN (RJ-45)<\/td>\n<\/tr>\n<tr>\n<td style=\"width: 59.0659%;\">Maks. pr\u0119dko\u015b\u0107 druku mono:<\/td>\n<td style=\"width: 49.5334%;\">Maks. 38 str.\/min<\/td>\n<\/tr>\n<tr>\n<td style=\"width: 59.0659%;\">Maksymalna gramatura<\/td>\n<td style=\"width: 49.5334%;\">175 g\/m2<\/td>\n<\/tr>\n<tr>\n<td style=\"width: 59.0659%;\">Minimalna gramatura<\/td>\n<td style=\"width: 49.5334%;\">60 g\/m2<\/td>\n<\/tr>\n<tr>\n<td style=\"width: 59.0659%;\">Podajnik standardowy (pojemno\u015b\u0107):<\/td>\n<td style=\"width: 49.5334%;\">250 stron<\/td>\n<\/tr>\n<tr>\n<td style=\"width: 59.0659%;\">Wydajno\u015b\u0107 stron\/miesi\u0105c<\/td>\n<td style=\"width: 49.5334%;\">Do 80 000 stron<\/td>\n<\/tr>\n<\/tbody>\n<\/table>\n<p>Wydajny toner 9000 stron<\/p>\n<p>KABEL W ZESTAWIE Tak, 1 przew\u00f3d USB<\/p>\n","protected":false},"excerpt":{"rendered":"<p>Najwa\u017cniejsze cechy: &#8211; technologia druku laserowa &#8211; format A4 &#8211; pr\u0119dko\u015b\u0107 druku 38 str.\/min. (mono) &#8211; rozdzielczo\u015b\u0107 druku do 1200&#215;1200 dpi &#8211; automatyczny druk dwustronny &#8211; z\u0142\u0105cza: USB, LAN Dane techniczne: Producent HP Maksymalny format druku A4 Technologia druku Laserowa &hellip; <a href=\"https:\/\/xerograf.pl\/?product=drukarka-laserowa-mono-hewlett-packard-laserjet-pro-400-m402dn\">Continued<\/a><\/p>\n","protected":false},"featured_media":1543,"comment_status":"closed","ping_status":"closed","template":"","meta":[],"product_cat":[53],"product_tag":[],"class_list":{"0":"post-1537","1":"product","2":"type-product","3":"status-publish","4":"has-post-thumbnail","6":"product_cat-hewlett-packard","8":"first","9":"instock","10":"shipping-taxable","11":"product-type-simple"},"acf":[],"_links":{"self":[{"href":"https:\/\/xerograf.pl\/index.php?rest_route=\/wp\/v2\/product\/1537","targetHints":{"allow":["GET"]}}],"collection":[{"href":"https:\/\/xerograf.pl\/index.php?rest_route=\/wp\/v2\/product"}],"about":[{"href":"https:\/\/xerograf.pl\/index.php?rest_route=\/wp\/v2\/types\/product"}],"replies":[{"embeddable":true,"href":"https:\/\/xerograf.pl\/index.php?rest_route=%2Fwp%2Fv2%2Fcomments&post=1537"}],"wp:featuredmedia":[{"embeddable":true,"href":"https:\/\/xerograf.pl\/index.php?rest_route=\/wp\/v2\/media\/1543"}],"wp:attachment":[{"href":"https:\/\/xerograf.pl\/index.php?rest_route=%2Fwp%2Fv2%2Fmedia&parent=1537"}],"wp:term":[{"taxonomy":"product_cat","embeddable":true,"href":"https:\/\/xerograf.pl\/index.php?rest_route=%2Fwp%2Fv2%2Fproduct_cat&post=1537"},{"taxonomy":"product_tag","embeddable":true,"href":"https:\/\/xerograf.pl\/index.php?rest_route=%2Fwp%2Fv2%2Fproduct_tag&post=1537"}],"curies":[{"name":"wp","href":"https:\/\/api.w.org\/{rel}","templated":true}]}}