{"id":1425,"date":"2020-05-30T18:10:08","date_gmt":"2020-05-30T18:10:08","guid":{"rendered":"https:\/\/xerograf.pl\/?post_type=product&#038;p=1425"},"modified":"2021-03-24T09:26:43","modified_gmt":"2021-03-24T09:26:43","slug":"konica-minolta-bizhub-3602p","status":"publish","type":"product","link":"https:\/\/xerograf.pl\/?product=konica-minolta-bizhub-3602p","title":{"rendered":"Konica Minolta Bizhub 3602P"},"content":{"rendered":"<p>Czarno bia\u0142a drukarka A4<strong> KONICA MINOLTA Bizhub 3602P<\/strong><\/p>\n<p><strong>Informacje podstawowe<\/strong><\/p>\n<ul>\n<li>Pr\u0119dko\u015b\u0107 druku A4: 36 str.min. w trybie monochromatycznym<\/li>\n<li>Formaty papieru: A6-A4 i formaty w\u0142asne<\/li>\n<li>W standardzie druk dwustronny, karta sieciowa Gigabit Ethernet i \u0142\u0105czno\u015b\u0107 bezprzewodowa<\/li>\n<li>Ma\u0142a, kompaktowa i lekka konstrukcja<\/li>\n<\/ul>\n<p>Mo\u017cliwo\u015b\u0107 druku dokument\u00f3w bezpo\u015brednio z urz\u0105dze\u0144 mobilnych<\/p>\n<p>Drukowanie mobilne<br \/>\nMo\u017cliwo\u015b\u0107 drukowania dokument\u00f3w bezpo\u015brednio z urz\u0105dzenia mobilnego<\/p>\n<p>Wysoka rozdzielczo\u015b\u0107 wydruku<br \/>\ndla najwy\u017cszej jako\u015bci wydruku<\/p>\n<p>MyTab\/Moja Zak\u0142adka<br \/>\nIndywidualna konfiguracja sterownika drukowania<\/p>\n<p>Tryb cichy<br \/>\nOgranicza poziom ha\u0142asu w skutek zmniejszenia nat\u0119\u017cenia d\u017awi\u0119k\u00f3w podczas drukowania<\/p>\n<p><strong>Bezpiecze\u0144stwo<\/strong><\/p>\n<p>Bezpiecze\u0144stwo sieciowe<br \/>\nObs\u0142uga SSL\/TLS, HTTPS, 802.1x i IPsec<\/p>\n<p><strong>Rozwi\u0105zania EKO<\/strong><\/p>\n<p>Spe\u0142nia wymagania mi\u0119dzynarodowych norm dotycz\u0105cych ochrony \u015brodowiska,<br \/>\ntakich, jak Energy Star lub znak Blue Angel<\/p>\n<p>Tryb Eco<br \/>\nOptymalizuje ustawienia drukarki w celu ni\u017cszego poboru energii, oraz zu\u017cycia papieru i tonera<\/p>\n<p>Tryb Hibernacji<br \/>\nR\u0119czna lub zaplanowana funkcja hibernacji zapewnia niskie zu\u017cycie energii elektrycznej &#8211; nawet poni\u017cej 1W poza godzinami pracy<\/p>\n<p><strong>Specyfikacja systemu<\/strong><\/p>\n<p>&nbsp;<\/p>\n<table width=\"1045\">\n<tbody>\n<tr>\n<td width=\"321\"><strong>Pami\u0119\u0107 systemowa (standardowa\/maks.)<\/strong><\/td>\n<td>512 MB (standardowo)<\/td>\n<\/tr>\n<tr>\n<td width=\"321\"><strong>Interfejsy<\/strong><\/td>\n<td>10-Base-T\/100-Base-TX\/1000-Base-T Ethernet; USB 2.0;<\/p>\n<p>Wi-Fi 802.11b\/g\/n<\/td>\n<\/tr>\n<tr>\n<td width=\"321\"><strong>Protoko\u0142y sieciowe<\/strong><\/td>\n<td>TCP\/IP (IPv4 \/ IPv6); AppleTalk; Bonjour; SMB; LPD;<\/p>\n<p>IPP; SNMP; HTTP\/S<\/td>\n<\/tr>\n<tr>\n<td width=\"321\"><strong>Format papieru<\/strong><\/td>\n<td>A6-A4, w\u0142asne formaty papieru<\/td>\n<\/tr>\n<tr>\n<td width=\"321\"><strong>Gramatura papieru<\/strong><\/td>\n<td>60 &#8211; 216 g\/m\u00b2<\/td>\n<\/tr>\n<tr>\n<td width=\"321\"><strong>Pojemno\u015b\u0107 wej\u015bciowa papieru (standardowa\/maks.)<\/strong><\/td>\n<td>Standardowo: 350 akruszy<br \/>\nMaksymalnie: 900 arkuszy<\/td>\n<\/tr>\n<tr>\n<td width=\"321\"><strong>Podajniki papieru (standardowe)<\/strong><\/td>\n<td>250 arkuszy, A6 &#8211; A4, 60 &#8211; 120 g\/m\u00b2<\/td>\n<\/tr>\n<tr>\n<td width=\"321\"><strong>Podajniki papieru (opcjonalny)<\/strong><\/td>\n<td>250\/550 arkuszy; A5-A4; 60-120 g\/m\u00b2<\/td>\n<\/tr>\n<tr>\n<td width=\"321\"><strong>Podajnik boczny<\/strong><\/td>\n<td>100 arkuszy, A6 &#8211; A4, w\u0142asne formaty, 60 &#8211; 216 g\/m\u00b2<\/td>\n<\/tr>\n<tr>\n<td width=\"321\"><strong>Automatyczny druk dwustronny<\/strong><\/td>\n<td>A4; 60 &#8211; 90 g\/m\u00b2<\/td>\n<\/tr>\n<tr>\n<td width=\"321\"><strong>Pojemno\u015b\u0107 wyj\u015bciowa papieru (standardowa)<\/strong><\/td>\n<td>Maksymalnie: 150 arkuszy<\/td>\n<\/tr>\n<tr>\n<td width=\"321\"><strong>Wolumen kopiowania\/druku (miesi\u0119czny)<\/strong><\/td>\n<td>zalecany: 3600 stron<br \/>\nmaksymalnie: 50 000 stronW przypadku osi\u0105gni\u0119cia maksymalnego nak\u0142adu w ci\u0105guokresu jednego roku nale\u017cy przeprowadzi\u0107 cykl konserwacji<\/td>\n<\/tr>\n<tr>\n<td width=\"321\"><strong>Wydajno\u015b\u0107 tonera<\/strong><\/td>\n<td>15 000 stron<\/td>\n<\/tr>\n<tr>\n<td width=\"321\"><strong>Wydajno\u015b\u0107 sekcji obrazowania<\/strong><\/td>\n<td>60 000 stron<\/td>\n<\/tr>\n<tr>\n<td width=\"321\"><strong>Pob\u00f3r mocy<\/strong><\/td>\n<td>220-240 V \/ 50\/60 Hz; poni\u017cej 520 W<\/td>\n<\/tr>\n<tr>\n<td width=\"321\"><strong>Wymiary urz\u0105dzenia (S x G x W)<\/strong><\/td>\n<td>399 x 374 x 260 mm<\/td>\n<\/tr>\n<tr>\n<td width=\"321\"><strong>Waga urz\u0105dzenia<\/strong><\/td>\n<td>Oko\u0142o 14 kg<\/td>\n<\/tr>\n<\/tbody>\n<\/table>\n<p><strong>Funkcje systemu<\/strong><\/p>\n<table width=\"1096\">\n<tbody>\n<tr>\n<td><strong>Bezpiecze\u0144stwo<\/strong><\/td>\n<td>TCP\/UDP blokowanie port\u00f3w;<br \/>\nzarz\u0105dzanie certyfikatami;<br \/>\nSNMPv3;<br \/>\nwsparcie IPSec;<br \/>\nHTTPS;<br \/>\nIP filtrowanie i blokowanie port\u00f3w;<br \/>\nwsparcie IEEE 802.1x;<br \/>\nautoryzacja SMTP<\/td>\n<\/tr>\n<\/tbody>\n<\/table>\n<p>&nbsp;<\/p>\n<p>&nbsp;<\/p>\n<p>W celu konfiguracji urz\u0105dzenia prosimy o kontakt z przedstawicielem naszej firmy pod nr. telefonu 22 678 22 77 lub zak\u0142adka <span style=\"color: #000080;\"><strong>KONTAKT<\/strong><\/span><\/p>\n","protected":false},"excerpt":{"rendered":"<p>Czarno bia\u0142a drukarka A4 KONICA MINOLTA Bizhub 3602P Informacje podstawowe Pr\u0119dko\u015b\u0107 druku A4: 36 str.min. w trybie monochromatycznym Formaty papieru: A6-A4 i formaty w\u0142asne W standardzie druk dwustronny, karta sieciowa Gigabit Ethernet i \u0142\u0105czno\u015b\u0107 bezprzewodowa Ma\u0142a, kompaktowa i lekka konstrukcja &hellip; <a href=\"https:\/\/xerograf.pl\/?product=konica-minolta-bizhub-3602p\">Continued<\/a><\/p>\n","protected":false},"featured_media":1426,"comment_status":"closed","ping_status":"closed","template":"","meta":[],"product_cat":[35,34],"product_tag":[],"class_list":{"0":"post-1425","1":"product","2":"type-product","3":"status-publish","4":"has-post-thumbnail","6":"product_cat-konica-minolta","7":"product_cat-kserokopiarki-uzywane","9":"first","10":"instock","11":"shipping-taxable","12":"product-type-simple"},"acf":[],"_links":{"self":[{"href":"https:\/\/xerograf.pl\/index.php?rest_route=\/wp\/v2\/product\/1425","targetHints":{"allow":["GET"]}}],"collection":[{"href":"https:\/\/xerograf.pl\/index.php?rest_route=\/wp\/v2\/product"}],"about":[{"href":"https:\/\/xerograf.pl\/index.php?rest_route=\/wp\/v2\/types\/product"}],"replies":[{"embeddable":true,"href":"https:\/\/xerograf.pl\/index.php?rest_route=%2Fwp%2Fv2%2Fcomments&post=1425"}],"wp:featuredmedia":[{"embeddable":true,"href":"https:\/\/xerograf.pl\/index.php?rest_route=\/wp\/v2\/media\/1426"}],"wp:attachment":[{"href":"https:\/\/xerograf.pl\/index.php?rest_route=%2Fwp%2Fv2%2Fmedia&parent=1425"}],"wp:term":[{"taxonomy":"product_cat","embeddable":true,"href":"https:\/\/xerograf.pl\/index.php?rest_route=%2Fwp%2Fv2%2Fproduct_cat&post=1425"},{"taxonomy":"product_tag","embeddable":true,"href":"https:\/\/xerograf.pl\/index.php?rest_route=%2Fwp%2Fv2%2Fproduct_tag&post=1425"}],"curies":[{"name":"wp","href":"https:\/\/api.w.org\/{rel}","templated":true}]}}