{"id":1419,"date":"2020-05-27T10:58:26","date_gmt":"2020-05-27T10:58:26","guid":{"rendered":"https:\/\/xerograf.pl\/?post_type=product&#038;p=1419"},"modified":"2020-05-27T11:27:12","modified_gmt":"2020-05-27T11:27:12","slug":"konica-minolta-c258df629-dk510","status":"publish","type":"product","link":"https:\/\/xerograf.pl\/?product=konica-minolta-c258df629-dk510","title":{"rendered":"Konica Minolta C258+DF629+ DK510 \/Kolor\/"},"content":{"rendered":"<p>Wielofunkcyjne urz\u0105dzenie kolorowe A3 Konica Minolta<strong>\u00a0C258<\/strong>\u00a0z podstaw\u0105\u00a0<strong>DK-510<\/strong> i podajnikiem<strong> DF-629<\/strong><\/p>\n<p>Urz\u0105dzenie z automatycznym podajnikiem dokument\u00f3w, podstaw\u0105 pod urz\u0105dzenie oraz pe\u0142nowarto\u015bciowymi tonerami w cenie.<\/p>\n<p><u>Opis:<\/u><\/p>\n<ul>\n<li>Wyj\u0105tkowo prosta i ergonomiczna obs\u0142uga<\/li>\n<li>Wygodne funkcje optymalizuj\u0105ce prac\u0119<\/li>\n<li>Obs\u0142uga gramatur do 300 g\/m2<\/li>\n<li>Liczne mo\u017cliwo\u015bci wyka\u0144czania<\/li>\n<li>Format SRA3 w standardzie<\/li>\n<li>Nieprzeci\u0119tne mo\u017cliwo\u015bci konfiguracji i dostosowania<\/li>\n<li>Mo\u017cliwo\u015b\u0107 skanowania z pr\u0119dko\u015bci\u0105 160 orygina\u0142\u00f3w na minut\u0119!<\/li>\n<li>Rozdzielczo\u015b\u0107 druku do 1200\u00d71200 dpi<\/li>\n<li>Prosta integracja z urz\u0105dzeniami mobilnymi<\/li>\n<li>Oryginalny, nowoczesny wygl\u0105d<br \/>\nKopiowanie i drukowanie do 25 str.A4\/min i 15\/15 str.A3\/min w kolorze\/cz.b<\/p>\n<ul>\n<li>Skanowanie z pr\u0119dko\u015bci\u0105 maksymaln\u0105 160 oryg.\/min w kolorze\/cz.b<\/li>\n<li>Faks Super-G3 pozwalaj\u0105cy na szybk\u0105 transmisj\u0119 i cyfrowy odbi\u00f3r (opcja)<\/li>\n<li>Standardowy wbudowany szybki kontroler druku 1.2\u00a0GHz<\/li>\n<li>Wbudowana technologia NFC<\/li>\n<\/ul>\n<table width=\"1000\">\n<tbody>\n<tr>\n<td>Kontroler<\/td>\n<td>standard: wbudowany kontroler 1.2 GHz<\/td>\n<\/tr>\n<tr>\n<td>Pami\u0119\u0107<\/td>\n<td>2 GB<\/td>\n<\/tr>\n<tr>\n<td>Rozdzielczo\u015b\u0107<\/td>\n<td>max. 1800 x 600 dpi (z technologi\u0105 wyg\u0142adzania), tryb wysokiej jako\u015bci<\/p>\n<p>1200\u00d71200 dpi<\/td>\n<\/tr>\n<tr>\n<td>Karta sieciowa<\/td>\n<td>10BaseT\/100BaseT\/1000BaseT<\/td>\n<\/tr>\n<tr>\n<td>Protoko\u0142y sieciowe<\/td>\n<td>TCP\/IP (IPv4\/IPv6), IPX\/SPX, SMB, NetBEUI, LPD, SNMP, HTTP\/HTTPS, IPP,<\/p>\n<p>AppleTalk, EtherTalk, LDAP<\/td>\n<\/tr>\n<tr>\n<td>J\u0119zyk opisu strony<\/td>\n<td>PCL5c, PCL6,\u00a0PostScript 3, XPS<\/td>\n<\/tr>\n<tr>\n<td>Interfejs<\/td>\n<td>10BaseT\/100BaseTX\/1000BaseT, USB 2.0, WiFi 802.11b\/g\/n (opcja)<\/td>\n<\/tr>\n<tr>\n<td>Sterowniki<\/td>\n<td>Windows Vista\/7\/8\/8.1\/10\/Server 2008 (32\/64), Windows Server 2008 (32\/64<\/p>\n<p>)\/2008R2<\/p>\n<p>(64), Macintosh OS X 10.x, Unix, Linux, Citrix<\/td>\n<\/tr>\n<tr>\n<td>Druk mobilny<\/td>\n<td>AirPrint (iOS); Mopria (Android); Google Cloud Print (opcja); WiFi Direct (opcja);<\/p>\n<p>ineoPrint (iOS &amp; Android)<\/td>\n<\/tr>\n<\/tbody>\n<\/table>\n<p>&nbsp;<\/p>\n<table width=\"1000\">\n<tbody>\n<tr>\n<td>Rodzaj skanowania<\/td>\n<td>Skanowanie do: e-mail\/FTP\/BOX (HDD), SMB\/WebDAV\/Me\/Home\/USB\/<\/p>\n<p>DPWS,<\/p>\n<p>Twain Sieciowy<\/td>\n<\/tr>\n<tr>\n<td>Rozdzielczo\u015b\u0107<\/td>\n<td>max. 600 dpi<\/td>\n<\/tr>\n<tr>\n<td>Szybko\u015b\u0107 skanowania<\/td>\n<td>max. 160 orygina\u0142\u00f3w na minut\u0119 (DUAL SCAN z automatycznym podajnikiem<\/p>\n<p>orygina\u0142\u00f3w DF-704), do 80 orygina\u0142\u00f3w na minut\u0119 (z automatycznym podajnikiem<\/p>\n<p>orygina\u0142\u00f3w DF-629)<\/td>\n<\/tr>\n<tr>\n<td>Rozmiar orygina\u0142\u00f3w<\/td>\n<td>max. A3<\/td>\n<\/tr>\n<tr>\n<td>Format skanowania<\/td>\n<td>TIFF, PDF, PDF kompaktowy, JPG<br \/>\nopcjonalnie: PDF\/A (1a\/1b), przeszukiwalny PDF\/PPTX\/DOCX\/XLSX\/PDF\/A,Szyfrowany PDF, Linearyzowany\u00a0PDF, XPS, Kompaktowy XPS, PPTX<\/td>\n<\/tr>\n<\/tbody>\n<\/table>\n<\/li>\n<\/ul>\n<p>W celu konfiguracji urz\u0105dzenia prosimy o kontakt z przedstawicielem naszej firmy pod nr. telefonu 22 678 22 77 lub zak\u0142adka <span style=\"color: #000080;\"><strong>KONTAKT<\/strong><\/span><\/p>\n","protected":false},"excerpt":{"rendered":"<p>Wielofunkcyjne urz\u0105dzenie kolorowe A3 Konica Minolta\u00a0C258\u00a0z podstaw\u0105\u00a0DK-510 i podajnikiem DF-629 Urz\u0105dzenie z automatycznym podajnikiem dokument\u00f3w, podstaw\u0105 pod urz\u0105dzenie oraz pe\u0142nowarto\u015bciowymi tonerami w cenie. Opis: Wyj\u0105tkowo prosta i ergonomiczna obs\u0142uga Wygodne funkcje optymalizuj\u0105ce prac\u0119 Obs\u0142uga gramatur do 300 g\/m2 Liczne mo\u017cliwo\u015bci &hellip; <a href=\"https:\/\/xerograf.pl\/?product=konica-minolta-c258df629-dk510\">Continued<\/a><\/p>\n","protected":false},"featured_media":1421,"comment_status":"closed","ping_status":"closed","template":"","meta":[],"product_cat":[35,34],"product_tag":[],"class_list":{"0":"post-1419","1":"product","2":"type-product","3":"status-publish","4":"has-post-thumbnail","6":"product_cat-konica-minolta","7":"product_cat-kserokopiarki-uzywane","9":"first","10":"instock","11":"shipping-taxable","12":"product-type-simple"},"acf":[],"_links":{"self":[{"href":"https:\/\/xerograf.pl\/index.php?rest_route=\/wp\/v2\/product\/1419","targetHints":{"allow":["GET"]}}],"collection":[{"href":"https:\/\/xerograf.pl\/index.php?rest_route=\/wp\/v2\/product"}],"about":[{"href":"https:\/\/xerograf.pl\/index.php?rest_route=\/wp\/v2\/types\/product"}],"replies":[{"embeddable":true,"href":"https:\/\/xerograf.pl\/index.php?rest_route=%2Fwp%2Fv2%2Fcomments&post=1419"}],"wp:featuredmedia":[{"embeddable":true,"href":"https:\/\/xerograf.pl\/index.php?rest_route=\/wp\/v2\/media\/1421"}],"wp:attachment":[{"href":"https:\/\/xerograf.pl\/index.php?rest_route=%2Fwp%2Fv2%2Fmedia&parent=1419"}],"wp:term":[{"taxonomy":"product_cat","embeddable":true,"href":"https:\/\/xerograf.pl\/index.php?rest_route=%2Fwp%2Fv2%2Fproduct_cat&post=1419"},{"taxonomy":"product_tag","embeddable":true,"href":"https:\/\/xerograf.pl\/index.php?rest_route=%2Fwp%2Fv2%2Fproduct_tag&post=1419"}],"curies":[{"name":"wp","href":"https:\/\/api.w.org\/{rel}","templated":true}]}}