{"id":1404,"date":"2020-04-30T13:31:43","date_gmt":"2020-04-30T13:31:43","guid":{"rendered":"https:\/\/xerograf.pl\/?post_type=product&#038;p=1404"},"modified":"2020-04-30T14:59:36","modified_gmt":"2020-04-30T14:59:36","slug":"konica-minolta-c3350-kolor-kopia","status":"publish","type":"product","link":"https:\/\/xerograf.pl\/?product=konica-minolta-c3350-kolor-kopia","title":{"rendered":"Konica Minolta C3851 \/Kolor\/"},"content":{"rendered":"<p>Kolorowe urz\u0105dzenie wielofunkcyjne A4<strong> KONICA MINOLTA C3851<\/strong><\/p>\n<p><b><u>Opis:<\/u><\/b><\/p>\n<p>\u2022 Urz\u0105dzenie wielofunkcyjne A4 o szybko\u015bci druku 38 str.\/min dla stron czarno-bia\u0142ych i kolorowych.<\/p>\n<p>\u2022 Standardowy sterownik drukowania Emperon&#x2122; z obs\u0142ug\u0105 PCL i XPS.<\/p>\n<p>\u2022 Pojemno\u015b\u0107 wej\u015bciowa papieru 550 + 500 arkuszy oraz 100 arkuszy przez podajnik r\u0119czny.<\/p>\n<p>\u2022 Automatyczny dwustronny podajnik dokument\u00f3w.<\/p>\n<p>\u2022 Pami\u0119\u0107 2 GB, twardy dysk 250 GB.<\/p>\n<p><strong>Specyfikacja:<\/strong><\/p>\n<p>\u2022 Standardowa pami\u0119\u0107 systemu (MB) (standardowa\/maks.) 2 GB\/4 GB<br \/>\n\u2022 Standardowy dysk twardy 250 GB (standardowy)<br \/>\n\u2022 Interfejs 10\/100\/1,000-Base-T Ethernet; USB 2.0; Wi-Fi 802.11b\/g\/n(opcja)<br \/>\n\u2022 Protoko\u0142y sieciowe TCP\/IP (IPv4\/IPv6); SMB; LPD; IPP; SNMP; HTTP; HTTPS<br \/>\n\u2022 Rodzaje ramek Ethernet 802.2; Ethernet 802.3; Ethernet II; Ethernet SNAP<br \/>\n\u2022 Automatyczny podajnik dokument\u00f3w do 50 orygina\u0142\u00f3w; A5 \u2013A4; 50 \u2013 128 g\/m\u00b2;automatyczny dwustronny podajnik dokument\u00f3w<br \/>\n\u2022 Format papieru A6\u2013A4; rozmiary arkuszy dostosowane do potrzeb u\u017cytkownika<br \/>\n\u2022 Gramatura papieru do zadruku 60\u2013 210 g\/m\u00b2<br \/>\n\u2022 Pojemno\u015b\u0107 wej\u015bciowa papieru (standardowa\/maks.) 650 arkuszy\/1650 arkuszy<br \/>\n\u2022 Pojemno\u015b\u0107 wej\u015bciowa papieru (standard) 550 arkuszy; A6 \u2013 A4, 60 \u2013 210 g\/m\u00b2<br \/>\n\u2022 Pojemno\u015b\u0107 wej\u015bciowa papieru (opcja)A4, 500 arkuszy, 60 \u201390 g\/m\u00b2<br \/>\n\u2022 Podajnik boczny 100 arkuszy; A6 \u2013 A4; niestandardowe rozmiary; 60 \u2013 210 g\/m\u00b2<br \/>\n\u2022 Automatyczny druk dwustronny A4; 60 \u2013210 g\/m\u00b2<br \/>\n\u2022 Tryby wyka\u0144czania (opcjonalnie) Zszywacz (wyka\u0144czarka)<br \/>\n\u2022 Wydajno\u015b\u0107 wyj\u015bciowa Maksymalnie: 250 arkuszy<br \/>\n\u2022 Zszywanie (opcja) Maksymalnie 20 arkuszy (zszywanie)<br \/>\n\u2022 Liczba kopiowanych\/drukowanych stron (w uj\u0119ciu miesi\u0119cznym)Zalecana: 6500 stronMaks.\u00b9: 120000 stron<br \/>\n\u2022 \u017bywotno\u015b\u0107 tonera K: 13000; CMY: 12000 stron<br \/>\n\u2022 \u017bywotno\u015b\u0107 jednostki obrazowaniaK: 70000; CMY: 60000 stron<br \/>\n\u2022 Zu\u017cycie energii 220\u2013240 V\/50\/60 Hz; mniej ni\u017c 1,7 kW<br \/>\n\u2022 Wymiary systemu(SZER. x G\u0141. x WYS.)555 x 584 x 603 mm<br \/>\n\u2022 Waga systemu Ok. 49,2 kg (bez wyposa\u017cenia opcjonalnego)<\/p>\n<p><strong>SPECYFIKACJA DRUKARK<\/strong>I<br \/>\nRozdzielczo\u015b\u0107 druku 600 x 600 dpi 1,200 x 1,200 dpi (zmniejszona pr\u0119dko\u015b\u0107)<br \/>\nJ\u0119zyk opisu strony PCL 6 (XL 3.0); PCL 5c; PostScript 3 (CPSI 3016); XPS<br \/>\nSystemy operacyjne Windows Vista (32\/64)<br \/>\nWindows 7 (32\/64)<br \/>\nWindows 8 (32\/64)<br \/>\nWindows 10 (32\/64)<br \/>\nWindows Server 2008 (32\/64)<br \/>\nWindows Server 2008 R2<br \/>\nWindows Server 2012<br \/>\nWindows Server 2012 R2<br \/>\nWindows Server 2016<br \/>\nMacintosh OS X 10.x<br \/>\nLinux<br \/>\nUnix<br \/>\nCitrix<br \/>\nCzcionki drukarki 80 PCL Latin; 137 PostScript 3 Emulation Latin<br \/>\nFunkcje wydruku Bezpo\u015bredni druk TIFF; XPS; PDF (v1.7) i OOXML (DOCX,XLSX, PPTX); wydruk zabezpieczony; kombinacja; n-up;<br \/>\nplakat; uk\u0142ad wydruku broszury; znak wodny<br \/>\nDrukowanie mobilne AirPrint (iOS); Mopria (Android); Google Cloud Print (opcja);WiFi Direct (opcja); Konica Minolta Print Service (Android),<br \/>\nPageScope Mobile (iOS\/Android\/Windows 10 Mobile)<br \/>\n<strong>SPECYFIKACJA SKANERA<\/strong><br \/>\nPr\u0119dko\u015b\u0107 skanowania(mono\/kolor)do 35 orygina\u0142\u00f3w na minut\u0119<br \/>\nRozdzielczo\u015b\u0107 skanowania Do 600 x 600 dpi<br \/>\nTryby skanowania Scan-to-eMail (Scan-to-Me)<br \/>\nScan-to-SMB (Scan-to-Home)<br \/>\nScan-to-FTP<br \/>\nScan-to-HDD<br \/>\nScan-to-USB<br \/>\nScan-to-WebDAV<br \/>\nScan-to-URL<br \/>\nSkanowanie sieciowe TWAIN<br \/>\nFormaty plik\u00f3w JPEG; TIFF; PDF; PDF\/A (1b); kompaktowy PDF;zaszyfrowany PDF; XPS<br \/>\nMiejsca docelowe skanowanych dokument\u00f3w<br \/>\n2100 (pojedyncze + grupowe); obs\u0142uga LDAP<br \/>\nFunkcje skanowania Do 400 program\u00f3w zadaniowych<\/p>\n<p>W celu konfiguracji urz\u0105dzenia prosimy o kontakt z przedstawicielem naszej firmy pod nr. telefonu 22 678 22 77 lub zak\u0142adka <span style=\"color: #000080;\"><strong>KONTAKT<\/strong><\/span><\/p>\n","protected":false},"excerpt":{"rendered":"<p>Kolorowe urz\u0105dzenie wielofunkcyjne A4 KONICA MINOLTA C3851 Opis: \u2022 Urz\u0105dzenie wielofunkcyjne A4 o szybko\u015bci druku 38 str.\/min dla stron czarno-bia\u0142ych i kolorowych. \u2022 Standardowy sterownik drukowania Emperon&#x2122; z obs\u0142ug\u0105 PCL i XPS. \u2022 Pojemno\u015b\u0107 wej\u015bciowa papieru 550 + 500 arkuszy &hellip; <a href=\"https:\/\/xerograf.pl\/?product=konica-minolta-c3350-kolor-kopia\">Continued<\/a><\/p>\n","protected":false},"featured_media":1407,"comment_status":"closed","ping_status":"closed","template":"","meta":[],"product_cat":[35,34],"product_tag":[],"class_list":{"0":"post-1404","1":"product","2":"type-product","3":"status-publish","4":"has-post-thumbnail","6":"product_cat-konica-minolta","7":"product_cat-kserokopiarki-uzywane","9":"first","10":"instock","11":"shipping-taxable","12":"product-type-simple"},"acf":[],"_links":{"self":[{"href":"https:\/\/xerograf.pl\/index.php?rest_route=\/wp\/v2\/product\/1404","targetHints":{"allow":["GET"]}}],"collection":[{"href":"https:\/\/xerograf.pl\/index.php?rest_route=\/wp\/v2\/product"}],"about":[{"href":"https:\/\/xerograf.pl\/index.php?rest_route=\/wp\/v2\/types\/product"}],"replies":[{"embeddable":true,"href":"https:\/\/xerograf.pl\/index.php?rest_route=%2Fwp%2Fv2%2Fcomments&post=1404"}],"wp:featuredmedia":[{"embeddable":true,"href":"https:\/\/xerograf.pl\/index.php?rest_route=\/wp\/v2\/media\/1407"}],"wp:attachment":[{"href":"https:\/\/xerograf.pl\/index.php?rest_route=%2Fwp%2Fv2%2Fmedia&parent=1404"}],"wp:term":[{"taxonomy":"product_cat","embeddable":true,"href":"https:\/\/xerograf.pl\/index.php?rest_route=%2Fwp%2Fv2%2Fproduct_cat&post=1404"},{"taxonomy":"product_tag","embeddable":true,"href":"https:\/\/xerograf.pl\/index.php?rest_route=%2Fwp%2Fv2%2Fproduct_tag&post=1404"}],"curies":[{"name":"wp","href":"https:\/\/api.w.org\/{rel}","templated":true}]}}