{"id":1401,"date":"2020-04-30T12:58:55","date_gmt":"2020-04-30T12:58:55","guid":{"rendered":"https:\/\/xerograf.pl\/?post_type=product&#038;p=1401"},"modified":"2020-04-30T14:07:53","modified_gmt":"2020-04-30T14:07:53","slug":"develop-ineo-3320i-kolor-kopia","status":"publish","type":"product","link":"https:\/\/xerograf.pl\/?product=develop-ineo-3320i-kolor-kopia","title":{"rendered":"Konica Minolta C3350 \/Kolor\/"},"content":{"rendered":"<p>Kolorowe urz\u0105dzenie wielofunkcyjne A4<strong> KONICA MINOLTA C3350<\/strong><\/p>\n<p><b><u>Opis:<\/u><\/b><\/p>\n<ul>\n<li>Pr\u0119dko\u015b\u0107 druku A4: 33 str.\/min w kolorze oraz czerni i bieli<\/li>\n<li>Formaty papieru: A6-A4<\/li>\n<li>7-calowy kolorowy panel dotykowy z obs\u0142ug\u0105 urz\u0105dze\u0144 takich ja smartphone, zapewnia wi\u0119ksz\u0105 wydajno\u015b\u0107 i rado\u015b\u0107 z pracy<\/li>\n<li>Kompleksowe funkcje bezpiecze\u0144stwa (przechowywanie danych, dokument\u00f3w, bezpiecze\u0144stwo sieci)<\/li>\n<li>Wyj\u0105tkowa wydajno\u015b\u0107 zmniejsza negatywny wp\u0142yw na \u015brodowisko i pomaga oszcz\u0119dzi\u0107 energi\u0119 i pieni\u0105dze<\/li>\n<\/ul>\n<p><strong>Specyfikacja:<\/strong><\/p>\n<ul>\n<li>Pr\u0119dko\u015b\u0107 druku\u00a0<b>33 str.\/min.\u00a0<\/b>w kolorze i mono<\/li>\n<li>Format papieru:\u00a0<strong>A6-A4<\/strong><\/li>\n<li>Gramatura papieru (g\/m\u00b2):\u00a0<strong>60-210 g\/m\u00b2<\/strong><\/li>\n<li>Pojemno\u015b\u0107 papieru (arkusze): Standard: 650 arkuszy, Maks.: 1 650 arkuszy<\/li>\n<li>Podajnik dokument\u00f3w\u00a0<b>RADF,<br \/>\n<\/b><\/li>\n<li>Automatyczny druk dwustronny (<strong>duplex<\/strong>): A4; 60-210 g\/m\u00b2<\/li>\n<li>Rozdzielczo\u015b\u0107 kopiowania (dpi): 600 x 600 dpi<\/li>\n<li>Rozdzielczo\u015b\u0107 drukowania (dpi) :600 x 600 dpi, 1 200 x 1 200 dpi<\/li>\n<li>Rozdzielczo\u015b\u0107 skanowania (dpi): 600 x 600 dpi<\/li>\n<li>Tryby skanowania: Skanowanie do e-mail<br \/>\nSkanowanie do SMB<br \/>\nSkanowanie do FTP<br \/>\nSkanowanie do HDD<br \/>\nSkanowanie do USB<br \/>\nSkanowanie do WebDAV<br \/>\nSkanowanie sieciowe TWAIN<\/li>\n<li>Protoko\u0142y sieciowe\u00a0TCP\/IP (IPv4\/IPv6); SMB; LPD; IPP; SNMP; HTTP; HTTPS<\/li>\n<li>Rodzaje ramek\u00a0Ethernet 802.2; Ethernet 802.3; Ethernet II; Ethernet SNAP<\/li>\n<li>Powi\u0119kszenie: 25-400% w odst\u0119pach 0,1%; automatyczne powi\u0119kszenie<\/li>\n<li>7-calowy kolorowy panel dotykowy z obs\u0142ug\u0105 urz\u0105dze\u0144 smartphone, zapewnia wi\u0119ksz\u0105 wydajno\u015b\u0107 i komfort pracy<\/li>\n<li>Karta sieciowa<\/li>\n<li>Wydajno\u015b\u0107 miesi\u0119czna <b>12 000 stron<\/b><\/li>\n<li>Dysk twardy\u00a0<b>320 GB, pami\u0119\u0107 1 GB<\/b><\/li>\n<li>Wymiary systemu (Sz.xG\u0142.xWys., mm): 555 x 584 x 603<\/li>\n<li>Waga systemu (kg): 47,5 kg<\/li>\n<\/ul>\n<p>W celu konfiguracji urz\u0105dzenia prosimy o kontakt z przedstawicielem naszej firmy pod nr. telefonu 22 678 22 77 lub zak\u0142adka <span style=\"color: #000080;\"><strong>KONTAKT<\/strong><\/span><\/p>\n","protected":false},"excerpt":{"rendered":"<p>Kolorowe urz\u0105dzenie wielofunkcyjne A4 KONICA MINOLTA C3350 Opis: Pr\u0119dko\u015b\u0107 druku A4: 33 str.\/min w kolorze oraz czerni i bieli Formaty papieru: A6-A4 7-calowy kolorowy panel dotykowy z obs\u0142ug\u0105 urz\u0105dze\u0144 takich ja smartphone, zapewnia wi\u0119ksz\u0105 wydajno\u015b\u0107 i rado\u015b\u0107 z pracy Kompleksowe &hellip; <a href=\"https:\/\/xerograf.pl\/?product=develop-ineo-3320i-kolor-kopia\">Continued<\/a><\/p>\n","protected":false},"featured_media":1403,"comment_status":"closed","ping_status":"closed","template":"","meta":[],"product_cat":[35,34],"product_tag":[],"class_list":{"0":"post-1401","1":"product","2":"type-product","3":"status-publish","4":"has-post-thumbnail","6":"product_cat-konica-minolta","7":"product_cat-kserokopiarki-uzywane","9":"first","10":"instock","11":"shipping-taxable","12":"product-type-simple"},"acf":[],"_links":{"self":[{"href":"https:\/\/xerograf.pl\/index.php?rest_route=\/wp\/v2\/product\/1401","targetHints":{"allow":["GET"]}}],"collection":[{"href":"https:\/\/xerograf.pl\/index.php?rest_route=\/wp\/v2\/product"}],"about":[{"href":"https:\/\/xerograf.pl\/index.php?rest_route=\/wp\/v2\/types\/product"}],"replies":[{"embeddable":true,"href":"https:\/\/xerograf.pl\/index.php?rest_route=%2Fwp%2Fv2%2Fcomments&post=1401"}],"wp:featuredmedia":[{"embeddable":true,"href":"https:\/\/xerograf.pl\/index.php?rest_route=\/wp\/v2\/media\/1403"}],"wp:attachment":[{"href":"https:\/\/xerograf.pl\/index.php?rest_route=%2Fwp%2Fv2%2Fmedia&parent=1401"}],"wp:term":[{"taxonomy":"product_cat","embeddable":true,"href":"https:\/\/xerograf.pl\/index.php?rest_route=%2Fwp%2Fv2%2Fproduct_cat&post=1401"},{"taxonomy":"product_tag","embeddable":true,"href":"https:\/\/xerograf.pl\/index.php?rest_route=%2Fwp%2Fv2%2Fproduct_tag&post=1401"}],"curies":[{"name":"wp","href":"https:\/\/api.w.org\/{rel}","templated":true}]}}