{"id":1291,"date":"2020-01-28T18:55:37","date_gmt":"2020-01-28T18:55:37","guid":{"rendered":"https:\/\/xerograf.pl\/?post_type=product&#038;p=1291"},"modified":"2020-01-28T20:01:05","modified_gmt":"2020-01-28T20:01:05","slug":"drukarka-color-laserjet-pro-m254nw","status":"publish","type":"product","link":"https:\/\/xerograf.pl\/?product=drukarka-color-laserjet-pro-m254nw","title":{"rendered":"Drukarka Color LaserJet Pro M254nw"},"content":{"rendered":"<p>PR\u0118DKO\u015a\u0106 DRUKU W CZERNI (ISO, A4)<\/p>\n<p>Normalna: Do 21 str.\/min<\/p>\n<p>PR\u0118DKO\u015a\u0106 DRUKU W KOLORZE (ISO)<\/p>\n<p>Normalna: Do 21 str.\/min<\/p>\n<p>TECHNOLOGIE W ZAKRESIE ROZDZIELCZO\u015aCI DRUKU ImageRET 3600<\/p>\n<p>NORMATYWNY CYKL PRACY (MIESI\u0118CZNIE, FORMAT A4) do 40\u00a0000 stron<\/p>\n<p>SZYBKO\u015a\u0106 PROCESORA 800 MHz<\/p>\n<p>J\u0118ZYKI DRUKOWANIA<\/p>\n<p>HP PCL 6, HP PCL 5c, emulacja HP Postscript Level 3, PCLm PDF, URF<\/p>\n<p>WY\u015aWIETLACZ dwuwierszowy graficzny wy\u015bwietlacz LCD<\/p>\n<p>MO\u017bLIWO\u015a\u0106 DRUKU MOBILNEGO<\/p>\n<p>HP ePrint; Apple AirPrint&#x2122;; Certyfikat Mopria&#x2122;; Wireless Direct Printing<\/p>\n<p>MO\u017bLIWO\u015a\u0106 PRACY BEZPRZEWODOWEJ<\/p>\n<p>Wbudowana karta sieciowa 802.11 b\/g\/n; Uwierzytelnianie z u\u017cyciem protoko\u0142u WEP, WPA\/WPA2 lub 802.11x; Szyfrowanie za pomoc\u0105 protoko\u0142u AES lub TKIP; WPS; Wi-Fi Direct<\/p>\n<p>\u0141\u0104CZNO\u015a\u0106, TRYB STANDARDOWY<\/p>\n<p>Port Hi-Speed USB 2.0; Wbudowany port sieciowy Fast Ethernet 10\/100 Base-TX; Karta sieci bezprzewodowej 802.11 b\/g\/n<\/p>\n<p>OBS\u0141UGIWANE SYSTEMY OPERACYJNE<\/p>\n<p>Windows\u00ae 10, 8.1, 8, 7: procesor 32-bitowy lub 64-bitowy, 2\u00a0GB wolnego miejsca na dysku twardym, nap\u0119d CD-ROM\/DVD lub po\u0142\u0105czenie z internetem, port USB, Internet Explorer. Windows Vista\u00ae: (tylko wersja 32-bitowa), 2 GB wolnego miejsca na dysku twardym, nap\u0119d CD-ROM\/DVD lub po\u0142\u0105czenie z internetem, port USB, Internet Explorer 8. Windows XP SP3 lub nowsza wersja (tylko 32-bitowa): dowolny procesor Intel\u00ae Pentium\u00ae II, Celeron\u00ae lub zgodny o cz\u0119stotliwo\u015bci taktowania 233\u00a0MHz, 850 MB wolnego miejsca na dysku twardym, nap\u0119d CD-ROM\/DVD lub po\u0142\u0105czenie z internetem, port USB, Internet Explorer 8.<\/p>\n<p>STANDARDOWA POJEMNO\u015a\u0106 PAMI\u0118CI 128 MB pami\u0119ci DDR, 128 MB pami\u0119ci NAND<\/p>\n<p>MAKS. POJEMNO\u015a\u0106 PAMI\u0118CI 128 MB pami\u0119ci DDR, 128 MB pami\u0119ci NAND<\/p>\n<p>STANDARDOWA POJEMNO\u015a\u0106 ODBIORNIKA PAPIERU odbiornik papieru na 100 arkuszy<\/p>\n<p>STANDARDOWA POJEMNO\u015a\u0106 PODAJNIKA PAPIERU podajnik na 250 arkuszy<\/p>\n<p>MAKSYMALNA POJEMNO\u015a\u0106 ODBIORNIKA (ARKUSZE) maks. 100 arkuszy (stos o wysoko\u015bci 10 mm)<\/p>\n<p>DRUKOWANIE DWUSTRONNE nie<\/p>\n<p>OBS\u0141UGIWANE FORMATY NO\u015aNIK\u00d3W<\/p>\n<p>Executive (184 \u00d7 267 mm); Oficio (216 \u00d7 330 mm); 102 \u00d7 152 mm; 127 \u00d7 203 mm; A4 (210 \u00d7 299 mm); A5 (148 \u00d7 210 mm); A6 (105 \u00d7 148 mm); B5 (JIS) (182 \u00d7 257 mm); B6 (JIS) (128 \u00d7 182 mm); 100 \u00d7 150 mm; Oficio (216 \u00d7 340 mm); 16K (195 \u00d7 270 mm); 16K (184 \u00d7 260 mm); 16K (197 \u00d7 273 mm); Poczt\u00f3wka (JIS) (100 \u00d7 147 mm); Podw\u00f3jna poczt\u00f3wka (JIS) (147 \u00d7 200 mm); Koperta nr 10 (105 \u00d7 241 mm); Koperta Monarch (98 \u00d7 191 mm); Koperta B5 (176 \u00d7 250 mm); Koperta C5 (162 \u00d7 229 mm); Koperta DL (110 \u00d7 220 mm); A5-R (210 \u00d7 148 mm)<\/p>\n<p>ROZMIARY NO\u015aNIK\u00d3W, DO DOSTOSOWANIA od 76 x 127 do 216 x 356 mm<\/p>\n<p>NO\u015aNIKI<\/p>\n<p>Papier (typu bond, broszurowy, kolorowy, b\u0142yszcz\u0105cy, ci\u0119\u017cki, firmowy, lekki, fotograficzny, zwyk\u0142y, wst\u0119pnie zadrukowany, dziurkowany, makulaturowy, szorstki), folie, etykiety, koperty, kartki<\/p>\n<p>GRAMATURA NO\u015aNIK\u00d3W, OBS\u0141UGIWANA<\/p>\n<p>Od 60 do 163 g\/m\u00b2 (niepowlekany\/matowy, zalecana), ale poczt\u00f3wki do 175 g\/m\u00b2 i papier matowy HP 200 g\/m\u00b2 s\u0105 dozwolone w sterowniku; Od 60 do 163 g\/m\u00b2 (powlekany\/b\u0142yszcz\u0105cy, zalecana), ale poczt\u00f3wki do 175 g\/m\u00b2 i papier b\u0142yszcz\u0105cy HP 220 g\/m\u00b2 s\u0105 dozwolone w sterowniku.<\/p>\n<p>ZASILANIE<\/p>\n<p>Napi\u0119cie wej\u015bciowe 220 V: 220 do 240\u00a0V pr. zm. (\u00b110%), 50\u00a0Hz (\u00b13\u00a0Hz), 60\u00a0Hz (\u00b13 Hz)<\/p>\n<p>WYMIARY (SZER. X G\u0141\u0118B. X WYS.)<\/p>\n<p>392 \u00d7 385,8 \u00d7 247,5 mm<\/p>\n<p>392 \u00d7 435 \u00d7 247,5 mm<\/p>\n<p>WAGA 13,8 kg<\/p>\n<p>WAGA W OPAKOWANIU (BRUTTO) 16,4 kg<\/p>\n<p>KABEL W ZESTAWIE Tak, 1 przew\u00f3d USB<\/p>\n","protected":false},"excerpt":{"rendered":"<p>PR\u0118DKO\u015a\u0106 DRUKU W CZERNI (ISO, A4) Normalna: Do 21 str.\/min PR\u0118DKO\u015a\u0106 DRUKU W KOLORZE (ISO) Normalna: Do 21 str.\/min TECHNOLOGIE W ZAKRESIE ROZDZIELCZO\u015aCI DRUKU ImageRET 3600 NORMATYWNY CYKL PRACY (MIESI\u0118CZNIE, FORMAT A4) do 40\u00a0000 stron SZYBKO\u015a\u0106 PROCESORA 800 MHz J\u0118ZYKI &hellip; <a href=\"https:\/\/xerograf.pl\/?product=drukarka-color-laserjet-pro-m254nw\">Continued<\/a><\/p>\n","protected":false},"featured_media":1292,"comment_status":"closed","ping_status":"closed","template":"","meta":[],"product_cat":[53],"product_tag":[],"class_list":{"0":"post-1291","1":"product","2":"type-product","3":"status-publish","4":"has-post-thumbnail","6":"product_cat-hewlett-packard","8":"first","9":"instock","10":"shipping-taxable","11":"product-type-simple"},"acf":[],"_links":{"self":[{"href":"https:\/\/xerograf.pl\/index.php?rest_route=\/wp\/v2\/product\/1291","targetHints":{"allow":["GET"]}}],"collection":[{"href":"https:\/\/xerograf.pl\/index.php?rest_route=\/wp\/v2\/product"}],"about":[{"href":"https:\/\/xerograf.pl\/index.php?rest_route=\/wp\/v2\/types\/product"}],"replies":[{"embeddable":true,"href":"https:\/\/xerograf.pl\/index.php?rest_route=%2Fwp%2Fv2%2Fcomments&post=1291"}],"wp:featuredmedia":[{"embeddable":true,"href":"https:\/\/xerograf.pl\/index.php?rest_route=\/wp\/v2\/media\/1292"}],"wp:attachment":[{"href":"https:\/\/xerograf.pl\/index.php?rest_route=%2Fwp%2Fv2%2Fmedia&parent=1291"}],"wp:term":[{"taxonomy":"product_cat","embeddable":true,"href":"https:\/\/xerograf.pl\/index.php?rest_route=%2Fwp%2Fv2%2Fproduct_cat&post=1291"},{"taxonomy":"product_tag","embeddable":true,"href":"https:\/\/xerograf.pl\/index.php?rest_route=%2Fwp%2Fv2%2Fproduct_tag&post=1291"}],"curies":[{"name":"wp","href":"https:\/\/api.w.org\/{rel}","templated":true}]}}