{"id":1271,"date":"2020-01-27T17:10:52","date_gmt":"2020-01-27T17:10:52","guid":{"rendered":"https:\/\/xerograf.pl\/?post_type=product&#038;p=1271"},"modified":"2020-01-28T20:02:28","modified_gmt":"2020-01-28T20:02:28","slug":"1271","status":"publish","type":"product","link":"https:\/\/xerograf.pl\/?product=1271","title":{"rendered":"Hewlett Packard Laser MFP 135W"},"content":{"rendered":"<p>FUNKCJE:<\/p>\n<p>Drukowanie, kopiowanie, skanowanie<\/p>\n<p>PR\u0118DKO\u015a\u0106 DRUKU W CZERNI (ISO, A4)\u00a0 Normalna: Do 20 str.\/min<\/p>\n<p>NORMATYWNY CYKL PRACY (MIESI\u0118CZNIE, FORMAT A4) do 10 000 stron na miesi\u0105c.<\/p>\n<p>TECHNOLOGIA DRUKU Druk laserowy<\/p>\n<p>JAKO\u015a\u0106 DRUKU W CZERNI (TRYB BEST) do 1200 \u00d7 1200 dpi<\/p>\n<p>J\u0118ZYKI DRUKOWANIA SPL<\/p>\n<p>WY\u015aWIETLACZ 2-wierszowy wy\u015bwietlacz LCD (16 znak\u00f3w w wierszu)<\/p>\n<p>SZYBKO\u015a\u0106 PROCESORA 600 MHz<\/p>\n<p>CZUJNIK AUTOMATYCZNEGO WYKRYWANIA RODZAJU PAPIERU Nie<\/p>\n<p>KASETY WYMIENNE<\/p>\n<p>W1106A HP 106A \u2013 oryginalny czarny toner 1000stron<\/p>\n<p>&nbsp;<\/p>\n<p>MO\u017bLIWO\u015a\u0106 PRACY BEZPRZEWODOWEJ<\/p>\n<p>Tak, wbudowany interfejs Wi-Fi 802.11b\/g\/n<\/p>\n<p>\u0141\u0104CZNO\u015a\u0106, TRYB STANDARDOWY<\/p>\n<p>Port USB 2.0 Hi-Speed; Wi-Fi 802.11 b\/g\/n<\/p>\n<p>&nbsp;<\/p>\n<p>MINIMALNE WYMAGANIA SYSTEMOWE<\/p>\n<p>Windows 7 lub nowszy, procesor Intel\u00ae Pentium\u00ae IV 1 GHz 32-\/64-bitowy lub nowszy, 1 GB pami\u0119ci RAM, 16 GB wolnego miejsca na dysku twardym OS X v10.11 lub nowsza wersja, 1,5 GB dost\u0119pnej przestrzeni na dysku twardym, internet, USB<\/p>\n<p>OBS\u0141UGIWANE SYSTEMY OPERACYJNE<\/p>\n<p>Windows\u00ae 7 (32\/64-bitowy), 2008 Server R2, 8 (32\/64-bitowy), 8.1 (32\/64-bitowy), 10 (32\/64-bitowy), 2012 Server, 2016 Server; macOS v10.14 Mojave, macOS v10.13 High Sierra, macOS v10.12 Sierra, OS X v10.11 El Capitan<\/p>\n<p>&nbsp;<\/p>\n<p>INFORMACJE O OBS\u0141UDZE SYSTEMU OPERACYJNEGO system operacyjny Windows 7 lub nowszy<\/p>\n<p>STANDARDOWA POJEMNO\u015a\u0106 PAMI\u0118CI 128 MB<\/p>\n<p>MAKSYMALNA WIELKO\u015a\u0106 PAMI\u0118CI 128 MB 128 MB (pami\u0119\u0107 systemowa), brak mo\u017cliwo\u015bci rozbudowy<\/p>\n<p>STANDARDOWA POJEMNO\u015a\u0106 PODAJNIKA PAPIERU podajnik na 150 arkuszy<\/p>\n<p>STANDARDOWA POJEMNO\u015a\u0106 ODBIORNIKA PAPIERU odbiornik na 100 arkuszy<\/p>\n<p>MAKSYMALNA POJEMNO\u015a\u0106 ODBIORNIKA (ARKUSZE) do 100 arkuszy<\/p>\n<p>DRUKOWANIE DWUSTRONNE r\u0119czny (z obs\u0142ug\u0105 przez sterownik)<\/p>\n<p>OBS\u0141UGIWANE FORMATY NO\u015aNIK\u00d3W A4; A5; A5 (LEF); B5 (JIS); Oficio; Koperty (DL, C5)<\/p>\n<p>ROZMIARY NO\u015aNIK\u00d3W, DO DOSTOSOWANIA od 76 x 127 do 216 x 356 mm<\/p>\n<p>NO\u015aNIKI<\/p>\n<p>Zwyk\u0142y, gruby, cienki, bawe\u0142niany, kolorowy, z nadrukiem, makulaturowy, etykiety, karton, blankietowy, archiwalny, koperty<\/p>\n<p>GRAMATURA NO\u015aNIK\u00d3W, OBS\u0141UGIWANA od 60 do 163 g\/m\u02db<\/p>\n<p>TYP SKANERA p\u0142aski<\/p>\n<p>FORMAT PLIKU ZAWIERAJ\u0104CEGO ZESKANOWANY OBRAZ<\/p>\n<p>Oprogramowanie do skanowania dla systemu Windows obs\u0142uguje pliki w formatach: PDF, JPG, TIFF, PNG, BMP<\/p>\n<p>ROZDZIELCZO\u015a\u0106 SKANOWANIA, OPTYCZNA do 600 \u00d7 600\u00a0dpi<\/p>\n<p>STANDARDOWE FUNKCJE CYFROWEJ DYSTRYBUCJI DOKUMENT\u00d3W<\/p>\n<p>Skanowanie do platformy WSD; Skanowanie do platformy WSD; Skanowanie do PC<\/p>\n<p>PR\u0118DKO\u015a\u0106 KOPIOWANIA (W CZERNI, TRYB NORMAL, FORMAT A4)\u00a0 czarny: Do 20 kopii\/min<\/p>\n<p>ROZDZIELCZO\u015a\u0106 KOPII (TEKST W CZERNI)\u00a0 \u00a0Maks. 600 x 600 dpi<\/p>\n<p>OGRANICZENIE LICZBY KOPII\/POSZERZENIE USTAWIE\u0143\u00a0 \u00a025 do 400%<\/p>\n<p>KOPIE, MAKS. Do 99 kopii<\/p>\n<p>FAKSOWANIE\u00a0 \u00a0Nie<\/p>\n<p>ZASILANIE<\/p>\n<p>220\u2013240 V AC, 50\/60 Hz<\/p>\n<p>&nbsp;<\/p>\n<p>Wsp\u00f3lny instalator, sterownik druku V3 z Lite SM, sterownik TWAIN\/WIA, HP MFP Scan, program OCR<\/p>\n","protected":false},"excerpt":{"rendered":"<p>FUNKCJE: Drukowanie, kopiowanie, skanowanie PR\u0118DKO\u015a\u0106 DRUKU W CZERNI (ISO, A4)\u00a0 Normalna: Do 20 str.\/min NORMATYWNY CYKL PRACY (MIESI\u0118CZNIE, FORMAT A4) do 10 000 stron na miesi\u0105c. TECHNOLOGIA DRUKU Druk laserowy JAKO\u015a\u0106 DRUKU W CZERNI (TRYB BEST) do 1200 \u00d7 1200 &hellip; <a href=\"https:\/\/xerograf.pl\/?product=1271\">Continued<\/a><\/p>\n","protected":false},"featured_media":1281,"comment_status":"closed","ping_status":"closed","template":"","meta":[],"product_cat":[53],"product_tag":[],"class_list":{"0":"post-1271","1":"product","2":"type-product","3":"status-publish","4":"has-post-thumbnail","6":"product_cat-hewlett-packard","8":"first","9":"instock","10":"shipping-taxable","11":"product-type-simple"},"acf":[],"_links":{"self":[{"href":"https:\/\/xerograf.pl\/index.php?rest_route=\/wp\/v2\/product\/1271","targetHints":{"allow":["GET"]}}],"collection":[{"href":"https:\/\/xerograf.pl\/index.php?rest_route=\/wp\/v2\/product"}],"about":[{"href":"https:\/\/xerograf.pl\/index.php?rest_route=\/wp\/v2\/types\/product"}],"replies":[{"embeddable":true,"href":"https:\/\/xerograf.pl\/index.php?rest_route=%2Fwp%2Fv2%2Fcomments&post=1271"}],"wp:featuredmedia":[{"embeddable":true,"href":"https:\/\/xerograf.pl\/index.php?rest_route=\/wp\/v2\/media\/1281"}],"wp:attachment":[{"href":"https:\/\/xerograf.pl\/index.php?rest_route=%2Fwp%2Fv2%2Fmedia&parent=1271"}],"wp:term":[{"taxonomy":"product_cat","embeddable":true,"href":"https:\/\/xerograf.pl\/index.php?rest_route=%2Fwp%2Fv2%2Fproduct_cat&post=1271"},{"taxonomy":"product_tag","embeddable":true,"href":"https:\/\/xerograf.pl\/index.php?rest_route=%2Fwp%2Fv2%2Fproduct_tag&post=1271"}],"curies":[{"name":"wp","href":"https:\/\/api.w.org\/{rel}","templated":true}]}}