{"id":1270,"date":"2020-01-27T16:08:53","date_gmt":"2020-01-27T16:08:53","guid":{"rendered":"https:\/\/xerograf.pl\/?post_type=product&#038;p=1270"},"modified":"2020-01-27T16:12:59","modified_gmt":"2020-01-27T16:12:59","slug":"konica-minolta-bizhub-4750","status":"publish","type":"product","link":"https:\/\/xerograf.pl\/?product=konica-minolta-bizhub-4750","title":{"rendered":"Konica Minolta Bizhub 4750"},"content":{"rendered":"<p>&nbsp;<\/p>\n<table width=\"1037\">\n<tbody>\n<tr>\n<td><strong>Wy\u015bwietlacz<\/strong><\/td>\n<td>Kolorowy ekran dotykowy 7\u2033<\/td>\n<\/tr>\n<tr>\n<td><strong>Rodzaj druku<\/strong><\/td>\n<td>Monochromatyczne<\/td>\n<\/tr>\n<tr>\n<td><strong>Producent<\/strong><\/td>\n<td>Konica Minolta<\/td>\n<\/tr>\n<tr>\n<td><strong>Szybko\u015b\u0107 Wydruku<\/strong><\/td>\n<td>47 str.\/min.<\/td>\n<\/tr>\n<tr>\n<td><strong>Druk Pierwszej Strony<\/strong><\/td>\n<td>8,5 sek.<\/td>\n<\/tr>\n<tr>\n<td><strong>Pami\u0119\u0107 I Procesor<\/strong><\/td>\n<td>Standardowo: 2 GB<\/td>\n<\/tr>\n<tr>\n<td><strong>Dysk Twardy<\/strong><\/td>\n<td>320 GB<\/td>\n<\/tr>\n<tr>\n<td><strong>Zalecany Nak\u0142ad<\/strong><\/td>\n<td>6 500 str.\/miesi\u0105c<\/td>\n<\/tr>\n<tr>\n<td><strong>Maksymalny nak\u0142ad<\/strong><\/td>\n<td>150 000 str.\/miesi\u0105c<\/td>\n<\/tr>\n<tr>\n<td><strong>Toner<\/strong><\/td>\n<td>Kaseta z tonerem czarnym o wydajno\u015bci 20 000 stron<\/td>\n<\/tr>\n<tr>\n<td><strong>Obs\u0142uga Papieru<\/strong><\/td>\n<td>Kaseta na 550 arkuszy, Podajnik r\u0119czny na 100 arkuszy<\/td>\n<\/tr>\n<tr>\n<td><strong>Opcje<\/strong><\/td>\n<td>Kaseta na 3 x 550 arkuszy, Grupowanie\/sortowanie, zszywanie<\/td>\n<\/tr>\n<tr>\n<td><strong>Pojemno\u015b\u0107Podajnika<\/strong><\/td>\n<td>Standardowo: 650 arkuszy \/ Maksymalnie: 2 300 arkuszy<\/td>\n<\/tr>\n<tr>\n<td><strong>Interfejs<\/strong><\/td>\n<td>Ethernet 10-Base-T\/100-Base-TX\/1,000-Base-T, USB 1.1, USB 2.0<\/td>\n<\/tr>\n<tr>\n<td><strong>Szybko\u015b\u0107 Kopiowania<\/strong><\/td>\n<td>40 str.\/min.<\/td>\n<\/tr>\n<tr>\n<td><strong>Czas Pierwszej Kopii<\/strong><\/td>\n<td>8,5 sek.<\/td>\n<\/tr>\n<tr>\n<td><strong>Rozdzielczo\u015b\u0107 Skanowania<\/strong><\/td>\n<td>Max. 600 x 600 dpi<\/td>\n<\/tr>\n<tr>\n<td><strong>Skan Jednostronny<\/strong><\/td>\n<td>A4, mono: 45 str.\/min. \u2013 A4, kolor: 30 str.\/min.<\/td>\n<\/tr>\n<tr>\n<td><strong>Obs\u0142ugiwane Rozmiary<\/strong><\/td>\n<td>A6, A5, A4<\/td>\n<\/tr>\n<tr>\n<td><strong>Wymiary<\/strong><\/td>\n<td>489 x 482 x 561 mm \/ 24 kg<\/td>\n<\/tr>\n<\/tbody>\n<\/table>\n<p>&nbsp;<\/p>\n","protected":false},"excerpt":{"rendered":"<p>&nbsp; Wy\u015bwietlacz Kolorowy ekran dotykowy 7\u2033 Rodzaj druku Monochromatyczne Producent Konica Minolta Szybko\u015b\u0107 Wydruku 47 str.\/min. Druk Pierwszej Strony 8,5 sek. Pami\u0119\u0107 I Procesor Standardowo: 2 GB Dysk Twardy 320 GB Zalecany Nak\u0142ad 6 500 str.\/miesi\u0105c Maksymalny nak\u0142ad 150 000 &hellip; <a href=\"https:\/\/xerograf.pl\/?product=konica-minolta-bizhub-4750\">Continued<\/a><\/p>\n","protected":false},"featured_media":1266,"comment_status":"closed","ping_status":"closed","template":"","meta":[],"product_cat":[35,34],"product_tag":[],"class_list":{"0":"post-1270","1":"product","2":"type-product","3":"status-publish","4":"has-post-thumbnail","6":"product_cat-konica-minolta","7":"product_cat-kserokopiarki-uzywane","9":"first","10":"instock","11":"shipping-taxable","12":"product-type-simple"},"acf":[],"_links":{"self":[{"href":"https:\/\/xerograf.pl\/index.php?rest_route=\/wp\/v2\/product\/1270","targetHints":{"allow":["GET"]}}],"collection":[{"href":"https:\/\/xerograf.pl\/index.php?rest_route=\/wp\/v2\/product"}],"about":[{"href":"https:\/\/xerograf.pl\/index.php?rest_route=\/wp\/v2\/types\/product"}],"replies":[{"embeddable":true,"href":"https:\/\/xerograf.pl\/index.php?rest_route=%2Fwp%2Fv2%2Fcomments&post=1270"}],"wp:featuredmedia":[{"embeddable":true,"href":"https:\/\/xerograf.pl\/index.php?rest_route=\/wp\/v2\/media\/1266"}],"wp:attachment":[{"href":"https:\/\/xerograf.pl\/index.php?rest_route=%2Fwp%2Fv2%2Fmedia&parent=1270"}],"wp:term":[{"taxonomy":"product_cat","embeddable":true,"href":"https:\/\/xerograf.pl\/index.php?rest_route=%2Fwp%2Fv2%2Fproduct_cat&post=1270"},{"taxonomy":"product_tag","embeddable":true,"href":"https:\/\/xerograf.pl\/index.php?rest_route=%2Fwp%2Fv2%2Fproduct_tag&post=1270"}],"curies":[{"name":"wp","href":"https:\/\/api.w.org\/{rel}","templated":true}]}}