{"id":1099,"date":"2019-11-17T17:21:12","date_gmt":"2019-11-17T17:21:12","guid":{"rendered":"https:\/\/xerograf.pl\/?post_type=product&#038;p=1099"},"modified":"2019-11-17T17:25:11","modified_gmt":"2019-11-17T17:25:11","slug":"develop-ineo-3320i-kolor","status":"publish","type":"product","link":"https:\/\/xerograf.pl\/?product=develop-ineo-3320i-kolor","title":{"rendered":"DEVELOP ineo+ 3320i \/Kolor\/"},"content":{"rendered":"<p>Kolorowe urz\u0105dzenie wielofunkcyjne A4<strong>\u00a0Develop ineo+ 3320i<\/strong><\/p>\n<p><u>Opis:<\/u><\/p>\n<ul>\n<li>Ma\u0142e i wydajne urz\u0105dzenie wielofunkcyjne<\/li>\n<li>Umo\u017cliwia wykonywanie wszystkich codziennych zada\u0144 biurowych: drukowania, kopiowania i skanowanie w jednym urz\u0105dzeniu<\/li>\n<li>Szybkie przetwarzanie prac<\/li>\n<\/ul>\n<p><u>Fun<\/u><u>kcjonalno\u015b\u0107:<\/u><\/p>\n<ul>\n<li>Kopiowanie i drukowanie z pr\u0119dko\u015bci\u0105 do 33\u00a0str. A4 \/ minut\u0119<\/li>\n<li>Skanowanie z pr\u0119dko\u015bci\u0105 do 56 str. A4 \/ minute w dupleksie<\/li>\n<li>Opcjonalny Fax z Super-G3 oferuj\u0105cy szybk\u0105 transmisj\u0119<\/li>\n<li>Wbudowany kontroler 1.066 Ghz (standard)<\/li>\n<li>Automatyczne kopiowanie i drukowanie dwustronne<\/li>\n<li>Jednoprzebiegowy podajnik dokument\u00f3w (Dualscan)<\/li>\n<li>Karta sieciowa<\/li>\n<li>Dupleks<\/li>\n<\/ul>\n<p><u>Media:<\/u><\/p>\n<ul>\n<li>Standard: 500 arkuszy, max. 850 arkuszy<\/li>\n<li>Kaseta na 500 arkuszy (A6-A4, 60-210 g\/m2)<\/li>\n<li>Podajnik r\u0119czny o pojemno\u015bci do 100 arkuszy (A6-A4+, 60-210 g\/m2)<\/li>\n<\/ul>\n<p>&nbsp;<\/p>\n<p><u>Urz\u0105dzenie zawiera pe\u0142nowarto\u015bciowe tonery o wydajno\u015bci K:\u00a013000 stron | CMY :9000 stron.<\/u><\/p>\n<p>W celu konfiguracji urz\u0105dzenia prosimy o kontakt z przedstawicielem naszej firmy pod nr. telefonu 22 678 22 77 lub zak\u0142adka <span style=\"color: #000080;\"><strong>KONTAKT<\/strong><\/span><\/p>\n","protected":false},"excerpt":{"rendered":"<p>Kolorowe urz\u0105dzenie wielofunkcyjne A4\u00a0Develop ineo+ 3320i Opis: Ma\u0142e i wydajne urz\u0105dzenie wielofunkcyjne Umo\u017cliwia wykonywanie wszystkich codziennych zada\u0144 biurowych: drukowania, kopiowania i skanowanie w jednym urz\u0105dzeniu Szybkie przetwarzanie prac Funkcjonalno\u015b\u0107: Kopiowanie i drukowanie z pr\u0119dko\u015bci\u0105 do 33\u00a0str. A4 \/ minut\u0119 Skanowanie &hellip; <a href=\"https:\/\/xerograf.pl\/?product=develop-ineo-3320i-kolor\">Continued<\/a><\/p>\n","protected":false},"featured_media":1100,"comment_status":"closed","ping_status":"closed","template":"","meta":[],"product_cat":[32],"product_tag":[],"class_list":{"0":"post-1099","1":"product","2":"type-product","3":"status-publish","4":"has-post-thumbnail","6":"product_cat-develop","8":"first","9":"instock","10":"shipping-taxable","11":"product-type-simple"},"acf":[],"_links":{"self":[{"href":"https:\/\/xerograf.pl\/index.php?rest_route=\/wp\/v2\/product\/1099","targetHints":{"allow":["GET"]}}],"collection":[{"href":"https:\/\/xerograf.pl\/index.php?rest_route=\/wp\/v2\/product"}],"about":[{"href":"https:\/\/xerograf.pl\/index.php?rest_route=\/wp\/v2\/types\/product"}],"replies":[{"embeddable":true,"href":"https:\/\/xerograf.pl\/index.php?rest_route=%2Fwp%2Fv2%2Fcomments&post=1099"}],"wp:featuredmedia":[{"embeddable":true,"href":"https:\/\/xerograf.pl\/index.php?rest_route=\/wp\/v2\/media\/1100"}],"wp:attachment":[{"href":"https:\/\/xerograf.pl\/index.php?rest_route=%2Fwp%2Fv2%2Fmedia&parent=1099"}],"wp:term":[{"taxonomy":"product_cat","embeddable":true,"href":"https:\/\/xerograf.pl\/index.php?rest_route=%2Fwp%2Fv2%2Fproduct_cat&post=1099"},{"taxonomy":"product_tag","embeddable":true,"href":"https:\/\/xerograf.pl\/index.php?rest_route=%2Fwp%2Fv2%2Fproduct_tag&post=1099"}],"curies":[{"name":"wp","href":"https:\/\/api.w.org\/{rel}","templated":true}]}}