{"id":7,"date":"2015-03-14T19:06:51","date_gmt":"2015-03-14T19:06:51","guid":{"rendered":"https:\/\/xerograf.pl\/?page_id=7"},"modified":"2015-04-04T07:55:23","modified_gmt":"2015-04-04T07:55:23","slug":"kopiowanie-drukowanie","status":"publish","type":"page","link":"https:\/\/xerograf.pl\/?page_id=7","title":{"rendered":"Kopiowanie Drukowanie"},"content":{"rendered":"<p><strong class=\"caption\">Kopiowanie-Drukowanie<\/strong><\/p>\n<p><strong>Oferujemy kompleksow\u0105 us\u0142ug\u0119 w zakresie drukowania, kopiowania oraz skanowania.<br \/>\n<\/strong>Dzi\u0119ki zastosowaniu nowoczesnego sprz\u0119tu mo\u017cemy zapewni\u0107 Pa\u0144stwu, kr\u00f3tki czas realizacji zlece\u0144.<\/p>\n<p>Plik mo\u017cna dostarczy\u0107 w postaci pdf lub w formie orygina\u0142u. \u00a0\u00a0<img loading=\"lazy\" decoding=\"async\" class=\"alignright wp-image-10 size-medium\" src=\"http:\/\/xerograf.pl\/wp-content\/uploads\/2015\/03\/drukowanie-kopiowanie.jpg-300x195.jpg\" alt=\"drukowanie-kopiowanie.jpg\" width=\"300\" height=\"195\" \/><br \/>\nUs\u0142ug\u0119 wykonujemy tak\u017ce na materia\u0142ach powierzonych<br \/>\nnp. jednostronnie zadrukowany, offset, ulotki itp..<br \/>\nDla tych z Pa\u0144stwa, kt\u00f3rzy osobi\u015bcie nie mog\u0105 pojawi\u0107 si\u0119 w siedzibie firmy<br \/>\nproponujemy elektroniczny spos\u00f3b wys\u0142ania zlecenia na adres e-mail: <a href=\"mailto:biuro@xerograf.pl\">biuro@xerograf.pl<\/a><\/p>\n<p>Oferujemy dostarczenie gotowych materia\u0142\u00f3w do siedziby Klienta.<br \/>\nUs\u0142uga przeznaczona wy\u0142\u0105cznie dla \u015brednich i wysokich nak\u0142ad\u00f3w.<\/p>\n<p>&nbsp;<\/p>\n<p><strong>\u00a0Na naszych produktach kopiuje i drukuje wiele firm.<\/strong><\/p>\n<p><span class=\"caption\">\u00a0<\/span><br \/>\n<strong>Zapraszamy do wsp\u00f3\u0142pracy.<\/strong><\/p>\n","protected":false},"excerpt":{"rendered":"<p>Kopiowanie-Drukowanie Oferujemy kompleksow\u0105 us\u0142ug\u0119 w zakresie drukowania, kopiowania oraz skanowania. Dzi\u0119ki zastosowaniu nowoczesnego sprz\u0119tu mo\u017cemy zapewni\u0107 Pa\u0144stwu, kr\u00f3tki czas realizacji zlece\u0144. Plik mo\u017cna dostarczy\u0107 w postaci pdf lub w formie orygina\u0142u. \u00a0\u00a0 Us\u0142ug\u0119 wykonujemy tak\u017ce na materia\u0142ach powierzonych np. jednostronnie &hellip; <a href=\"https:\/\/xerograf.pl\/?page_id=7\">Continued<\/a><\/p>\n","protected":false},"author":1,"featured_media":0,"parent":0,"menu_order":0,"comment_status":"closed","ping_status":"open","template":"page-fullwidth.php","meta":{"footnotes":""},"class_list":["post-7","page","type-page","status-publish","hentry"],"acf":[],"_links":{"self":[{"href":"https:\/\/xerograf.pl\/index.php?rest_route=\/wp\/v2\/pages\/7","targetHints":{"allow":["GET"]}}],"collection":[{"href":"https:\/\/xerograf.pl\/index.php?rest_route=\/wp\/v2\/pages"}],"about":[{"href":"https:\/\/xerograf.pl\/index.php?rest_route=\/wp\/v2\/types\/page"}],"author":[{"embeddable":true,"href":"https:\/\/xerograf.pl\/index.php?rest_route=\/wp\/v2\/users\/1"}],"replies":[{"embeddable":true,"href":"https:\/\/xerograf.pl\/index.php?rest_route=%2Fwp%2Fv2%2Fcomments&post=7"}],"version-history":[{"count":2,"href":"https:\/\/xerograf.pl\/index.php?rest_route=\/wp\/v2\/pages\/7\/revisions"}],"predecessor-version":[{"id":720,"href":"https:\/\/xerograf.pl\/index.php?rest_route=\/wp\/v2\/pages\/7\/revisions\/720"}],"wp:attachment":[{"href":"https:\/\/xerograf.pl\/index.php?rest_route=%2Fwp%2Fv2%2Fmedia&parent=7"}],"curies":[{"name":"wp","href":"https:\/\/api.w.org\/{rel}","templated":true}]}}