{"id":5,"date":"2015-03-14T19:04:17","date_gmt":"2015-03-14T19:04:17","guid":{"rendered":"https:\/\/xerograf.pl\/?page_id=5"},"modified":"2015-03-31T19:12:35","modified_gmt":"2015-03-31T19:12:35","slug":"o-firmie","status":"publish","type":"page","link":"https:\/\/xerograf.pl\/?page_id=5","title":{"rendered":"O firmie"},"content":{"rendered":"<address>\n<p style=\"text-align: justify;\"><strong><span style=\"color: #ff0000;\">XERO<\/span><span style=\"color: #3366ff;\">GRAF<\/span>&#8211; Technika Biurowa<\/strong><\/p>\n<p style=\"text-align: justify;\">Jeste\u015bmy na rynku od 1999 roku. Nasze wieloletnie do\u015bwiadczenie i praktyka oparta\u00a0jest na szerokiej wiedzy i umiej\u0119tno\u015bciach w dziedzinie urz\u0105dze\u0144 biurowych i materia\u0142\u00f3w eksploatacyjnych.\u00a0Posiadamy wysoce przeszkolony sta\u0142y zesp\u00f3\u0142, kt\u00f3ry \u015bwiadczy us\u0142ugi na najwy\u017cszym\u00a0poziomie zgodnie z potrzebami naszych Klient\u00f3w.\u00a0Od pocz\u0105tku dzia\u0142alno\u015bci firmy stawiamy na najwy\u017csz\u0105 jako\u015b\u0107 \u015bwiadczonych us\u0142ug i rozwi\u0105za\u0144 logistycznych. Zajmujemy si\u0119 sprzeda\u017c\u0105 oraz serwisowaniem sprz\u0119tu biurowego:<\/p>\n<ul>\n<li style=\"text-align: justify;\">kserokopiarki,<\/li>\n<li style=\"text-align: justify;\">faksy,<\/li>\n<li style=\"text-align: justify;\">drukarki,<\/li>\n<li style=\"text-align: justify;\">skanery,<\/li>\n<li style=\"text-align: justify;\">plotery,<\/li>\n<li style=\"text-align: justify;\">liczarki do banknot\u00f3w itp.<\/li>\n<\/ul>\n<p style=\"text-align: justify;\">W naszej ofercie znajd\u0105 Pa\u0144stwo produkty renomowanych marek.\u00a0Jeste\u015bmy autoryzowanym przedstawicielem urz\u0105dze\u0144 HSM ( niszczarki biurowe i niszczarki przemys\u0142owe, nacinarki do karton\u00f3w, gilotyny, systemy niszcz\u0105co-prasuj\u0105ce, trymetry),DEVELOP cyfrowe urz\u0105dzenia wielofunkcyjne(kopia,druk,skan) .<br \/>\nLata do\u015bwiadcze\u0144 pozwalaj\u0105 nam na serwisowanie oraz sprzeda\u017c niemal wszystkich\u00a0urz\u0105dze\u0144 biurowych.\u00a0Sprz\u0119t poleasingowy dzi\u0119ki kt\u00f3rym bez anga\u017cowania wi\u0119kszych \u015brodk\u00f3w finansowych na nowe urz\u0105dzenie poprawi jako\u015b\u0107 pracy Klienta.\u00a0Sprz\u0119t obj\u0119ty jest pe\u0142n\u0105 gwarancj\u0105.<\/p>\n<p style=\"text-align: justify;\">Dzier\u017cawa to us\u0142uga dzi\u0119ki kt\u00f3rej Klient nie ponosi wysokich nak\u0142ad\u00f3w inwestycyjnych. Oferujemy j\u0105 na bardzo korzystnych warunkach. Koszt dzier\u017cawy uzale\u017cniony jest od ilo\u015bci\u00a0wykonywanych miesi\u0119cznie wydruk\u00f3w oraz warto\u015bci urz\u0105dzenia.<br \/>\nOp\u0142ata miesi\u0119czna stanowi sum\u0119 op\u0142aty czynszowej oraz op\u0142aty na wykonane kopie. Nie ponosz\u0105 Pa\u0144stwo \u017cadnych dodatkowych koszt\u00f3w (za wyj\u0105tkiem papieru). Sprz\u0119t obj\u0119ty jest gwarancj\u0105.\u00a0Zajmujemy si\u0119 pe\u0142nym serwisem w siedzibie Klienta lub w siedzibie naszej firmy.\u00a0Jest mo\u017cliwo\u015b\u0107 przed\u0142u\u017cenia okresu dzier\u017cawy w dogodnym dla siebie czasie.<\/p>\n<p style=\"text-align: justify;\">Urz\u0105dzenia biurowe na pro\u015bb\u0119 Klienta dowozimy do miejsca przeznaczenia, uruchamiamy, konfigurujemy oraz szkolimy pracownik\u00f3w z obs\u0142ugi.<\/p>\n<p style=\"text-align: justify;\">Prowadzimy serwis gwarancyjny i pogwarancyjny. Terminy s\u0105 podstaw\u0105 naszych wszystkich dzia\u0142a\u0144.<\/p>\n<p style=\"text-align: center;\"><strong>Zdobyli\u015bmy zaufanie naszych Klient\u00f3w, kt\u00f3rzy s\u0105 z nami od wielu lat.<\/strong><br \/>\n<strong> Kluczem naszego sukcesu jest profesjonalizm, do\u015bwiadczenie i terminowo\u015b\u0107.<\/strong><br \/>\n<strong> Ka\u017cdego Klienta traktujemy indywidualnie.<\/strong><br \/>\n<strong> Zapraszamy do wsp\u00f3\u0142pracy.<\/strong><\/p>\n<\/address>\n","protected":false},"excerpt":{"rendered":"<p>XEROGRAF&#8211; Technika Biurowa Jeste\u015bmy na rynku od 1999 roku. Nasze wieloletnie do\u015bwiadczenie i praktyka oparta\u00a0jest na szerokiej wiedzy i umiej\u0119tno\u015bciach w dziedzinie urz\u0105dze\u0144 biurowych i materia\u0142\u00f3w eksploatacyjnych.\u00a0Posiadamy wysoce przeszkolony sta\u0142y zesp\u00f3\u0142, kt\u00f3ry \u015bwiadczy us\u0142ugi na najwy\u017cszym\u00a0poziomie zgodnie z potrzebami naszych &hellip; <a href=\"https:\/\/xerograf.pl\/?page_id=5\">Continued<\/a><\/p>\n","protected":false},"author":1,"featured_media":0,"parent":0,"menu_order":0,"comment_status":"closed","ping_status":"open","template":"page-fullwidth.php","meta":{"footnotes":""},"class_list":["post-5","page","type-page","status-publish","hentry"],"acf":[],"_links":{"self":[{"href":"https:\/\/xerograf.pl\/index.php?rest_route=\/wp\/v2\/pages\/5","targetHints":{"allow":["GET"]}}],"collection":[{"href":"https:\/\/xerograf.pl\/index.php?rest_route=\/wp\/v2\/pages"}],"about":[{"href":"https:\/\/xerograf.pl\/index.php?rest_route=\/wp\/v2\/types\/page"}],"author":[{"embeddable":true,"href":"https:\/\/xerograf.pl\/index.php?rest_route=\/wp\/v2\/users\/1"}],"replies":[{"embeddable":true,"href":"https:\/\/xerograf.pl\/index.php?rest_route=%2Fwp%2Fv2%2Fcomments&post=5"}],"version-history":[{"count":14,"href":"https:\/\/xerograf.pl\/index.php?rest_route=\/wp\/v2\/pages\/5\/revisions"}],"predecessor-version":[{"id":1119,"href":"https:\/\/xerograf.pl\/index.php?rest_route=\/wp\/v2\/pages\/5\/revisions\/1119"}],"wp:attachment":[{"href":"https:\/\/xerograf.pl\/index.php?rest_route=%2Fwp%2Fv2%2Fmedia&parent=5"}],"curies":[{"name":"wp","href":"https:\/\/api.w.org\/{rel}","templated":true}]}}