{"id":466,"date":"2015-03-19T16:43:17","date_gmt":"2015-03-19T16:43:17","guid":{"rendered":"https:\/\/xerograf.pl\/?page_id=466"},"modified":"2026-01-02T12:45:40","modified_gmt":"2026-01-02T12:45:40","slug":"serwis","status":"publish","type":"page","link":"https:\/\/xerograf.pl\/?page_id=466","title":{"rendered":"Serwis-zam\u00f3wienie"},"content":{"rendered":"<p>Zam\u00f3wienia, zg\u0142oszenia serwisowe urz\u0105dze\u0144 lub zapytania prosimy kierowa\u0107 na mail: <a href=\"mailto:biuro@xerograf.pl\">biuro@xerograf.pl<\/a> lub tel: +48 22 678-22-77, +48 501-064-856.<\/p>\n<p><img loading=\"lazy\" decoding=\"async\" class=\"wp-image-490 aligncenter\" src=\"http:\/\/xerograf.pl\/wp-content\/uploads\/2015\/03\/logo21.jpg\" alt=\"\" width=\"277\" height=\"42\" srcset=\"https:\/\/xerograf.pl\/wp-content\/uploads\/2015\/03\/logo21.jpg 1040w, https:\/\/xerograf.pl\/wp-content\/uploads\/2015\/03\/logo21-362x55.jpg 362w, https:\/\/xerograf.pl\/wp-content\/uploads\/2015\/03\/logo21-300x46.jpg 300w, https:\/\/xerograf.pl\/wp-content\/uploads\/2015\/03\/logo21-1024x156.jpg 1024w\" sizes=\"auto, (max-width: 277px) 100vw, 277px\" \/><\/p>\n<p>&nbsp;<\/p>\n","protected":false},"excerpt":{"rendered":"<p>Zam\u00f3wienia, zg\u0142oszenia serwisowe urz\u0105dze\u0144 lub zapytania prosimy kierowa\u0107 na mail: biuro@xerograf.pl lub tel: +48 22 678-22-77, +48 501-064-856. &nbsp;<\/p>\n","protected":false},"author":1,"featured_media":0,"parent":0,"menu_order":0,"comment_status":"open","ping_status":"open","template":"page-fullwidth.php","meta":{"footnotes":""},"class_list":["post-466","page","type-page","status-publish","hentry"],"acf":[],"_links":{"self":[{"href":"https:\/\/xerograf.pl\/index.php?rest_route=\/wp\/v2\/pages\/466","targetHints":{"allow":["GET"]}}],"collection":[{"href":"https:\/\/xerograf.pl\/index.php?rest_route=\/wp\/v2\/pages"}],"about":[{"href":"https:\/\/xerograf.pl\/index.php?rest_route=\/wp\/v2\/types\/page"}],"author":[{"embeddable":true,"href":"https:\/\/xerograf.pl\/index.php?rest_route=\/wp\/v2\/users\/1"}],"replies":[{"embeddable":true,"href":"https:\/\/xerograf.pl\/index.php?rest_route=%2Fwp%2Fv2%2Fcomments&post=466"}],"version-history":[{"count":10,"href":"https:\/\/xerograf.pl\/index.php?rest_route=\/wp\/v2\/pages\/466\/revisions"}],"predecessor-version":[{"id":1935,"href":"https:\/\/xerograf.pl\/index.php?rest_route=\/wp\/v2\/pages\/466\/revisions\/1935"}],"wp:attachment":[{"href":"https:\/\/xerograf.pl\/index.php?rest_route=%2Fwp%2Fv2%2Fmedia&parent=466"}],"curies":[{"name":"wp","href":"https:\/\/api.w.org\/{rel}","templated":true}]}}