{"id":118,"date":"2015-03-14T20:32:50","date_gmt":"2015-03-14T20:32:50","guid":{"rendered":"https:\/\/xerograf.pl\/?page_id=118"},"modified":"2023-05-15T18:15:58","modified_gmt":"2023-05-15T18:15:58","slug":"niszczarki-hsm","status":"publish","type":"page","link":"https:\/\/xerograf.pl\/?page_id=118","title":{"rendered":"Niszczarki HSM"},"content":{"rendered":"<p>Jeste\u015bmy autoryzowanym Przedstawicielem urz\u0105dze\u0144 HSM.<\/p>\n<p>Polecamy niszczarki biurowe HSM dla wszystkich, kt\u00f3rzy chc\u0105 pozby\u0107 si\u0119 w pewny spos\u00f3b zb\u0119dnych dokument\u00f3w papierowych lub innych no\u015bnik\u00f3w danych ( dyskietki, p\u0142yty CD).<\/p>\n<p>Niszczarki HSM oferuj\u0105 r\u00f3\u017cne ci\u0119cia (paski i \u015bcinki) w stopniach bezpiecze\u0144stwa od 2 do 6 i s\u0105 przeznaczone do u\u017cytku w domu i biurze jako urz\u0105dzenie przybiurkowe, a tak\u017ce jako niszczarki dla ca\u0142ych dzia\u0142\u00f3w du\u017cych instytucji.<\/p>\n<p><strong>KA\u017bDY KLIENT ZNAJDZIE IDEALNE DLA SIEBIE ROZWI\u0104ZANIE.<\/strong><\/p>\n<p>&nbsp;<\/p>\n<p>&nbsp;<\/p>\n<p>&nbsp;<\/p>\n<p>&nbsp;<\/p>\n<p>&nbsp;<\/p>\n<p>&nbsp;<\/p>\n<p><img loading=\"lazy\" decoding=\"async\" class=\"size-full wp-image-1487 aligncenter\" src=\"http:\/\/xerograf.pl\/wp-content\/uploads\/2021\/01\/strona-fotki.png\" alt=\"\" width=\"683\" height=\"932\" srcset=\"https:\/\/xerograf.pl\/wp-content\/uploads\/2021\/01\/strona-fotki.png 683w, https:\/\/xerograf.pl\/wp-content\/uploads\/2021\/01\/strona-fotki-362x494.png 362w, https:\/\/xerograf.pl\/wp-content\/uploads\/2021\/01\/strona-fotki-220x300.png 220w\" sizes=\"auto, (max-width: 683px) 100vw, 683px\" \/><\/p>\n<p>&nbsp;<\/p>\n<p><img loading=\"lazy\" decoding=\"async\" class=\"alignnone size-full wp-image-1850\" src=\"http:\/\/xerograf.pl\/wp-content\/uploads\/2023\/05\/HSM_01-scaled.jpg\" alt=\"\" width=\"1811\" height=\"2560\" srcset=\"https:\/\/xerograf.pl\/wp-content\/uploads\/2023\/05\/HSM_01-scaled.jpg 1811w, https:\/\/xerograf.pl\/wp-content\/uploads\/2023\/05\/HSM_01-212x300.jpg 212w, https:\/\/xerograf.pl\/wp-content\/uploads\/2023\/05\/HSM_01-724x1024.jpg 724w, https:\/\/xerograf.pl\/wp-content\/uploads\/2023\/05\/HSM_01-768x1086.jpg 768w, https:\/\/xerograf.pl\/wp-content\/uploads\/2023\/05\/HSM_01-1086x1536.jpg 1086w, https:\/\/xerograf.pl\/wp-content\/uploads\/2023\/05\/HSM_01-1448x2048.jpg 1448w, https:\/\/xerograf.pl\/wp-content\/uploads\/2023\/05\/HSM_01-362x512.jpg 362w\" sizes=\"auto, (max-width: 1811px) 100vw, 1811px\" \/><\/p>\n<p><img loading=\"lazy\" decoding=\"async\" class=\"alignnone size-full wp-image-1851\" src=\"http:\/\/xerograf.pl\/wp-content\/uploads\/2023\/05\/HSM_02-scaled.jpg\" alt=\"\" width=\"1811\" height=\"2560\" srcset=\"https:\/\/xerograf.pl\/wp-content\/uploads\/2023\/05\/HSM_02-scaled.jpg 1811w, https:\/\/xerograf.pl\/wp-content\/uploads\/2023\/05\/HSM_02-212x300.jpg 212w, https:\/\/xerograf.pl\/wp-content\/uploads\/2023\/05\/HSM_02-724x1024.jpg 724w, https:\/\/xerograf.pl\/wp-content\/uploads\/2023\/05\/HSM_02-768x1086.jpg 768w, https:\/\/xerograf.pl\/wp-content\/uploads\/2023\/05\/HSM_02-1086x1536.jpg 1086w, https:\/\/xerograf.pl\/wp-content\/uploads\/2023\/05\/HSM_02-1448x2048.jpg 1448w, https:\/\/xerograf.pl\/wp-content\/uploads\/2023\/05\/HSM_02-362x512.jpg 362w\" sizes=\"auto, (max-width: 1811px) 100vw, 1811px\" \/><\/p>\n<p>&nbsp;<\/p>\n<p>&nbsp;<\/p>\n<p><img loading=\"lazy\" decoding=\"async\" class=\"size-full wp-image-1486 aligncenter\" src=\"http:\/\/xerograf.pl\/wp-content\/uploads\/2021\/01\/11HSM-Broszura-informacyjna-RODO-1-724x1024-1.jpg\" alt=\"\" width=\"724\" height=\"1024\" srcset=\"https:\/\/xerograf.pl\/wp-content\/uploads\/2021\/01\/11HSM-Broszura-informacyjna-RODO-1-724x1024-1.jpg 724w, https:\/\/xerograf.pl\/wp-content\/uploads\/2021\/01\/11HSM-Broszura-informacyjna-RODO-1-724x1024-1-362x512.jpg 362w, https:\/\/xerograf.pl\/wp-content\/uploads\/2021\/01\/11HSM-Broszura-informacyjna-RODO-1-724x1024-1-212x300.jpg 212w\" sizes=\"auto, (max-width: 724px) 100vw, 724px\" \/><img loading=\"lazy\" decoding=\"async\" class=\"alignnone size-full wp-image-1483\" src=\"http:\/\/xerograf.pl\/wp-content\/uploads\/2021\/01\/5HSM-Cennik-produktow-Technika-Biurowa-2021.jpg\" alt=\"\" width=\"1159\" height=\"1639\" srcset=\"https:\/\/xerograf.pl\/wp-content\/uploads\/2021\/01\/5HSM-Cennik-produktow-Technika-Biurowa-2021.jpg 1159w, https:\/\/xerograf.pl\/wp-content\/uploads\/2021\/01\/5HSM-Cennik-produktow-Technika-Biurowa-2021-362x512.jpg 362w, https:\/\/xerograf.pl\/wp-content\/uploads\/2021\/01\/5HSM-Cennik-produktow-Technika-Biurowa-2021-212x300.jpg 212w, https:\/\/xerograf.pl\/wp-content\/uploads\/2021\/01\/5HSM-Cennik-produktow-Technika-Biurowa-2021-724x1024.jpg 724w, https:\/\/xerograf.pl\/wp-content\/uploads\/2021\/01\/5HSM-Cennik-produktow-Technika-Biurowa-2021-768x1086.jpg 768w, https:\/\/xerograf.pl\/wp-content\/uploads\/2021\/01\/5HSM-Cennik-produktow-Technika-Biurowa-2021-1086x1536.jpg 1086w\" sizes=\"auto, (max-width: 1159px) 100vw, 1159px\" \/><\/p>\n","protected":false},"excerpt":{"rendered":"<p>Jeste\u015bmy autoryzowanym Przedstawicielem urz\u0105dze\u0144 HSM. Polecamy niszczarki biurowe HSM dla wszystkich, kt\u00f3rzy chc\u0105 pozby\u0107 si\u0119 w pewny spos\u00f3b zb\u0119dnych dokument\u00f3w papierowych lub innych no\u015bnik\u00f3w danych ( dyskietki, p\u0142yty CD). Niszczarki HSM oferuj\u0105 r\u00f3\u017cne ci\u0119cia (paski i \u015bcinki) w stopniach bezpiecze\u0144stwa &hellip; <a href=\"https:\/\/xerograf.pl\/?page_id=118\">Continued<\/a><\/p>\n","protected":false},"author":1,"featured_media":0,"parent":0,"menu_order":0,"comment_status":"closed","ping_status":"open","template":"page-fullwidth.php","meta":{"footnotes":""},"class_list":["post-118","page","type-page","status-publish","hentry"],"acf":[],"_links":{"self":[{"href":"https:\/\/xerograf.pl\/index.php?rest_route=\/wp\/v2\/pages\/118","targetHints":{"allow":["GET"]}}],"collection":[{"href":"https:\/\/xerograf.pl\/index.php?rest_route=\/wp\/v2\/pages"}],"about":[{"href":"https:\/\/xerograf.pl\/index.php?rest_route=\/wp\/v2\/types\/page"}],"author":[{"embeddable":true,"href":"https:\/\/xerograf.pl\/index.php?rest_route=\/wp\/v2\/users\/1"}],"replies":[{"embeddable":true,"href":"https:\/\/xerograf.pl\/index.php?rest_route=%2Fwp%2Fv2%2Fcomments&post=118"}],"version-history":[{"count":11,"href":"https:\/\/xerograf.pl\/index.php?rest_route=\/wp\/v2\/pages\/118\/revisions"}],"predecessor-version":[{"id":1852,"href":"https:\/\/xerograf.pl\/index.php?rest_route=\/wp\/v2\/pages\/118\/revisions\/1852"}],"wp:attachment":[{"href":"https:\/\/xerograf.pl\/index.php?rest_route=%2Fwp%2Fv2%2Fmedia&parent=118"}],"curies":[{"name":"wp","href":"https:\/\/api.w.org\/{rel}","templated":true}]}}